{"id":193,"date":"2023-09-28T21:24:57","date_gmt":"2023-09-28T19:24:57","guid":{"rendered":"https:\/\/nica.network\/?page_id=193"},"modified":"2025-01-24T19:15:26","modified_gmt":"2025-01-24T18:15:26","slug":"%d0%ba%d0%be%d0%bc%d0%b0%d0%bd%d0%b4%d0%b0-2","status":"publish","type":"page","link":"https:\/\/nica.network\/ru\/das-team\/","title":{"rendered":"\u041a\u043e\u043c\u0430\u043d\u0434\u0430"},"content":{"rendered":"<div class=\"wp-block-columns has-transparent-white-background-color has-background is-layout-flex wp-container-core-columns-is-layout-85958d59 wp-block-columns-is-layout-flex\" style=\"padding-top:var(--wp--preset--spacing--40);padding-right:var(--wp--preset--spacing--40);padding-bottom:var(--wp--preset--spacing--40);padding-left:var(--wp--preset--spacing--40)\">\n<div class=\"wp-block-column is-layout-flow wp-block-column-is-layout-flow\">\n<figure class=\"wp-block-image size-large is-style-circle\"><img loading=\"lazy\" decoding=\"async\" width=\"1024\" height=\"993\" src=\"https:\/\/nica.network\/wp-content\/uploads\/2023\/09\/Nica-Team-round-tiny-1024x993.png\" alt=\"\" class=\"wp-image-195\" srcset=\"https:\/\/nica.network\/wp-content\/uploads\/2023\/09\/Nica-Team-round-tiny-1024x993.png 1024w, https:\/\/nica.network\/wp-content\/uploads\/2023\/09\/Nica-Team-round-tiny-300x291.png 300w, https:\/\/nica.network\/wp-content\/uploads\/2023\/09\/Nica-Team-round-tiny-768x744.png 768w, https:\/\/nica.network\/wp-content\/uploads\/2023\/09\/Nica-Team-round-tiny-12x12.png 12w, https:\/\/nica.network\/wp-content\/uploads\/2023\/09\/Nica-Team-round-tiny.png 1400w\" sizes=\"auto, (max-width: 1024px) 100vw, 1024px\" \/><\/figure>\n<\/div>\n\n\n\n<div class=\"wp-block-column is-vertically-aligned-center is-layout-flow wp-block-column-is-layout-flow\">\n<h1 class=\"wp-block-heading is-style-default\">\u041d\u0430\u0448\u0430 \u043a\u043e\u043c\u0430\u043d\u0434\u0430<\/h1>\n\n\n\n<p>\u041a\u043e\u043c\u0430\u043d\u0434\u0430 NICA e.V. \u0441\u043e\u0441\u0442\u043e\u0438\u0442 \u0438\u0437 \u0433\u0440\u0443\u043f\u043f\u044b \u043f\u0440\u0435\u0434\u0430\u043d\u043d\u044b\u0445 \u0441\u0432\u043e\u0435\u043c\u0443 \u0434\u0435\u043b\u0443 \u0438 \u043a\u0432\u0430\u043b\u0438\u0444\u0438\u0446\u0438\u0440\u043e\u0432\u0430\u043d\u043d\u044b\u0445 \u043f\u0440\u043e\u0444\u0435\u0441\u0441\u0438\u043e\u043d\u0430\u043b\u043e\u0432, \u043a\u043e\u0442\u043e\u0440\u044b\u0435 \u043f\u0440\u0438\u0432\u043d\u043e\u0441\u044f\u0442 \u0441\u0432\u043e\u0438 \u0443\u043d\u0438\u043a\u0430\u043b\u044c\u043d\u044b\u0435 \u043d\u0430\u0432\u044b\u043a\u0438 \u0438 \u0441\u0442\u0440\u0430\u0441\u0442\u044c \u0432 \u043f\u0440\u043e\u0434\u0432\u0438\u0436\u0435\u043d\u0438\u0435 \u0438 \u0440\u0430\u0441\u043f\u0440\u043e\u0441\u0442\u0440\u0430\u043d\u0435\u043d\u0438\u0435 \u0446\u0438\u0440\u043a\u043e\u0432\u043e\u0433\u043e \u0438\u0441\u043a\u0443\u0441\u0441\u0442\u0432\u0430. \u041e\u0431\u043b\u0430\u0434\u0430\u044f \u0440\u0430\u0437\u043d\u043e\u043e\u0431\u0440\u0430\u0437\u043d\u044b\u043c \u043e\u0431\u0440\u0430\u0437\u043e\u0432\u0430\u0442\u0435\u043b\u044c\u043d\u044b\u043c, \u0445\u0443\u0434\u043e\u0436\u0435\u0441\u0442\u0432\u0435\u043d\u043d\u044b\u043c \u0438 \u043d\u0430\u0443\u0447\u043d\u044b\u043c \u043e\u043f\u044b\u0442\u043e\u043c, \u043d\u0430\u0448\u0430 \u043a\u043e\u043c\u0430\u043d\u0434\u0430 \u043f\u0440\u0435\u0434\u043b\u0430\u0433\u0430\u0435\u0442 \u043a\u043e\u043c\u043f\u043b\u0435\u043a\u0441\u043d\u043e\u0435 \u0438 \u043c\u0435\u0436\u0434\u0438\u0441\u0446\u0438\u043f\u043b\u0438\u043d\u0430\u0440\u043d\u043e\u0435 \u043e\u0431\u0443\u0447\u0435\u043d\u0438\u0435. \u041a\u0430\u0436\u0434\u044b\u0439 \u0447\u043b\u0435\u043d \u043a\u043e\u043c\u0430\u043d\u0434\u044b \u043f\u0440\u0438\u0432\u043d\u043e\u0441\u0438\u0442 \u0441\u0432\u043e\u0438 \u0438\u043d\u0434\u0438\u0432\u0438\u0434\u0443\u0430\u043b\u044c\u043d\u044b\u0435 \u043d\u0430\u0432\u044b\u043a\u0438 \u0438 \u043e\u043f\u044b\u0442, \u043e\u0431\u044a\u0435\u0434\u0438\u043d\u0435\u043d\u043d\u044b\u0435 \u043e\u0431\u0449\u0435\u0439 \u0441\u0442\u0440\u0430\u0441\u0442\u044c\u044e \u043a \u0446\u0438\u0440\u043a\u043e\u0432\u043e\u043c\u0443 \u0438\u0441\u043a\u0443\u0441\u0441\u0442\u0432\u0443 \u0438 \u043f\u0440\u0438\u0432\u0435\u0440\u0436\u0435\u043d\u043d\u043e\u0441\u0442\u044c\u044e NICA e.V. \u041a\u0430\u043a \u043e\u0441\u043d\u043e\u0432\u0430\u0442\u0435\u043b\u0438 \u0438 \u0447\u043b\u0435\u043d\u044b \u0441\u043e\u0432\u0435\u0442\u0430 \u0434\u0438\u0440\u0435\u043a\u0442\u043e\u0440\u043e\u0432, \u043c\u044b \u0441\u0442\u0440\u0430\u0441\u0442\u043d\u043e \u0436\u0435\u043b\u0430\u0435\u043c \u0440\u0430\u0441\u043f\u0440\u043e\u0441\u0442\u0440\u0430\u043d\u044f\u0442\u044c \u0438 \u0443\u043a\u0440\u0435\u043f\u043b\u044f\u0442\u044c \u0446\u0438\u0440\u043a\u043e\u0432\u043e\u0435 \u0438\u0441\u043a\u0443\u0441\u0441\u0442\u0432\u043e \u0432\u043e \u0432\u0441\u0435\u0445 \u0435\u0433\u043e \u0444\u043e\u0440\u043c\u0430\u0445.<\/p>\n<\/div>\n<\/div>\n\n\n\n<div class=\"wp-block-group is-layout-grid wp-container-core-group-is-layout-510ef126 wp-block-group-is-layout-grid\">\n<div class=\"wp-block-group has-transparent-white-background-color has-background is-layout-flow wp-block-group-is-layout-flow\" style=\"padding-top:var(--wp--preset--spacing--40);padding-right:var(--wp--preset--spacing--40);padding-bottom:var(--wp--preset--spacing--40);padding-left:var(--wp--preset--spacing--40)\">\n<figure class=\"wp-block-image aligncenter size-medium is-style-circle\"><img loading=\"lazy\" decoding=\"async\" width=\"300\" height=\"300\" src=\"https:\/\/nica.network\/wp-content\/uploads\/2023\/10\/Charleen-Hoffmann-300x300.png\" alt=\"\" class=\"wp-image-323\" srcset=\"https:\/\/nica.network\/wp-content\/uploads\/2023\/10\/Charleen-Hoffmann-300x300.png 300w, https:\/\/nica.network\/wp-content\/uploads\/2023\/10\/Charleen-Hoffmann-150x150.png 150w, https:\/\/nica.network\/wp-content\/uploads\/2023\/10\/Charleen-Hoffmann-500x500.png 500w, https:\/\/nica.network\/wp-content\/uploads\/2023\/10\/Charleen-Hoffmann-12x12.png 12w, https:\/\/nica.network\/wp-content\/uploads\/2023\/10\/Charleen-Hoffmann.png 752w\" sizes=\"auto, (max-width: 300px) 100vw, 300px\" \/><\/figure>\n\n\n\n<h3 class=\"wp-block-heading\">\u0428\u0430\u0440\u043b\u0438\u043d \u0425\u043e\u0444\u0444\u043c\u0430\u043d\u043d<\/h3>\n\n\n\n<p>\u0428\u0430\u0440\u043b\u0438\u043d \u0425\u043e\u0444\u0444\u043c\u0430\u043d\u043d \u0441\u043e\u0447\u0435\u0442\u0430\u0435\u0442 \u0441\u0432\u043e\u044e \u0441\u0442\u0440\u0430\u0441\u0442\u044c \u043a \u0446\u0438\u0440\u043a\u043e\u0432\u043e\u043c\u0443 \u0438\u0441\u043a\u0443\u0441\u0441\u0442\u0432\u0443 \u0441 \u0441\u043e\u043b\u0438\u0434\u043d\u044b\u043c \u043d\u0430\u0443\u0447\u043d\u044b\u043c \u043e\u0431\u0440\u0430\u0437\u043e\u0432\u0430\u043d\u0438\u0435\u043c. \u041e\u043d\u0430 \u043f\u0440\u043e\u0448\u043b\u0430 \u043e\u0431\u0443\u0447\u0435\u043d\u0438\u0435 \u043d\u0430 \u0446\u0438\u0440\u043a\u043e\u0432\u043e\u0433\u043e \u0442\u0440\u0435\u043d\u0435\u0440\u0430 \u0432 Villa J\u00fchling \u0432 2022 \u0433., \u0430 \u0442\u0430\u043a\u0436\u0435 \u044f\u0432\u043b\u044f\u0435\u0442\u0441\u044f \u0444\u0430\u0441\u0438\u043b\u0438\u0442\u0430\u0442\u043e\u0440\u043e\u043c \u043f\u043e \u0444\u0443\u043d\u043a\u0446\u0438\u043e\u043d\u0430\u043b\u044c\u043d\u043e\u043c\u0443 \u0436\u043e\u043d\u0433\u043b\u0438\u0440\u043e\u0432\u0430\u043d\u0438\u044e \u0441 2022 \u0433. \u0414\u043e \u043d\u0430\u0447\u0430\u043b\u0430 \u0441\u0432\u043e\u0435\u0439 \u043a\u0430\u0440\u044c\u0435\u0440\u044b \u0446\u0438\u0440\u043a\u043e\u0432\u043e\u0433\u043e \u043f\u0435\u0434\u0430\u0433\u043e\u0433\u0430 \u043e\u043d\u0430 \u043f\u043e\u043b\u0443\u0447\u0438\u043b\u0430 \u0441\u0442\u0435\u043f\u0435\u043d\u044c \u0431\u0430\u043a\u0430\u043b\u0430\u0432\u0440\u0430 \u0432 \u043e\u0431\u043b\u0430\u0441\u0442\u0438 \u043f\u0435\u0434\u0430\u0433\u043e\u0433\u0438\u043a\u0438 \u0432 Martin Luther University Halle \u0432 2019 \u0433. \u041e\u043d\u0430 \u0438\u0441\u043f\u043e\u043b\u044c\u0437\u0443\u0435\u0442 \u0441\u0432\u043e\u0438 \u0437\u043d\u0430\u043d\u0438\u044f \u0438 \u043d\u0430\u0432\u044b\u043a\u0438 \u0432 \u043a\u0430\u0447\u0435\u0441\u0442\u0432\u0435 \u0447\u043b\u0435\u043d\u0430 \u043f\u0440\u0430\u0432\u043b\u0435\u043d\u0438\u044f \u0438 \u0447\u043b\u0435\u043d\u0430-\u043e\u0441\u043d\u043e\u0432\u0430\u0442\u0435\u043b\u044f NICA e.V.<\/p>\n<\/div>\n\n\n\n<div class=\"wp-block-group has-transparent-white-background-color has-background is-layout-flow wp-block-group-is-layout-flow\" style=\"padding-top:var(--wp--preset--spacing--40);padding-right:var(--wp--preset--spacing--40);padding-bottom:var(--wp--preset--spacing--40);padding-left:var(--wp--preset--spacing--40)\">\n<figure class=\"wp-block-image aligncenter size-medium is-style-circle\"><img loading=\"lazy\" decoding=\"async\" width=\"300\" height=\"300\" src=\"https:\/\/nica.network\/wp-content\/uploads\/2023\/10\/Peter-Huhndorf-300x300.png\" alt=\"\" class=\"wp-image-324\" srcset=\"https:\/\/nica.network\/wp-content\/uploads\/2023\/10\/Peter-Huhndorf-300x300.png 300w, https:\/\/nica.network\/wp-content\/uploads\/2023\/10\/Peter-Huhndorf-150x150.png 150w, https:\/\/nica.network\/wp-content\/uploads\/2023\/10\/Peter-Huhndorf-500x500.png 500w, https:\/\/nica.network\/wp-content\/uploads\/2023\/10\/Peter-Huhndorf-12x12.png 12w, https:\/\/nica.network\/wp-content\/uploads\/2023\/10\/Peter-Huhndorf.png 752w\" sizes=\"auto, (max-width: 300px) 100vw, 300px\" \/><\/figure>\n\n\n\n<h3 class=\"wp-block-heading\">\u041f\u0435\u0442\u0435\u0440 \u0425\u0443\u043d\u0434\u043e\u0440\u0444<\/h3>\n\n\n\n<p>\u041f\u0435\u0442\u0435\u0440 \u0425\u0443\u043d\u0434\u043e\u0440\u0444 \u0438\u043c\u0435\u0435\u0442 \u0440\u0430\u0437\u043d\u043e\u043e\u0431\u0440\u0430\u0437\u043d\u044b\u0439 \u043e\u043f\u044b\u0442, \u0432\u043a\u043b\u044e\u0447\u0430\u044e\u0449\u0438\u0439 \u0432 \u0441\u0435\u0431\u044f \u043a\u0430\u043a \u0446\u0438\u0440\u043a\u043e\u0432\u0443\u044e \u043f\u0435\u0434\u0430\u0433\u043e\u0433\u0438\u043a\u0443, \u0442\u0430\u043a \u0438 \u043e\u0431\u0443\u0447\u0435\u043d\u0438\u0435 \u0434\u0438\u0435\u0442\u043e\u043b\u043e\u0433\u0438\u0438. \u041e\u043d \u044f\u0432\u043b\u044f\u0435\u0442\u0441\u044f \u0444\u0430\u0441\u0438\u043b\u0438\u0442\u0430\u0442\u043e\u0440\u043e\u043c \u0444\u0443\u043d\u043a\u0446\u0438\u043e\u043d\u0430\u043b\u044c\u043d\u043e\u0433\u043e \u0436\u043e\u043d\u0433\u043b\u0438\u0440\u043e\u0432\u0430\u043d\u0438\u044f \u0441 2022 \u0433\u043e\u0434\u0430. \u041a\u0440\u043e\u043c\u0435 \u0442\u043e\u0433\u043e, \u041f\u0435\u0442\u0435\u0440 \u043f\u043e\u043b\u0443\u0447\u0438\u043b \u0441\u0442\u0435\u043f\u0435\u043d\u044c \u0431\u0430\u043a\u0430\u043b\u0430\u0432\u0440\u0430 \u0432 \u043e\u0431\u043b\u0430\u0441\u0442\u0438 \u0434\u0438\u0435\u0442\u043e\u043b\u043e\u0433\u0438\u0438 \u0432 \u0423\u043d\u0438\u0432\u0435\u0440\u0441\u0438\u0442\u0435\u0442\u0435 \u041c\u0430\u0440\u0442\u0438\u043d\u0430 \u041b\u044e\u0442\u0435\u0440\u0430 \u0432 \u0413\u0430\u043b\u043b\u0435 \u0432 2020 \u0433. \u041a\u0430\u043a \u043e\u0441\u043d\u043e\u0432\u0430\u0442\u0435\u043b\u044c \u0438 \u0447\u043b\u0435\u043d \u043f\u0440\u0430\u0432\u043b\u0435\u043d\u0438\u044f NICA e.V., \u043e\u043d \u043f\u0440\u0438\u0432\u043d\u043e\u0441\u0438\u0442 \u0432 \u043e\u0440\u0433\u0430\u043d\u0438\u0437\u0430\u0446\u0438\u044e \u0441\u0432\u043e\u0439 \u043e\u043f\u044b\u0442 \u0438 \u0441\u0442\u0440\u0430\u0441\u0442\u044c \u043a \u0446\u0438\u0440\u043a\u0443 \u0438 \u0437\u0434\u043e\u0440\u043e\u0432\u044c\u044e.<\/p>\n<\/div>\n\n\n\n<div class=\"wp-block-group has-transparent-white-background-color has-background is-layout-flow wp-block-group-is-layout-flow\" style=\"padding-top:var(--wp--preset--spacing--40);padding-right:var(--wp--preset--spacing--40);padding-bottom:var(--wp--preset--spacing--40);padding-left:var(--wp--preset--spacing--40)\">\n<figure class=\"wp-block-image aligncenter size-medium is-style-circle\"><img loading=\"lazy\" decoding=\"async\" width=\"300\" height=\"300\" src=\"https:\/\/nica.network\/wp-content\/uploads\/2023\/10\/Lilith-Dekow-300x300.png\" alt=\"\" class=\"wp-image-322\" srcset=\"https:\/\/nica.network\/wp-content\/uploads\/2023\/10\/Lilith-Dekow-300x300.png 300w, https:\/\/nica.network\/wp-content\/uploads\/2023\/10\/Lilith-Dekow-150x150.png 150w, https:\/\/nica.network\/wp-content\/uploads\/2023\/10\/Lilith-Dekow-500x500.png 500w, https:\/\/nica.network\/wp-content\/uploads\/2023\/10\/Lilith-Dekow-12x12.png 12w, https:\/\/nica.network\/wp-content\/uploads\/2023\/10\/Lilith-Dekow.png 756w\" sizes=\"auto, (max-width: 300px) 100vw, 300px\" \/><\/figure>\n\n\n\n<h3 class=\"wp-block-heading\">\u041b\u0438\u043b\u0438\u0442 \u0414\u0435\u043a\u043e\u0432<\/h3>\n\n\n\n<p>\u041b\u0438\u043b\u0438\u0442 \u0414\u0435\u043a\u043e\u0443 \u043f\u0440\u0438\u0432\u043d\u043e\u0441\u0438\u0442 \u0432 \u043a\u043e\u043c\u0430\u043d\u0434\u0443 \u0441\u043e\u0447\u0435\u0442\u0430\u043d\u0438\u0435 \u043e\u043f\u044b\u0442\u0430 \u0432 \u043e\u0431\u043b\u0430\u0441\u0442\u0438 \u043a\u0443\u043b\u044c\u0442\u0443\u0440\u044b, \u043c\u0435\u0434\u0438\u0430 \u0438 \u0446\u0438\u0440\u043a\u043e\u0432\u043e\u0433\u043e \u043e\u0431\u0440\u0430\u0437\u043e\u0432\u0430\u043d\u0438\u044f. \u041f\u043e\u0441\u043b\u0435 \u043e\u0431\u0443\u0447\u0435\u043d\u0438\u044f \u0441\u043e\u0446\u0438\u0430\u043b\u044c\u043d\u043e\u043c\u0443 \u0446\u0438\u0440\u043a\u0443 \u0432 2021 \u0433\u043e\u0434\u0443 \u0432 Cabuwazi \u043e\u043d\u0430 \u0432 \u043d\u0430\u0441\u0442\u043e\u044f\u0449\u0435\u0435 \u0432\u0440\u0435\u043c\u044f \u0438\u0437\u0443\u0447\u0430\u0435\u0442 \u043a\u0443\u043b\u044c\u0442\u0443\u0440\u0443 \u0438 \u043c\u0435\u0434\u0438\u0430\u043e\u0431\u0440\u0430\u0437\u043e\u0432\u0430\u043d\u0438\u0435 \u0432 \u0423\u043d\u0438\u0432\u0435\u0440\u0441\u0438\u0442\u0435\u0442\u0435 \u043f\u0440\u0438\u043a\u043b\u0430\u0434\u043d\u044b\u0445 \u043d\u0430\u0443\u043a \u041c\u0435\u0440\u0437\u0435\u0431\u0443\u0440\u0433\u0430 \u0432 \u0442\u0435\u0447\u0435\u043d\u0438\u0435 6-\u0433\u043e \u0441\u0435\u043c\u0435\u0441\u0442\u0440\u0430. \u0412 2022 \u0433\u043e\u0434\u0443 \u043e\u043d\u0430 \u0442\u0430\u043a\u0436\u0435 \u043f\u0440\u043e\u0448\u043b\u0430 \u043e\u0431\u0443\u0447\u0435\u043d\u0438\u0435 \u043f\u043e \u043f\u0440\u043e\u0433\u0440\u0430\u043c\u043c\u0435 \"\u0424\u0443\u043d\u043a\u0446\u0438\u043e\u043d\u0430\u043b\u044c\u043d\u044b\u0439 \u0444\u0430\u0441\u0438\u043b\u0438\u0442\u0430\u0442\u043e\u0440 \u0436\u043e\u043d\u0433\u043b\u0438\u0440\u043e\u0432\u0430\u043d\u0438\u044f\". \u041f\u043e\u043c\u0438\u043c\u043e \u043f\u0440\u0435\u043f\u043e\u0434\u0430\u0432\u0430\u0442\u0435\u043b\u044c\u0441\u043a\u0438\u0445 \u043d\u0430\u0432\u044b\u043a\u043e\u0432, \u041b\u0438\u043b\u0438\u0442 \u0442\u0430\u043a\u0436\u0435 \u044f\u0432\u043b\u044f\u0435\u0442\u0441\u044f \u0442\u0430\u043b\u0430\u043d\u0442\u043b\u0438\u0432\u043e\u0439 \u0432\u043e\u0437\u0434\u0443\u0448\u043d\u043e\u0439 \u0445\u0443\u0434\u043e\u0436\u043d\u0438\u0446\u0435\u0439. \u041e\u043d\u0430 \u044f\u0432\u043b\u044f\u0435\u0442\u0441\u044f \u0433\u043e\u0440\u0434\u044b\u043c \u0447\u043b\u0435\u043d\u043e\u043c-\u043e\u0441\u043d\u043e\u0432\u0430\u0442\u0435\u043b\u0435\u043c NICA e.V.<\/p>\n<\/div>\n\n\n\n<div class=\"wp-block-group has-transparent-white-background-color has-background is-layout-flow wp-block-group-is-layout-flow\" style=\"padding-top:var(--wp--preset--spacing--40);padding-right:var(--wp--preset--spacing--40);padding-bottom:var(--wp--preset--spacing--40);padding-left:var(--wp--preset--spacing--40)\">\n<figure class=\"wp-block-image aligncenter size-medium is-style-circle\"><img loading=\"lazy\" decoding=\"async\" width=\"298\" height=\"300\" src=\"https:\/\/nica.network\/wp-content\/uploads\/2023\/10\/Marc-Bielert-298x300.png\" alt=\"\" class=\"wp-image-325\" srcset=\"https:\/\/nica.network\/wp-content\/uploads\/2023\/10\/Marc-Bielert-298x300.png 298w, https:\/\/nica.network\/wp-content\/uploads\/2023\/10\/Marc-Bielert-150x150.png 150w, https:\/\/nica.network\/wp-content\/uploads\/2023\/10\/Marc-Bielert-12x12.png 12w, https:\/\/nica.network\/wp-content\/uploads\/2023\/10\/Marc-Bielert.png 756w\" sizes=\"auto, (max-width: 298px) 100vw, 298px\" \/><\/figure>\n\n\n\n<h3 class=\"wp-block-heading\">\u041c\u0430\u0440\u043a \u0411\u0438\u043b\u0435\u0440\u0442<\/h3>\n\n\n\n<p>\u041c\u0430\u0440\u043a \u0411\u0438\u043b\u0435\u0440\u0442 - \u043e\u043f\u044b\u0442\u043d\u044b\u0439 \u0446\u0438\u0440\u043a\u043e\u0432\u043e\u0439 \u0434\u0440\u0435\u0441\u0441\u0438\u0440\u043e\u0432\u0449\u0438\u043a \u0438 \u0430\u0440\u0442\u0438\u0441\u0442, \u0441\u043f\u0435\u0446\u0438\u0430\u043b\u0438\u0437\u0438\u0440\u0443\u044e\u0449\u0438\u0439\u0441\u044f \u043d\u0430 \u0436\u043e\u043d\u0433\u043b\u0438\u0440\u043e\u0432\u0430\u043d\u0438\u0438. \u0412 2013 \u0433. \u043e\u043d \u043f\u0440\u043e\u0448\u0435\u043b \u043e\u0431\u0443\u0447\u0435\u043d\u0438\u0435 \u043f\u043e \u0441\u0442\u0430\u043d\u0434\u0430\u0440\u0442\u0443 BAGZP \u0432 ZZB Halle e.V. \u0412 2016 \u0433. \u041c\u0430\u0440\u043a \u043f\u043e\u043b\u0443\u0447\u0438\u043b \u0441\u0435\u0440\u0442\u0438\u0444\u0438\u043a\u0430\u0442 \"\u0421\u043e\u0446\u0438\u0430\u043b\u044c\u043d\u044b\u0439 \u0446\u0438\u0440\u043a\" \u0432 Cabuwazi, \u0430 \u0432 2018 \u0433. - \u0441\u0435\u0440\u0442\u0438\u0444\u0438\u043a\u0430\u0442 \"\u0424\u0443\u043d\u043a\u0446\u0438\u043e\u043d\u0430\u043b\u044c\u043d\u044b\u0439 \u0444\u0430\u0441\u0438\u043b\u0438\u0442\u0430\u0442\u043e\u0440 \u0436\u043e\u043d\u0433\u043b\u0438\u0440\u043e\u0432\u0430\u043d\u0438\u044f\". \u0412 2020 \u0433. \u043e\u043d \u043f\u0440\u043e\u0448\u0435\u043b \u043f\u043e\u0432\u044b\u0448\u0435\u043d\u0438\u0435 \u043a\u0432\u0430\u043b\u0438\u0444\u0438\u043a\u0430\u0446\u0438\u0438 \u0432 Zirkus Sonnenstich. \u041c\u0430\u0440\u043a - \u043d\u0435 \u0442\u043e\u043b\u044c\u043a\u043e \u0434\u0430\u0432\u043d\u0438\u0439 \u0438 \u0441\u0442\u0440\u0430\u0441\u0442\u043d\u044b\u0439 \u0436\u043e\u043d\u0433\u043b\u0435\u0440, \u043d\u043e \u0438 \u043f\u0440\u0435\u0434\u0441\u0442\u0430\u0432\u0438\u0442\u0435\u043b\u044c \u043a\u043e\u043b\u043b\u0435\u043a\u0442\u0438\u0432\u0430 QuatProp \u0438 \u0444\u0443\u043d\u043a\u0446\u0438\u043e\u043d\u0430\u043b\u044c\u043d\u043e\u0433\u043e \u0436\u043e\u043d\u0433\u043b\u0438\u0440\u043e\u0432\u0430\u043d\u0438\u044f \u0432 \u0413\u0435\u0440\u043c\u0430\u043d\u0438\u0438. \u042f\u0432\u043b\u044f\u044f\u0441\u044c \u043e\u0441\u043d\u043e\u0432\u0430\u0442\u0435\u043b\u0435\u043c \u0438 \u0447\u043b\u0435\u043d\u043e\u043c \u043f\u0440\u0430\u0432\u043b\u0435\u043d\u0438\u044f NICA e.V., \u043e\u043d \u0442\u0430\u043a\u0436\u0435 \u0437\u0430\u043d\u0438\u043c\u0430\u0435\u0442\u0441\u044f \u043f\u043e\u043f\u0443\u043b\u044f\u0440\u0438\u0437\u0430\u0446\u0438\u0435\u0439 \u0446\u0438\u0440\u043a\u043e\u0432\u043e\u0433\u043e \u0438\u0441\u043a\u0443\u0441\u0441\u0442\u0432\u0430.<\/p>\n<\/div>\n<\/div>","protected":false},"excerpt":{"rendered":"<p>Unser Team Das Team von NICA e.V. setzt sich aus einer Gruppe engagierter und qualifizierter Fachleute zusammen, die ihre einzigartigen F\u00e4higkeiten und Leidenschaften einbringen, um die Welt der Zirkuskunst zu f\u00f6rdern und zu verbreiten. Mit einer vielf\u00e4ltigen Mischung aus p\u00e4dagogischen, artistischen und wissenschaftlichen Hintergr\u00fcnden bietet unser Team ein umfangreiches und interdisziplin\u00e4res Training an. Jedes Mitglied [&hellip;]<\/p>\n","protected":false},"author":1,"featured_media":0,"parent":0,"menu_order":0,"comment_status":"closed","ping_status":"closed","template":"","meta":{"footnotes":""},"class_list":["post-193","page","type-page","status-publish","hentry"],"_links":{"self":[{"href":"https:\/\/nica.network\/ru\/wp-json\/wp\/v2\/pages\/193","targetHints":{"allow":["GET"]}}],"collection":[{"href":"https:\/\/nica.network\/ru\/wp-json\/wp\/v2\/pages"}],"about":[{"href":"https:\/\/nica.network\/ru\/wp-json\/wp\/v2\/types\/page"}],"author":[{"embeddable":true,"href":"https:\/\/nica.network\/ru\/wp-json\/wp\/v2\/users\/1"}],"replies":[{"embeddable":true,"href":"https:\/\/nica.network\/ru\/wp-json\/wp\/v2\/comments?post=193"}],"version-history":[{"count":27,"href":"https:\/\/nica.network\/ru\/wp-json\/wp\/v2\/pages\/193\/revisions"}],"predecessor-version":[{"id":656,"href":"https:\/\/nica.network\/ru\/wp-json\/wp\/v2\/pages\/193\/revisions\/656"}],"wp:attachment":[{"href":"https:\/\/nica.network\/ru\/wp-json\/wp\/v2\/media?parent=193"}],"curies":[{"name":"wp","href":"https:\/\/api.w.org\/{rel}","templated":true}]}}