{"id":92,"date":"2023-09-28T13:04:21","date_gmt":"2023-09-28T11:04:21","guid":{"rendered":"https:\/\/nica.network\/?page_id=92"},"modified":"2025-01-25T19:12:08","modified_gmt":"2025-01-25T18:12:08","slug":"boletim-informativo","status":"publish","type":"page","link":"https:\/\/nica.network\/pt\/newsletter-2\/","title":{"rendered":"Boletim informativo"},"content":{"rendered":"<div class=\"wp-block-group has-transparent-black-background-color has-background has-global-padding is-layout-constrained wp-block-group-is-layout-constrained\">\n<h1 class=\"wp-block-heading is-style-gradient\">Boletim informativo<\/h1>\n\n\n\n<p>Subscreva j\u00e1 a nossa newsletter e mantenha-se atualizado! A nossa newsletter cont\u00e9m informa\u00e7\u00f5es regulares sobre a nossa organiza\u00e7\u00e3o, projectos actuais, workshops interessantes e muito mais.<br>Como subscritor do nosso boletim informativo, receber\u00e1 de tr\u00eas em tr\u00eas meses um resumo dos \u00faltimos desenvolvimentos.<br>Registe-se agora e fa\u00e7a parte da nossa comunidade em crescimento!<\/p>\n\n\n\n<div class=\"wp-block-group is-style-shadow has-transparent-white-background-color has-background has-global-padding is-layout-constrained wp-block-group-is-layout-constrained\"><script>(function() {\n\twindow.mc4wp = window.mc4wp || {\n\t\tlisteners: [],\n\t\tforms: {\n\t\t\ton: function(evt, cb) {\n\t\t\t\twindow.mc4wp.listeners.push(\n\t\t\t\t\t{\n\t\t\t\t\t\tevent   : evt,\n\t\t\t\t\t\tcallback: cb\n\t\t\t\t\t}\n\t\t\t\t);\n\t\t\t}\n\t\t}\n\t}\n})();\n<\/script><!-- Mailchimp for WordPress v4.12.2 - https:\/\/wordpress.org\/plugins\/mailchimp-for-wp\/ --><form id=\"mc4wp-form-1\" class=\"mc4wp-form mc4wp-form-608\" method=\"post\" data-id=\"608\" data-name=\"Newsletter Signup\" action=\"\" ><div class=\"mc4wp-form-fields\"><p>\r\n\t<label for=\"email\">Endere\u00e7o de correio eletr\u00f3nico: \r\n\t\t<input class=\"wp-input\" type=\"email\" id=\"email\" name=\"EMAIL\" placeholder=\"O seu endere\u00e7o de correio eletr\u00f3nico\" required>\r\n<\/label>\r\n<\/p>\r\n<p>\r\n    <label>Nome pr\u00f3prio<\/label>\r\n    <input class=\"wp-input\" type=\"text\" name=\"FNAME\">\r\n<\/p>\r\n<p>\r\n    <label>Apelido<\/label>\r\n    <input class=\"wp-input\"  type=\"text\" name=\"LNAME\">\r\n<\/p>\r\n\r\n\r\n<p>\r\n\t<input class=\"wp-element-button\" type=\"submit\" value=\"Inscrever-se\">\r\n<\/p>\r\n<input type=\"hidden\" name=\"procaptcha\">\r\n<\/div><label style=\"display: none !important;\">Deixe este campo vazio se for humano: <input type=\"text\" name=\"_mc4wp_honeypot\" value=\"\" tabindex=\"-1\" autocomplete=\"off\" \/><\/label><input type=\"hidden\" name=\"_mc4wp_timestamp\" value=\"1776866090\" \/><input type=\"hidden\" name=\"_mc4wp_form_id\" value=\"608\" \/><input type=\"hidden\" name=\"_mc4wp_form_element_id\" value=\"mc4wp-form-1\" \/><div class=\"mc4wp-response\"><\/div><input type=\"hidden\" name=\"trp-form-language\" value=\"pt\"\/><\/form><!-- \/ Mailchimp for WordPress Plugin -->\n<\/div>\n<\/div>","protected":false},"excerpt":{"rendered":"<p>Boletim informativo Subscreva j\u00e1 o nosso boletim informativo e mantenha-se atualizado! O nosso boletim informativo cont\u00e9m informa\u00e7\u00f5es regulares sobre a nossa associa\u00e7\u00e3o, projectos actuais, workshops interessantes e muito mais. Como assinante do nosso boletim informativo, receber\u00e1 uma vis\u00e3o geral dos \u00faltimos desenvolvimentos de tr\u00eas em tr\u00eas meses.<\/p>","protected":false},"author":1,"featured_media":0,"parent":0,"menu_order":800,"comment_status":"closed","ping_status":"closed","template":"","meta":{"footnotes":""},"class_list":["post-92","page","type-page","status-publish","hentry"],"_links":{"self":[{"href":"https:\/\/nica.network\/pt\/wp-json\/wp\/v2\/pages\/92","targetHints":{"allow":["GET"]}}],"collection":[{"href":"https:\/\/nica.network\/pt\/wp-json\/wp\/v2\/pages"}],"about":[{"href":"https:\/\/nica.network\/pt\/wp-json\/wp\/v2\/types\/page"}],"author":[{"embeddable":true,"href":"https:\/\/nica.network\/pt\/wp-json\/wp\/v2\/users\/1"}],"replies":[{"embeddable":true,"href":"https:\/\/nica.network\/pt\/wp-json\/wp\/v2\/comments?post=92"}],"version-history":[{"count":47,"href":"https:\/\/nica.network\/pt\/wp-json\/wp\/v2\/pages\/92\/revisions"}],"predecessor-version":[{"id":685,"href":"https:\/\/nica.network\/pt\/wp-json\/wp\/v2\/pages\/92\/revisions\/685"}],"wp:attachment":[{"href":"https:\/\/nica.network\/pt\/wp-json\/wp\/v2\/media?parent=92"}],"curies":[{"name":"wp","href":"https:\/\/api.w.org\/{rel}","templated":true}]}}