{"id":687,"date":"2025-01-26T10:48:45","date_gmt":"2025-01-26T09:48:45","guid":{"rendered":"https:\/\/nica.network\/?page_id=687"},"modified":"2025-01-26T10:50:47","modified_gmt":"2025-01-26T09:50:47","slug":"campeonato-de-malabarismo","status":"publish","type":"page","link":"https:\/\/nica.network\/pt\/tohuwabohu\/jonglage-meisterschaft\/","title":{"rendered":"Campeonato de malabarismo t\u00e9cnico"},"content":{"rendered":"<div class=\"wp-block-group has-accent-1-background-color has-background has-global-padding is-layout-constrained wp-block-group-is-layout-constrained\">\n<p class=\"has-text-align-center\"><strong>N\u00f3s realizamos:<\/strong><\/p>\n\n\n\n<h1 class=\"wp-block-heading has-text-align-center is-style-gradient\">Campeonato de malabarismo t\u00e9cnico<\/h1>\n\n\n\n<hr class=\"wp-block-separator has-alpha-channel-opacity is-style-keule\"\/>\n\n\n\n<div class=\"wp-block-columns are-vertically-aligned-center is-layout-flex wp-container-core-columns-is-layout-28f84493 wp-block-columns-is-layout-flex\">\n<div class=\"wp-block-column is-vertically-aligned-center is-layout-flow wp-block-column-is-layout-flow\">\n<p>O Segundo Campeonato Alem\u00e3o de Malabarismo T\u00e9cnico ter\u00e1 lugar em 2024. Este ano, a conven\u00e7\u00e3o realizar-se-\u00e1 no domingo.<\/p>\n\n\n\n<p><strong>Por favor, preencha um novo formul\u00e1rio de inscri\u00e7\u00e3o para cada ferramenta (bolas, an\u00e9is, tacos) para participar nos concursos de rotina!<\/strong><\/p>\n\n\n\n<p><em>O C\u00f3digo de Pontos est\u00e1 a ser atualizado!<\/em><\/p>\n<\/div>\n\n\n\n<div class=\"wp-block-column is-vertically-aligned-center is-layout-flow wp-block-column-is-layout-flow\">\n<div class=\"wp-block-group is-style-framed has-global-padding is-layout-constrained wp-block-group-is-layout-constrained\">\n<p>Pedimos um <strong>Taxa de inscri\u00e7\u00e3o no valor de 2 euros<\/strong> por participante para a competi\u00e7\u00e3o de estilo livre e de rotina (independentemente do n\u00famero de adere\u00e7os inscritos). O pagamento da taxa de inscri\u00e7\u00e3o deve ser efectuado em dinheiro no local.<\/p>\n\n\n\n<p class=\"is-style-default\" style=\"font-size:clamp(0.875rem, 0.875rem + ((1vw - 0.2rem) * 0.196), 1rem);\"><em>Exemplo de c\u00e1lculo: In\u00edcio do participante<\/em><em>t em competi\u00e7\u00f5es de rotina<\/em><em>ele<\/em><em>b com dois adere\u00e7os diferentes = uma vez 2&nbsp;<\/em><em>\u20ac; o mesmo participante tamb\u00e9m participa na competi\u00e7\u00e3o de estilo livre = taxa de inscri\u00e7\u00e3o total de \u20ac 4.<\/em><\/p>\n<\/div>\n<\/div>\n<\/div>\n\n\n\n<p>\u200b<\/p>\n\n\n\n<p><em>\u200b<\/em><\/p>\n\n\n\n<p>\u200b<\/p>\n\n\n\n<hr class=\"wp-block-separator has-alpha-channel-opacity is-style-keule\"\/>\n\n\n\n<h2 class=\"wp-block-heading has-text-align-center\" style=\"margin-top:var(--wp--preset--spacing--50);margin-bottom:var(--wp--preset--spacing--50)\">Categorias de concursos<\/h2>\n\n\n\n<div class=\"wp-block-columns is-layout-flex wp-container-core-columns-is-layout-28f84493 wp-block-columns-is-layout-flex\">\n<div class=\"wp-block-column is-layout-flow wp-block-column-is-layout-flow\">\n<h3 class=\"wp-block-heading\"><strong>Estilo livre<\/strong><\/h3>\n\n\n\n<ul class=\"wp-block-list\">\n<li>Sem limita\u00e7\u00e3o de h\u00e9lice<\/li>\n\n\n\n<li>Os participantes competem 1 contra 1 em jogos<\/li>\n\n\n\n<li>Cada jogo \u00e9 composto por um m\u00e1ximo de 3 rondas (5 rondas finais)<\/li>\n\n\n\n<li>Em cada ronda, cada participante tem 3 tentativas para efetuar 1 truque<\/li>\n\n\n\n<li>Limita\u00e7\u00e3o: S\u00f3 \u00e9 permitido um n\u00famero limitado de adere\u00e7os por ronda:\n<ul class=\"wp-block-list\">\n<li>Adere\u00e7os 3-4 da 1\u00aa ronda,<\/li>\n\n\n\n<li>2\u00aa ronda 5-7 adere\u00e7os,<\/li>\n\n\n\n<li>3\u00aa ronda tudo permitido<\/li>\n<\/ul>\n<\/li>\n<\/ul>\n<\/div>\n\n\n\n<div class=\"wp-block-column is-layout-flow wp-block-column-is-layout-flow\">\n<h3 class=\"wp-block-heading\"><strong>Rotinas<\/strong><\/h3>\n\n\n\n<ul class=\"wp-block-list\">\n<li>Cada participante executa um n\u00famero composto por 10 truques do C\u00f3digo de Pontos<\/li>\n\n\n\n<li>Limite m\u00e1ximo de 90s por rotina<\/li>\n\n\n\n<li>Um concurso para cada adere\u00e7o (an\u00e9is, bolas, tacos)<\/li>\n\n\n\n<li>1 concurso geral distinto para todos os adere\u00e7os<\/li>\n\n\n\n<li>Avalia\u00e7\u00e3o pelo j\u00fari com base nos pontos atribu\u00eddos<\/li>\n\n\n\n<li>O vencedor \u00e9 determinado pelo n\u00famero total de pontos obtidos<\/li>\n<\/ul>\n<\/div>\n<\/div>\n\n\n\n<hr class=\"wp-block-separator has-alpha-channel-opacity is-style-keule\"\/>\n\n\n\n<h2 class=\"wp-block-heading\" style=\"margin-top:var(--wp--preset--spacing--50);margin-bottom:var(--wp--preset--spacing--50)\">C\u00f3digo de pontos<\/h2>\n\n\n\n<ul class=\"wp-block-list\">\n<li>C. o. P. \u00e9 uma biblioteca p\u00fablica de todos os truques autorizados (apresentados)<\/li>\n\n\n\n<li>Cada participante pode elaborar uma rotina a partir do C.o.P. ou envi\u00e1-la imediatamente para ser avaliada. Para uma participa\u00e7\u00e3o a curto prazo, a rotina deve ser enviada at\u00e9 \u00e0s 12:00 horas de s\u00e1bado, o mais tardar, na conven\u00e7\u00e3o.<\/li>\n\n\n\n<li>O C.o.P. divide cada truque numa categoria de A(1,0) , B (1,1) , C (1,2) ... em fun\u00e7\u00e3o do grau de dificuldade e do tipo de adere\u00e7o.<\/li>\n\n\n\n<li>As liga\u00e7\u00f5es s\u00e3o avaliadas individualmente e ganham pontos de b\u00f3nus em fun\u00e7\u00e3o da sua dificuldade (de 0,02 a 0,2 por liga\u00e7\u00e3o)<\/li>\n\n\n\n<li>O C. o. P. explica igualmente os tipos e os montantes das dedu\u00e7\u00f5es<\/li>\n<\/ul>\n\n\n\n<div class=\"wp-block-buttons is-layout-flex wp-block-buttons-is-layout-flex\">\n<div class=\"wp-block-button\"><a class=\"wp-block-button__link wp-element-button\" href=\"https:\/\/docs.google.com\/spreadsheets\/d\/10q2MkDyzJuVRitJQDFYVCxDzs-8dx55sk5-VyVVUi8E\/edit?gid=247353164#gid=247353164\" target=\"_blank\" rel=\"noreferrer noopener\">C\u00f3digo de pontos<\/a><\/div>\n<\/div>\n\n\n\n<hr class=\"wp-block-separator has-alpha-channel-opacity is-style-keule\"\/>\n\n\n\n<h2 class=\"wp-block-heading has-text-align-center\" style=\"margin-top:var(--wp--preset--spacing--50);margin-bottom:var(--wp--preset--spacing--50)\">Quem est\u00e1 por detr\u00e1s disto?<\/h2>\n\n\n\n<div class=\"wp-block-group has-accent-1-color has-text-color has-link-color wp-elements-b600ffd77561e02eb4317803cbed08f8 is-layout-grid wp-container-core-group-is-layout-2931688a wp-block-group-is-layout-grid\">\n<div class=\"wp-block-group has-accent-1-color has-light-background-color has-text-color has-background has-link-color wp-elements-4375d37b52f9bdb93fec82ae11139f04 has-global-padding is-layout-constrained wp-container-core-group-is-layout-80fb368b wp-block-group-is-layout-constrained\" style=\"padding-top:var(--wp--preset--spacing--30);padding-right:var(--wp--preset--spacing--30);padding-bottom:var(--wp--preset--spacing--30);padding-left:var(--wp--preset--spacing--30)\">\n<h3 class=\"wp-block-heading\">Max Kuschmierz<\/h3>\n\n\n\n<p>Sou apaixonado pelo malabarismo desde 2014, passando muitas vezes v\u00e1rias horas por dia a aperfei\u00e7oar a minha arte. Come\u00e7ando como um hobby, o malabarismo tornou-se agora a minha profiss\u00e3o. O que me atrai particularmente no malabarismo desportivo s\u00e3o os novos desafios constantes e as possibilidades quase infinitas de melhorar! Com o primeiro campeonato alem\u00e3o de malabarismo, espero ver esta paix\u00e3o em todos os participantes!<\/p>\n<\/div>\n\n\n\n<div class=\"wp-block-group has-light-background-color has-background has-global-padding is-layout-constrained wp-container-core-group-is-layout-80fb368b wp-block-group-is-layout-constrained\" style=\"padding-top:var(--wp--preset--spacing--30);padding-right:var(--wp--preset--spacing--30);padding-bottom:var(--wp--preset--spacing--30);padding-left:var(--wp--preset--spacing--30)\">\n<h3 class=\"wp-block-heading\">Lena Schuster<\/h3>\n\n\n\n<p>Aprendi a fazer malabarismo no circo da nossa escola em 2014 e comecei a gostar mesmo em 2015, quando a minha fam\u00edlia decidiu ir ao EJC em Bruneck. Al\u00e9m de fazer malabarismo, jogo e treino basquetebol e estudo engenharia ambiental em Bayreuth. Estou ansioso por fazer parte do j\u00fari e ver o que os participantes nos v\u00e3o mostrar<\/p>\n<\/div>\n\n\n\n<div class=\"wp-block-group has-light-background-color has-background has-global-padding is-layout-constrained wp-container-core-group-is-layout-80fb368b wp-block-group-is-layout-constrained\" style=\"padding-top:var(--wp--preset--spacing--30);padding-right:var(--wp--preset--spacing--30);padding-bottom:var(--wp--preset--spacing--30);padding-left:var(--wp--preset--spacing--30)\">\n<h3 class=\"wp-block-heading\">Max Amann<\/h3>\n\n\n\n<p>Sou qu\u00edmico, engenheiro qu\u00edmico e estou atualmente a fazer o meu doutoramento na Universidade TU Dortmund. Fa\u00e7o muito malabarismo nos meus tempos livres. Sou especialista em n\u00fameros, chuveiros, equil\u00edbrio entre clubes e malabarismo com poi. Temos estado a planear este evento desde o in\u00edcio de 2022 e estou ansioso pelas actua\u00e7\u00f5es de bons malabaristas e vou julg\u00e1-los com entusiasmo<\/p>\n<\/div>\n\n\n\n<div class=\"wp-block-group has-light-background-color has-background has-global-padding is-layout-constrained wp-container-core-group-is-layout-80fb368b wp-block-group-is-layout-constrained\" style=\"padding-top:var(--wp--preset--spacing--30);padding-right:var(--wp--preset--spacing--30);padding-bottom:var(--wp--preset--spacing--30);padding-left:var(--wp--preset--spacing--30)\">\n<h3 class=\"wp-block-heading\">Christian Hausschild<\/h3>\n\n\n\n<h4 class=\"wp-block-heading\">(jurado suplente)<\/h4>\n\n\n\n<p>Sou apaixonado por malabarismo desde 2008 e participei com sucesso nos Campeonatos da WJF em 2014 e 2018. Estou ansioso pela competi\u00e7\u00e3o e pelo evento juntos. Al\u00e9m disso, sou professor estagi\u00e1rio numa escola de gram\u00e1tica para as disciplinas de ingl\u00eas e franc\u00eas, que estudei de 2016 a 2022. Promover a pr\u00f3xima gera\u00e7\u00e3o da futura elite alem\u00e3 do malabarismo \u00e9 muito importante para mim e espero que possamos contribuir para isso com este evento<\/p>\n<\/div>\n\n\n\n<div class=\"wp-block-group has-light-background-color has-background has-global-padding is-layout-constrained wp-container-core-group-is-layout-80fb368b wp-block-group-is-layout-constrained\" style=\"padding-top:var(--wp--preset--spacing--30);padding-right:var(--wp--preset--spacing--30);padding-bottom:var(--wp--preset--spacing--30);padding-left:var(--wp--preset--spacing--30)\">\n<h3 class=\"wp-block-heading\">Florian Lange<\/h3>\n\n\n\n<p>(Apresenta\u00e7\u00e3o a seguir!)<\/p>\n<\/div>\n\n\n\n<div class=\"wp-block-group has-light-background-color has-background has-global-padding is-layout-constrained wp-container-core-group-is-layout-80fb368b wp-block-group-is-layout-constrained\" style=\"padding-top:var(--wp--preset--spacing--30);padding-right:var(--wp--preset--spacing--30);padding-bottom:var(--wp--preset--spacing--30);padding-left:var(--wp--preset--spacing--30)\">\n<h3 class=\"wp-block-heading\">Fabian Fehlhaber<\/h3>\n\n\n\n<p>(Apresenta\u00e7\u00e3o a seguir!)<\/p>\n<\/div>\n\n\n\n<div class=\"wp-block-group has-light-background-color has-background has-global-padding is-layout-constrained wp-container-core-group-is-layout-80fb368b wp-block-group-is-layout-constrained\" style=\"padding-top:var(--wp--preset--spacing--30);padding-right:var(--wp--preset--spacing--30);padding-bottom:var(--wp--preset--spacing--30);padding-left:var(--wp--preset--spacing--30)\">\n<h3 class=\"wp-block-heading\">Theo Kupierz<\/h3>\n\n\n\n<p>(Apresenta\u00e7\u00e3o a seguir!)<\/p>\n<\/div>\n\n\n\n<div class=\"wp-block-group has-light-background-color has-background has-global-padding is-layout-constrained wp-container-core-group-is-layout-80fb368b wp-block-group-is-layout-constrained\" style=\"padding-top:var(--wp--preset--spacing--30);padding-right:var(--wp--preset--spacing--30);padding-bottom:var(--wp--preset--spacing--30);padding-left:var(--wp--preset--spacing--30)\">\n<h3 class=\"wp-block-heading\">Dennis Hauer<\/h3>\n\n\n\n<h4 class=\"wp-block-heading\">(jurado suplente)<\/h4>\n\n\n\n<p>(Apresenta\u00e7\u00e3o a seguir!)<\/p>\n<\/div>\n<\/div>\n\n\n\n<hr class=\"wp-block-separator has-alpha-channel-opacity is-style-keule\"\/>\n\n\n\n<div class=\"wp-block-buttons is-content-justification-center is-layout-flex wp-container-core-buttons-is-layout-a89b3969 wp-block-buttons-is-layout-flex\">\n<div class=\"wp-block-button\"><a class=\"wp-block-button__link has-text-align-center wp-element-button\" href=\"https:\/\/nica.network\/pt\/tohuwabohu\/\">Voltar \u00e0 Conven\u00e7\u00e3o Tohuwabohu<\/a><\/div>\n<\/div>\n<\/div>\n\n\n\n<p><\/p>","protected":false},"excerpt":{"rendered":"<p>Wir tragen aus: Meisterschaft im technischen Jonglieren 2024 findet die Zweite Deutsche Jonglagemeisterschaft im technischen Jonglieren statt. Sie wird am Sonntag w\u00e4hrend der diesj\u00e4hrigen Convention ausgetragen. Bitte f\u00fcr die Teilnahme an den Routinenwettbewerben f\u00fcr jedes Tool (B\u00e4lle, Ringe, Keulen) ein neues Teilnahmeformular ausf\u00fcllen! Der Code of Points wird derzeit aktualisiert! Wir bitten um eine Startgeb\u00fchr [&hellip;]<\/p>\n","protected":false},"author":88,"featured_media":0,"parent":525,"menu_order":0,"comment_status":"closed","ping_status":"closed","template":"","meta":{"footnotes":""},"class_list":["post-687","page","type-page","status-publish","hentry"],"_links":{"self":[{"href":"https:\/\/nica.network\/pt\/wp-json\/wp\/v2\/pages\/687","targetHints":{"allow":["GET"]}}],"collection":[{"href":"https:\/\/nica.network\/pt\/wp-json\/wp\/v2\/pages"}],"about":[{"href":"https:\/\/nica.network\/pt\/wp-json\/wp\/v2\/types\/page"}],"author":[{"embeddable":true,"href":"https:\/\/nica.network\/pt\/wp-json\/wp\/v2\/users\/88"}],"replies":[{"embeddable":true,"href":"https:\/\/nica.network\/pt\/wp-json\/wp\/v2\/comments?post=687"}],"version-history":[{"count":3,"href":"https:\/\/nica.network\/pt\/wp-json\/wp\/v2\/pages\/687\/revisions"}],"predecessor-version":[{"id":692,"href":"https:\/\/nica.network\/pt\/wp-json\/wp\/v2\/pages\/687\/revisions\/692"}],"up":[{"embeddable":true,"href":"https:\/\/nica.network\/pt\/wp-json\/wp\/v2\/pages\/525"}],"wp:attachment":[{"href":"https:\/\/nica.network\/pt\/wp-json\/wp\/v2\/media?parent=687"}],"curies":[{"name":"wp","href":"https:\/\/api.w.org\/{rel}","templated":true}]}}