{"id":248,"date":"2023-10-02T18:43:04","date_gmt":"2023-10-02T16:43:04","guid":{"rendered":"https:\/\/nica.network\/?page_id=248"},"modified":"2025-01-25T19:02:04","modified_gmt":"2025-01-25T18:02:04","slug":"protecao-de-dados","status":"publish","type":"page","link":"https:\/\/nica.network\/pt\/datenschutz\/","title":{"rendered":"Pol\u00edtica de privacidade"},"content":{"rendered":"\n<div class=\"wp-block-group has-transparent-black-background-color has-background has-global-padding is-layout-constrained wp-block-group-is-layout-constrained\"><h1 class=\"wp-block-post-title\">Datenschutzerkl\u00e4rung<\/h1>\n\n\n<p><strong>Datenschutzerkl\u00e4rung<\/strong><\/p>\n\n\n\n<p>Wir freuen uns \u00fcber Ihren Besuch auf unserer Webseite [http:\/\/eigenarts-halle.de] und informieren Sie im Folgenden \u00fcber die Verarbeitung Ihrer personenbezogenen Daten. Personenbezogene Daten sind alle Informationen, die sich auf eine identifizierte oder identifizierbare nat\u00fcrliche Person beziehen (z.B. Name, Adresse, E-Mail-Adresse, IP-Adresse).<\/p>\n\n\n\n<p><strong>Sicherheitshinweis<\/strong><\/p>\n\n\n\n<p>Wir weisen darauf hin, dass die Daten\u00fcbertragung im Internet (z.B. bei der Kommunikation per E-Mail) Sicherheitsrisiken bergen kann. Ein l\u00fcckenloser Schutz der Daten vor dem Zugriff durch Dritte ist nicht m\u00f6glich. Wir bem\u00fchen uns jedoch um bestm\u00f6gliche Sicherheitsma\u00dfnahmen.<\/p>\n\n\n\n<p><strong>Freiwilligkeit der Datenbereitstellung<\/strong><\/p>\n\n\n\n<p>Die Bereitstellung Ihrer personenbezogenen Daten ist, sofern nicht ausdr\u00fccklich anders angegeben, weder gesetzlich noch vertraglich vorgeschrieben. Die Nichtbereitstellung kann jedoch dazu f\u00fchren, dass Sie bestimmte Dienste oder Funktionen unserer Webseite nicht oder nur eingeschr\u00e4nkt nutzen k\u00f6nnen.<\/p>\n\n\n\n<p><strong>1. Verantwortlicher f\u00fcr die Datenverarbeitung<\/strong><\/p>\n\n\n\n<p>Verantwortlicher im Sinne der Datenschutz-Grundverordnung (DSGVO) ist:<\/p>\n\n\n\n<p>Marc Bielert<br>An der Schwemme 3<br>06108 Halle \/ Saale<br>Telefon: 0160 189 32 70<br>E-Mail: kontakt(at)eigenarts-halle.de<\/p>\n\n\n\n<p>Weitere Informationen finden Sie auch in unserem Impressum.<\/p>\n\n\n\n<p><strong>2. Verarbeitung personenbezogener Daten<\/strong><\/p>\n\n\n\n<p>Sie k\u00f6nnen unsere Webseite grunds\u00e4tzlich ohne die Angabe personenbezogener Daten besuchen. Wenn wir personenbezogene Daten von Ihnen erheben, informieren wir Sie an entsprechender Stelle dar\u00fcber und verarbeiten diese nur zu dem jeweils angegebenen Zweck und auf Grundlage Ihrer Einwilligung oder einer anderen gesetzlichen Grundlage.<\/p>\n\n\n\n<p><strong>3. Automatische Erfassung von Daten (Server-Logfiles)<\/strong><\/p>\n\n\n\n<p>Bei jedem Zugriff auf unsere Webseite werden automatisch Daten in sogenannten Server-Logfiles gespeichert, die Ihr Browser an uns \u00fcbermittelt. Diese Daten umfassen:<\/p>\n\n\n\n<ul class=\"wp-block-list\">\n<li>IP-Adresse<\/li>\n\n\n\n<li>Datum und Uhrzeit der Anfrage<\/li>\n\n\n\n<li>Zeitzonendifferenz zur Greenwich Mean Time (GMT)<\/li>\n\n\n\n<li>Inhalt der Anforderung (konkrete Seite)<\/li>\n\n\n\n<li>Zugriffsstatus\/HTTP-Statuscode<\/li>\n\n\n\n<li>\u00dcbertragene Datenmenge<\/li>\n\n\n\n<li>Webseite, von der die Anforderung kommt (Referrer-URL)<\/li>\n\n\n\n<li>Browser, Betriebssystem, Sprache und Version der Browsersoftware<\/li>\n<\/ul>\n\n\n\n<p>Diese Daten werden zu folgenden Zwecken verarbeitet, die auch unser berechtigtes Interesse darstellen (Art. 6 Abs. 1 lit. f DSGVO):<\/p>\n\n\n\n<ul class=\"wp-block-list\">\n<li>Technische Bereitstellung und Optimierung der Webseite<\/li>\n\n\n\n<li>Sicherstellung der Webseitensicherheit und Stabilit\u00e4t<\/li>\n\n\n\n<li>Analyse von Fehlern und Missbrauch<\/li>\n\n\n\n<li>Verbesserung der Nutzerfreundlichkeit<\/li>\n<\/ul>\n\n\n\n<p>Die Logfiles werden nach Ablauf der gesetzlichen Aufbewahrungspflichten unseres Webhosting-Anbieters automatisch gel\u00f6scht.<\/p>\n\n\n\n<p><strong>4. Verarbeitung von Daten bei Nutzung des Kontaktformulars<\/strong><\/p>\n\n\n\n<p>Wenn Sie uns \u00fcber unser Onlineformular Anfragen senden (z.B. Kontaktanfragen, sonstige Anliegen), verarbeiten wir Ihre Angaben inklusive der von Ihnen angegebenen Kontaktdaten zum Zweck der Bearbeitung Ihrer Anfrage und f\u00fcr die weitere Korrespondenz. Pflichtangaben sind mit einem Sternchen (*) gekennzeichnet. Alle anderen Angaben sind freiwillig.<\/p>\n\n\n\n<p>Die Verarbeitung Ihrer Daten erfolgt auf Grundlage Ihrer Einwilligung (Art. 6 Abs. 1 lit. a DSGVO), die Sie durch das Absenden des Formulars erteilen. Sollte Ihre Anfrage im Zusammenhang mit einem Vertrag stehen, erfolgt die Verarbeitung zur Erf\u00fcllung (vor-)vertraglicher Pflichten (Art. 6 Abs. 1 lit. b DSGVO). Nach Abschluss der Bearbeitung Ihrer Anfrage werden Ihre Daten automatisch gel\u00f6scht, sofern keine gesetzlichen Aufbewahrungspflichten bestehen.<\/p>\n\n\n\n<p><strong>5. Weitergabe von Daten<\/strong><\/p>\n\n\n\n<p>Wir geben Ihre personenbezogenen Daten grunds\u00e4tzlich nicht an Dritte weiter, es sei denn:<\/p>\n\n\n\n<ul class=\"wp-block-list\">\n<li>Sie haben uns Ihre ausdr\u00fcckliche Einwilligung dazu gegeben (Art. 6 Abs. 1 lit. a DSGVO)<\/li>\n\n\n\n<li>Die Weitergabe ist zur Erf\u00fcllung eines Vertrages mit Ihnen erforderlich (Art. 6 Abs. 1 lit. b DSGVO)<\/li>\n\n\n\n<li>Wir sind gesetzlich zur Weitergabe verpflichtet (Art. 6 Abs. 1 lit. c DSGVO)<\/li>\n\n\n\n<li>Die Weitergabe ist zur Geltendmachung, Aus\u00fcbung oder Verteidigung von Rechtsanspr\u00fcchen erforderlich und es besteht kein \u00fcberwiegendes schutzw\u00fcrdiges Interesse Ihrerseits an der Nichtweitergabe (Art. 6 Abs. 1 lit. f DSGVO).<\/li>\n<\/ul>\n\n\n\n<p>Wir setzen zur Bereitstellung unserer Webseite auch Dienstleister ein (z.B. Webhosting-Anbieter), die im Rahmen ihrer T\u00e4tigkeit ebenfalls Zugriff auf Ihre Daten haben k\u00f6nnen. Diese Dienstleister sind vertraglich zur Einhaltung der Datenschutzbestimmungen verpflichtet.<\/p>\n\n\n\n<p><strong>6. Einbindung von Inhalten Dritter<\/strong><\/p>\n\n\n\n<p>Wir nutzen auf unserer Webseite Inhalte von Drittanbietern, wie z.B. Videos von YouTube und Karten von Google Maps. Bei der Nutzung dieser Dienste werden Ihre IP-Adresse und ggf. weitere Daten an die jeweiligen Anbieter \u00fcbermittelt. Wir haben keinen Einfluss darauf, wie diese Drittanbieter Ihre Daten verwenden.<\/p>\n\n\n\n<p>Sie k\u00f6nnen die \u00dcbermittlung Ihrer IP-Adresse verhindern, indem Sie JavaScript in Ihrem Browser deaktivieren. Dies kann jedoch die Funktionalit\u00e4t unserer Webseite beeintr\u00e4chtigen.<\/p>\n\n\n\n<p>Bitte beachten Sie die Datenschutzerkl\u00e4rungen der jeweiligen Drittanbieter.<\/p>\n\n\n\n<p><strong>7. Verwendung von Cookies<\/strong><\/p>\n\n\n\n<p>Unsere Webseite verwendet Cookies. Cookies sind kleine Textdateien, die auf Ihrem Endger\u00e4t gespeichert werden und die Ihr Browser speichert.<\/p>\n\n\n\n<p>Wir verwenden sowohl tempor\u00e4re Session-Cookies, die nach dem Schlie\u00dfen Ihres Browsers automatisch gel\u00f6scht werden, als auch persistente Cookies, die auf Ihrem Endger\u00e4t verbleiben, bis Sie sie l\u00f6schen oder sie automatisch ablaufen.<\/p>\n\n\n\n<p>Cookies dienen dazu, unser Angebot nutzerfreundlicher, effektiver und sicherer zu machen und erm\u00f6glichen uns, Ihren Browser beim n\u00e4chsten Besuch wiederzuerkennen.<\/p>\n\n\n\n<p>Die Verarbeitung Ihrer Daten im Zusammenhang mit Cookies erfolgt aufgrund unseres berechtigten Interesses (Art. 6 Abs. 1 lit. f DSGVO) an der Optimierung unserer Webseite.<\/p>\n\n\n\n<p>Sie k\u00f6nnen die Verwendung von Cookies in Ihren Browsereinstellungen jederzeit deaktivieren, einschr\u00e4nken oder bereits gespeicherte Cookies l\u00f6schen. Bitte beachten Sie, dass die Deaktivierung von Cookies die Funktionalit\u00e4t unserer Webseite beeintr\u00e4chtigen kann.<\/p>\n\n\n\n<p><strong>8. Ihre Rechte<\/strong><\/p>\n\n\n\n<p>Sie haben gegen\u00fcber uns folgende Rechte hinsichtlich Ihrer personenbezogenen Daten:<\/p>\n\n\n\n<ul class=\"wp-block-list\">\n<li><strong>Auskunftsrecht:<\/strong>&nbsp;Sie k\u00f6nnen jederzeit Auskunft \u00fcber die von uns verarbeiteten personenbezogenen Daten verlangen (Art. 15 DSGVO).<\/li>\n\n\n\n<li><strong>Recht auf Berichtigung:<\/strong>&nbsp;Sie k\u00f6nnen die Berichtigung unrichtiger oder die Vervollst\u00e4ndigung unvollst\u00e4ndiger Daten verlangen (Art. 16 DSGVO).<\/li>\n\n\n\n<li><strong>Recht auf L\u00f6schung:<\/strong>&nbsp;Sie k\u00f6nnen die L\u00f6schung Ihrer Daten verlangen, sofern die Voraussetzungen des Art. 17 DSGVO vorliegen.<\/li>\n\n\n\n<li><strong>Recht auf Einschr\u00e4nkung der Verarbeitung:<\/strong>&nbsp;Sie k\u00f6nnen die Einschr\u00e4nkung der Verarbeitung Ihrer Daten verlangen, sofern die Voraussetzungen des Art. 18 DSGVO vorliegen.<\/li>\n\n\n\n<li><strong>Recht auf Daten\u00fcbertragbarkeit:<\/strong>&nbsp;Sie haben das Recht, die von Ihnen bereitgestellten Daten in einem strukturierten, g\u00e4ngigen und maschinenlesbaren Format zu erhalten (Art. 20 DSGVO).<\/li>\n\n\n\n<li><strong>Recht auf Widerspruch:<\/strong>&nbsp;Sie haben das Recht, aus Gr\u00fcnden, die sich aus Ihrer besonderen Situation ergeben, jederzeit gegen die Verarbeitung Ihrer Daten Widerspruch einzulegen, die aufgrund von Art. 6 Abs. 1 lit. f DSGVO erfolgt (Art. 21 DSGVO).<\/li>\n\n\n\n<li><strong>Widerrufsrecht bei Einwilligung:<\/strong>&nbsp;Wenn Sie uns eine Einwilligung zur Datenverarbeitung erteilt haben, k\u00f6nnen Sie diese jederzeit mit Wirkung f\u00fcr die Zukunft widerrufen (Art. 7 Abs. 3 DSGVO).<\/li>\n\n\n\n<li><strong>Beschwerderecht bei einer Aufsichtsbeh\u00f6rde:<\/strong>&nbsp;Sie haben das Recht, sich bei einer Aufsichtsbeh\u00f6rde zu beschweren, wenn Sie der Ansicht sind, dass die Verarbeitung Ihrer personenbezogenen Daten rechtswidrig erfolgt (Art. 77 DSGVO).<\/li>\n<\/ul>\n\n\n\n<p>Die zust\u00e4ndige Aufsichtsbeh\u00f6rde f\u00fcr uns ist:<\/p>\n\n\n\n<p>Der Landesbeauftragte f\u00fcr den Datenschutz Sachsen-Anhalt<br>Leiterstra\u00dfe 9<br>39104 Magdeburg<\/p>\n\n\n\n<p>Zur Aus\u00fcbung Ihrer Rechte wenden Sie sich bitte an die oben genannten Kontaktdaten.<\/p>\n\n\n\n<p><strong>9. Datensicherheit<\/strong><\/p>\n\n\n\n<p>Wir setzen technische und organisatorische Sicherheitsma\u00dfnahmen ein, um Ihre personenbezogenen Daten vor Verlust, Manipulation und unbefugtem Zugriff zu sch\u00fctzen. Die Daten\u00fcbertragung auf unserer Webseite erfolgt verschl\u00fcsselt (HTTPS).<\/p>\n\n\n\n<p><strong>10. Widerspruch gegen Werbe-E-Mails<\/strong><\/p>\n\n\n\n<p>Der Nutzung der im Rahmen des Impressums ver\u00f6ffentlichten Kontaktdaten zur \u00dcbersendung von nicht ausdr\u00fccklich angeforderter Werbung und Informationsmaterialien wird hiermit widersprochen. Wir behalten uns rechtliche Schritte im Falle der unverlangten Zusendung von Werbeinformationen vor.<\/p>\n\n\n\n<p><strong>11. Aktualisierung der Datenschutzerkl\u00e4rung<\/strong><\/p>\n\n\n\n<p>Wir behalten uns vor, diese Datenschutzerkl\u00e4rung an ver\u00e4nderte Funktionalit\u00e4ten unserer Webseite oder an ver\u00e4nderte gesetzliche Anforderungen anzupassen. Wir empfehlen Ihnen daher, diese Datenschutzerkl\u00e4rung regelm\u00e4\u00dfig zu \u00fcberpr\u00fcfen.<\/p>\n\n\n\n<p><strong>\u00c4nderungen und Verbesserungen:<\/strong><\/p>\n\n\n\n<ul class=\"wp-block-list\">\n<li><strong>Pr\u00e4zisere Formulierungen:<\/strong>&nbsp;Begriffe wie &#8220;berechtigtes Interesse&#8221; werden genauer erkl\u00e4rt.<\/li>\n\n\n\n<li><strong>Rechtsgrundlagen:<\/strong>&nbsp;Die relevanten Artikel der DSGVO werden direkt genannt.<\/li>\n\n\n\n<li><strong>Klarere Struktur:<\/strong>&nbsp;Die Informationen sind besser gegliedert und leichter zu erfassen.<\/li>\n\n\n\n<li><strong>Vollst\u00e4ndigkeit:<\/strong>&nbsp;Alle wichtigen Aspekte der Datenverarbeitung werden abgedeckt.<\/li>\n\n\n\n<li><strong>Verst\u00e4ndlichkeit:<\/strong>&nbsp;Der Text ist klar und verst\u00e4ndlich formuliert.<\/li>\n\n\n\n<li><strong>Aktualit\u00e4t:<\/strong>&nbsp;Die Hinweise auf Drittanbieter sind allgemeiner gehalten und verweisen auf deren Datenschutzerkl\u00e4rungen.<\/li>\n\n\n\n<li><strong>Rechte:<\/strong>&nbsp;Die Rechte der Nutzer sind ausf\u00fchrlicher und klarer dargestellt.<\/li>\n<\/ul>\n<\/div>\n","protected":false},"excerpt":{"rendered":"<p>Datenschutzerkl\u00e4rung Wir freuen uns \u00fcber Ihren Besuch auf unserer Webseite [http:\/\/eigenarts-halle.de] und informieren Sie im Folgenden \u00fcber die Verarbeitung Ihrer personenbezogenen Daten. Personenbezogene Daten sind alle Informationen, die sich auf eine identifizierte oder identifizierbare nat\u00fcrliche Person beziehen (z.B. Name, Adresse, E-Mail-Adresse, IP-Adresse). Sicherheitshinweis Wir weisen darauf hin, dass die Daten\u00fcbertragung im Internet (z.B. bei der [&hellip;]<\/p>\n","protected":false},"author":1,"featured_media":0,"parent":0,"menu_order":9999,"comment_status":"closed","ping_status":"closed","template":"","meta":{"footnotes":""},"class_list":["post-248","page","type-page","status-publish","hentry"],"_links":{"self":[{"href":"https:\/\/nica.network\/pt\/wp-json\/wp\/v2\/pages\/248","targetHints":{"allow":["GET"]}}],"collection":[{"href":"https:\/\/nica.network\/pt\/wp-json\/wp\/v2\/pages"}],"about":[{"href":"https:\/\/nica.network\/pt\/wp-json\/wp\/v2\/types\/page"}],"author":[{"embeddable":true,"href":"https:\/\/nica.network\/pt\/wp-json\/wp\/v2\/users\/1"}],"replies":[{"embeddable":true,"href":"https:\/\/nica.network\/pt\/wp-json\/wp\/v2\/comments?post=248"}],"version-history":[{"count":8,"href":"https:\/\/nica.network\/pt\/wp-json\/wp\/v2\/pages\/248\/revisions"}],"predecessor-version":[{"id":683,"href":"https:\/\/nica.network\/pt\/wp-json\/wp\/v2\/pages\/248\/revisions\/683"}],"wp:attachment":[{"href":"https:\/\/nica.network\/pt\/wp-json\/wp\/v2\/media?parent=248"}],"curies":[{"name":"wp","href":"https:\/\/api.w.org\/{rel}","templated":true}]}}