{"id":193,"date":"2023-09-28T21:24:57","date_gmt":"2023-09-28T19:24:57","guid":{"rendered":"https:\/\/nica.network\/?page_id=193"},"modified":"2025-01-24T19:15:26","modified_gmt":"2025-01-24T18:15:26","slug":"a-equipa-2","status":"publish","type":"page","link":"https:\/\/nica.network\/pt\/das-team\/","title":{"rendered":"A equipa"},"content":{"rendered":"<div class=\"wp-block-columns has-transparent-white-background-color has-background is-layout-flex wp-container-core-columns-is-layout-85958d59 wp-block-columns-is-layout-flex\" style=\"padding-top:var(--wp--preset--spacing--40);padding-right:var(--wp--preset--spacing--40);padding-bottom:var(--wp--preset--spacing--40);padding-left:var(--wp--preset--spacing--40)\">\n<div class=\"wp-block-column is-layout-flow wp-block-column-is-layout-flow\">\n<figure class=\"wp-block-image size-large is-style-circle\"><img loading=\"lazy\" decoding=\"async\" width=\"1024\" height=\"993\" src=\"https:\/\/nica.network\/wp-content\/uploads\/2023\/09\/Nica-Team-round-tiny-1024x993.png\" alt=\"\" class=\"wp-image-195\" srcset=\"https:\/\/nica.network\/wp-content\/uploads\/2023\/09\/Nica-Team-round-tiny-1024x993.png 1024w, https:\/\/nica.network\/wp-content\/uploads\/2023\/09\/Nica-Team-round-tiny-300x291.png 300w, https:\/\/nica.network\/wp-content\/uploads\/2023\/09\/Nica-Team-round-tiny-768x744.png 768w, https:\/\/nica.network\/wp-content\/uploads\/2023\/09\/Nica-Team-round-tiny-12x12.png 12w, https:\/\/nica.network\/wp-content\/uploads\/2023\/09\/Nica-Team-round-tiny.png 1400w\" sizes=\"auto, (max-width: 1024px) 100vw, 1024px\" \/><\/figure>\n<\/div>\n\n\n\n<div class=\"wp-block-column is-vertically-aligned-center is-layout-flow wp-block-column-is-layout-flow\">\n<h1 class=\"wp-block-heading is-style-default\">A nossa equipa<\/h1>\n\n\n\n<p>A equipa da NICA e.V. \u00e9 constitu\u00edda por um grupo de profissionais dedicados e qualificados que trazem as suas compet\u00eancias e paix\u00f5es \u00fanicas para promover e divulgar o mundo das artes circenses. Com uma mistura diversificada de forma\u00e7\u00f5es pedag\u00f3gicas, art\u00edsticas e cient\u00edficas, a nossa equipa oferece uma forma\u00e7\u00e3o abrangente e interdisciplinar. Cada membro traz as suas compet\u00eancias e experi\u00eancia individuais, unidas por uma paix\u00e3o partilhada pelas artes circenses e pelo compromisso com a NICA e.V. Como membros fundadores e membros da dire\u00e7\u00e3o, somos apaixonados pela divulga\u00e7\u00e3o e fortalecimento das artes circenses em todas as suas formas.<\/p>\n<\/div>\n<\/div>\n\n\n\n<div class=\"wp-block-group is-layout-grid wp-container-core-group-is-layout-510ef126 wp-block-group-is-layout-grid\">\n<div class=\"wp-block-group has-transparent-white-background-color has-background is-layout-flow wp-block-group-is-layout-flow\" style=\"padding-top:var(--wp--preset--spacing--40);padding-right:var(--wp--preset--spacing--40);padding-bottom:var(--wp--preset--spacing--40);padding-left:var(--wp--preset--spacing--40)\">\n<figure class=\"wp-block-image aligncenter size-medium is-style-circle\"><img loading=\"lazy\" decoding=\"async\" width=\"300\" height=\"300\" src=\"https:\/\/nica.network\/wp-content\/uploads\/2023\/10\/Charleen-Hoffmann-300x300.png\" alt=\"\" class=\"wp-image-323\" srcset=\"https:\/\/nica.network\/wp-content\/uploads\/2023\/10\/Charleen-Hoffmann-300x300.png 300w, https:\/\/nica.network\/wp-content\/uploads\/2023\/10\/Charleen-Hoffmann-150x150.png 150w, https:\/\/nica.network\/wp-content\/uploads\/2023\/10\/Charleen-Hoffmann-500x500.png 500w, https:\/\/nica.network\/wp-content\/uploads\/2023\/10\/Charleen-Hoffmann-12x12.png 12w, https:\/\/nica.network\/wp-content\/uploads\/2023\/10\/Charleen-Hoffmann.png 752w\" sizes=\"auto, (max-width: 300px) 100vw, 300px\" \/><\/figure>\n\n\n\n<h3 class=\"wp-block-heading\">Charleen Hoffmann<\/h3>\n\n\n\n<p>Charleen Hoffmann combina a sua paix\u00e3o pelas artes circenses com uma s\u00f3lida forma\u00e7\u00e3o cient\u00edfica. Concluiu a sua forma\u00e7\u00e3o de formadora de circo na Villa J\u00fchling em 2022 e \u00e9 tamb\u00e9m Facilitadora de Malabarismo Funcional desde 2022. Antes da sua carreira de pedagoga de circo, concluiu uma licenciatura em Ci\u00eancias da Educa\u00e7\u00e3o na Universidade Martin Luther de Halle em 2019. Utiliza os seus conhecimentos e compet\u00eancias como membro da dire\u00e7\u00e3o e membro fundador da NICA e.V.<\/p>\n<\/div>\n\n\n\n<div class=\"wp-block-group has-transparent-white-background-color has-background is-layout-flow wp-block-group-is-layout-flow\" style=\"padding-top:var(--wp--preset--spacing--40);padding-right:var(--wp--preset--spacing--40);padding-bottom:var(--wp--preset--spacing--40);padding-left:var(--wp--preset--spacing--40)\">\n<figure class=\"wp-block-image aligncenter size-medium is-style-circle\"><img loading=\"lazy\" decoding=\"async\" width=\"300\" height=\"300\" src=\"https:\/\/nica.network\/wp-content\/uploads\/2023\/10\/Peter-Huhndorf-300x300.png\" alt=\"\" class=\"wp-image-324\" srcset=\"https:\/\/nica.network\/wp-content\/uploads\/2023\/10\/Peter-Huhndorf-300x300.png 300w, https:\/\/nica.network\/wp-content\/uploads\/2023\/10\/Peter-Huhndorf-150x150.png 150w, https:\/\/nica.network\/wp-content\/uploads\/2023\/10\/Peter-Huhndorf-500x500.png 500w, https:\/\/nica.network\/wp-content\/uploads\/2023\/10\/Peter-Huhndorf-12x12.png 12w, https:\/\/nica.network\/wp-content\/uploads\/2023\/10\/Peter-Huhndorf.png 752w\" sizes=\"auto, (max-width: 300px) 100vw, 300px\" \/><\/figure>\n\n\n\n<h3 class=\"wp-block-heading\">Peter Huhndorf<\/h3>\n\n\n\n<p>Peter Huhndorf tem uma forma\u00e7\u00e3o diversificada que inclui tanto a pedagogia circense como a forma\u00e7\u00e3o em ci\u00eancias nutricionais. Ele \u00e9 um Facilitador de Malabarismo Funcional desde 2022. Al\u00e9m disso, Peter \u00e9 bacharel em Ci\u00eancias Nutricionais pela Martin Luther University Halle desde 2020. Como fundador e membro do conselho da NICA e.V., ele traz sua experi\u00eancia e paix\u00e3o por circo e sa\u00fade para a organiza\u00e7\u00e3o.<\/p>\n<\/div>\n\n\n\n<div class=\"wp-block-group has-transparent-white-background-color has-background is-layout-flow wp-block-group-is-layout-flow\" style=\"padding-top:var(--wp--preset--spacing--40);padding-right:var(--wp--preset--spacing--40);padding-bottom:var(--wp--preset--spacing--40);padding-left:var(--wp--preset--spacing--40)\">\n<figure class=\"wp-block-image aligncenter size-medium is-style-circle\"><img loading=\"lazy\" decoding=\"async\" width=\"300\" height=\"300\" src=\"https:\/\/nica.network\/wp-content\/uploads\/2023\/10\/Lilith-Dekow-300x300.png\" alt=\"\" class=\"wp-image-322\" srcset=\"https:\/\/nica.network\/wp-content\/uploads\/2023\/10\/Lilith-Dekow-300x300.png 300w, https:\/\/nica.network\/wp-content\/uploads\/2023\/10\/Lilith-Dekow-150x150.png 150w, https:\/\/nica.network\/wp-content\/uploads\/2023\/10\/Lilith-Dekow-500x500.png 500w, https:\/\/nica.network\/wp-content\/uploads\/2023\/10\/Lilith-Dekow-12x12.png 12w, https:\/\/nica.network\/wp-content\/uploads\/2023\/10\/Lilith-Dekow.png 756w\" sizes=\"auto, (max-width: 300px) 100vw, 300px\" \/><\/figure>\n\n\n\n<h3 class=\"wp-block-heading\">Lilith Dekow<\/h3>\n\n\n\n<p>Lilith Dekow traz para a equipa uma mistura de conhecimentos culturais, medi\u00e1ticos e de educa\u00e7\u00e3o circense. Ap\u00f3s uma forma\u00e7\u00e3o em circo social com a Cabuwazi em 2021, est\u00e1 atualmente no seu 6\u00ba semestre a estudar cultura+educa\u00e7\u00e3o medi\u00e1tica na Universidade de Ci\u00eancias Aplicadas de Merseburg. Em 2022, completou tamb\u00e9m uma forma\u00e7\u00e3o como Facilitadora de Malabarismo Funcional. Para al\u00e9m das suas capacidades de ensino, Lilith \u00e9 tamb\u00e9m uma talentosa artista a\u00e9rea. Ela \u00e9 um orgulhoso membro fundador da NICA e.V.<\/p>\n<\/div>\n\n\n\n<div class=\"wp-block-group has-transparent-white-background-color has-background is-layout-flow wp-block-group-is-layout-flow\" style=\"padding-top:var(--wp--preset--spacing--40);padding-right:var(--wp--preset--spacing--40);padding-bottom:var(--wp--preset--spacing--40);padding-left:var(--wp--preset--spacing--40)\">\n<figure class=\"wp-block-image aligncenter size-medium is-style-circle\"><img loading=\"lazy\" decoding=\"async\" width=\"298\" height=\"300\" src=\"https:\/\/nica.network\/wp-content\/uploads\/2023\/10\/Marc-Bielert-298x300.png\" alt=\"\" class=\"wp-image-325\" srcset=\"https:\/\/nica.network\/wp-content\/uploads\/2023\/10\/Marc-Bielert-298x300.png 298w, https:\/\/nica.network\/wp-content\/uploads\/2023\/10\/Marc-Bielert-150x150.png 150w, https:\/\/nica.network\/wp-content\/uploads\/2023\/10\/Marc-Bielert-12x12.png 12w, https:\/\/nica.network\/wp-content\/uploads\/2023\/10\/Marc-Bielert.png 756w\" sizes=\"auto, (max-width: 298px) 100vw, 298px\" \/><\/figure>\n\n\n\n<h3 class=\"wp-block-heading\">Marc Bielert<\/h3>\n\n\n\n<p>Marc Bielert \u00e9 um treinador e artista de circo experiente, especializado em malabarismo. Concluiu a sua forma\u00e7\u00e3o de formador de acordo com a norma BAGZP na ZZB Halle e.V. em 2013. Outras qualifica\u00e7\u00f5es incluem a sua certifica\u00e7\u00e3o em Circo Social, que obteve em Cabuwazi em 2016, e a sua forma\u00e7\u00e3o como Facilitador de Malabarismo Funcional em 2018. Mais recentemente, completou uma forma\u00e7\u00e3o adicional em Zirkus Sonnenstich em 2020. Marc n\u00e3o \u00e9 apenas um malabarista apaixonado de longa data, mas tamb\u00e9m um representante do QuatProp Collective e do Functional Juggling na Alemanha. Como fundador e membro da dire\u00e7\u00e3o da NICA e.V., est\u00e1 tamb\u00e9m empenhado na promo\u00e7\u00e3o das artes circenses.<\/p>\n<\/div>\n<\/div>","protected":false},"excerpt":{"rendered":"<p>Unser Team Das Team von NICA e.V. setzt sich aus einer Gruppe engagierter und qualifizierter Fachleute zusammen, die ihre einzigartigen F\u00e4higkeiten und Leidenschaften einbringen, um die Welt der Zirkuskunst zu f\u00f6rdern und zu verbreiten. Mit einer vielf\u00e4ltigen Mischung aus p\u00e4dagogischen, artistischen und wissenschaftlichen Hintergr\u00fcnden bietet unser Team ein umfangreiches und interdisziplin\u00e4res Training an. Jedes Mitglied [&hellip;]<\/p>\n","protected":false},"author":1,"featured_media":0,"parent":0,"menu_order":0,"comment_status":"closed","ping_status":"closed","template":"","meta":{"footnotes":""},"class_list":["post-193","page","type-page","status-publish","hentry"],"_links":{"self":[{"href":"https:\/\/nica.network\/pt\/wp-json\/wp\/v2\/pages\/193","targetHints":{"allow":["GET"]}}],"collection":[{"href":"https:\/\/nica.network\/pt\/wp-json\/wp\/v2\/pages"}],"about":[{"href":"https:\/\/nica.network\/pt\/wp-json\/wp\/v2\/types\/page"}],"author":[{"embeddable":true,"href":"https:\/\/nica.network\/pt\/wp-json\/wp\/v2\/users\/1"}],"replies":[{"embeddable":true,"href":"https:\/\/nica.network\/pt\/wp-json\/wp\/v2\/comments?post=193"}],"version-history":[{"count":27,"href":"https:\/\/nica.network\/pt\/wp-json\/wp\/v2\/pages\/193\/revisions"}],"predecessor-version":[{"id":656,"href":"https:\/\/nica.network\/pt\/wp-json\/wp\/v2\/pages\/193\/revisions\/656"}],"wp:attachment":[{"href":"https:\/\/nica.network\/pt\/wp-json\/wp\/v2\/media?parent=193"}],"curies":[{"name":"wp","href":"https:\/\/api.w.org\/{rel}","templated":true}]}}