{"id":687,"date":"2025-01-26T10:48:45","date_gmt":"2025-01-26T09:48:45","guid":{"rendered":"https:\/\/nica.network\/?page_id=687"},"modified":"2025-01-26T10:50:47","modified_gmt":"2025-01-26T09:50:47","slug":"mistrzostwa-w-zonglerce","status":"publish","type":"page","link":"https:\/\/nica.network\/pl\/tohuwabohu\/jonglage-meisterschaft\/","title":{"rendered":"Mistrzostwa w \u017conglerce technicznej"},"content":{"rendered":"<div class=\"wp-block-group has-accent-1-background-color has-background has-global-padding is-layout-constrained wp-block-group-is-layout-constrained\">\n<p class=\"has-text-align-center\"><strong>Wykonujemy:<\/strong><\/p>\n\n\n\n<h1 class=\"wp-block-heading has-text-align-center is-style-gradient\">Mistrzostwa w \u017conglerce technicznej<\/h1>\n\n\n\n<hr class=\"wp-block-separator has-alpha-channel-opacity is-style-keule\"\/>\n\n\n\n<div class=\"wp-block-columns are-vertically-aligned-center is-layout-flex wp-container-core-columns-is-layout-28f84493 wp-block-columns-is-layout-flex\">\n<div class=\"wp-block-column is-vertically-aligned-center is-layout-flow wp-block-column-is-layout-flow\">\n<p>Drugie Mistrzostwa Niemiec w \u017bonglerce Technicznej odb\u0119d\u0105 si\u0119 w 2024 roku. Odb\u0119d\u0105 si\u0119 one w niedziel\u0119 podczas tegorocznej konwencji.<\/p>\n\n\n\n<p><strong>Prosimy o wype\u0142nienie nowego formularza zg\u0142oszeniowego dla ka\u017cdego narz\u0119dzia (pi\u0142ki, pier\u015bcienie, kije) do udzia\u0142u w zawodach rutynowych!<\/strong><\/p>\n\n\n\n<p><em>Kodeks punkt\u00f3w jest obecnie aktualizowany!<\/em><\/p>\n<\/div>\n\n\n\n<div class=\"wp-block-column is-vertically-aligned-center is-layout-flow wp-block-column-is-layout-flow\">\n<div class=\"wp-block-group is-style-framed has-global-padding is-layout-constrained wp-block-group-is-layout-constrained\">\n<p>Prosimy o <strong>Wpisowe w wysoko\u015bci 2 \u20ac<\/strong> za uczestnika w konkurencjach freestyle i routine (niezale\u017cnie od liczby zarejestrowanych rekwizyt\u00f3w). Op\u0142at\u0119 startow\u0105 nale\u017cy ui\u015bci\u0107 got\u00f3wk\u0105 na miejscu.<\/p>\n\n\n\n<p class=\"is-style-default\" style=\"font-size:clamp(0.875rem, 0.875rem + ((1vw - 0.2rem) * 0.196), 1rem);\"><em>Przyk\u0142ad oblicze\u0144: start uczestnika<\/em><em>w rutynowych zawodach<\/em><em>on<\/em><em>b z dwoma r\u00f3\u017cnymi rekwizytami = jeden raz 2&nbsp;<\/em><em>\u20ac; ten sam uczestnik startuje r\u00f3wnie\u017c w konkurencji freestyle = \u0142\u0105czna op\u0142ata startowa 4 \u20ac.<\/em><\/p>\n<\/div>\n<\/div>\n<\/div>\n\n\n\n<p>\u200b<\/p>\n\n\n\n<p><em>\u200b<\/em><\/p>\n\n\n\n<p>\u200b<\/p>\n\n\n\n<hr class=\"wp-block-separator has-alpha-channel-opacity is-style-keule\"\/>\n\n\n\n<h2 class=\"wp-block-heading has-text-align-center\" style=\"margin-top:var(--wp--preset--spacing--50);margin-bottom:var(--wp--preset--spacing--50)\">Kategorie konkursowe<\/h2>\n\n\n\n<div class=\"wp-block-columns is-layout-flex wp-container-core-columns-is-layout-28f84493 wp-block-columns-is-layout-flex\">\n<div class=\"wp-block-column is-layout-flow wp-block-column-is-layout-flow\">\n<h3 class=\"wp-block-heading\"><strong>Freestyle<\/strong><\/h3>\n\n\n\n<ul class=\"wp-block-list\">\n<li>Brak ograniczenia podp\u00f3r<\/li>\n\n\n\n<li>Uczestnicy rywalizuj\u0105 1 vs 1 w meczach<\/li>\n\n\n\n<li>Ka\u017cdy mecz sk\u0142ada si\u0119 z maksymalnie 3 rund (fina\u0142 5 rund).<\/li>\n\n\n\n<li>W ka\u017cdej rundzie ka\u017cdy uczestnik ma 3 pr\u00f3by wykonania 1 triku<\/li>\n\n\n\n<li>Ograniczenia: W ka\u017cdej rundzie dozwolona jest tylko ograniczona liczba rekwizyt\u00f3w:\n<ul class=\"wp-block-list\">\n<li>Rekwizyty w 1. rundzie 3-4,<\/li>\n\n\n\n<li>Rekwizyty w 2. rundzie 5-7,<\/li>\n\n\n\n<li>3. runda wszystko dozwolone<\/li>\n<\/ul>\n<\/li>\n<\/ul>\n<\/div>\n\n\n\n<div class=\"wp-block-column is-layout-flow wp-block-column-is-layout-flow\">\n<h3 class=\"wp-block-heading\"><strong>Procedury<\/strong><\/h3>\n\n\n\n<ul class=\"wp-block-list\">\n<li>Ka\u017cdy uczestnik wykonuje uk\u0142ad sk\u0142adaj\u0105cy si\u0119 z 10 trik\u00f3w z Code of Points<\/li>\n\n\n\n<li>Maksymalny limit czasu 90s na rutyn\u0119<\/li>\n\n\n\n<li>Zawody dla ka\u017cdego rekwizytu (pier\u015bcienie, pi\u0142ki, kije)<\/li>\n\n\n\n<li>1 oddzielny konkurs og\u00f3lny dla wszystkich rekwizyt\u00f3w<\/li>\n\n\n\n<li>Ocena jury na podstawie przyznanych punkt\u00f3w<\/li>\n\n\n\n<li>O zwyci\u0119stwie decyduje \u0142\u0105czna liczba zdobytych punkt\u00f3w<\/li>\n<\/ul>\n<\/div>\n<\/div>\n\n\n\n<hr class=\"wp-block-separator has-alpha-channel-opacity is-style-keule\"\/>\n\n\n\n<h2 class=\"wp-block-heading\" style=\"margin-top:var(--wp--preset--spacing--50);margin-bottom:var(--wp--preset--spacing--50)\">Kodeks punkt\u00f3w<\/h2>\n\n\n\n<ul class=\"wp-block-list\">\n<li>C. o. P. jest publiczn\u0105 bibliotek\u0105 wszystkich autoryzowanych (przes\u0142anych) sztuczek<\/li>\n\n\n\n<li>Ka\u017cdy uczestnik mo\u017ce u\u0142o\u017cy\u0107 rutyn\u0119 z C.O.P. lub przes\u0142a\u0107 j\u0105 niezw\u0142ocznie i podda\u0107 ocenie. W przypadku uczestnictwa kr\u00f3tkoterminowego rutyn\u0119 nale\u017cy przes\u0142a\u0107 najp\u00f3\u017aniej do godziny 12:00 w sobot\u0119 na konwencie.<\/li>\n\n\n\n<li>C.O.P. dzieli ka\u017cdy trik na kategorie A(1,0) , B (1,1) , C (1,2) ... w zale\u017cno\u015bci od stopnia trudno\u015bci i rodzaju rekwizytu.<\/li>\n\n\n\n<li>Po\u0142\u0105czenia s\u0105 oceniane indywidualnie i otrzymuj\u0105 punkty bonusowe w zale\u017cno\u015bci od ich trudno\u015bci (od 0,02 do 0,2 za po\u0142\u0105czenie).<\/li>\n\n\n\n<li>C. o. P. wyja\u015bnia r\u00f3wnie\u017c rodzaje i kwoty odlicze\u0144<\/li>\n<\/ul>\n\n\n\n<div class=\"wp-block-buttons is-layout-flex wp-block-buttons-is-layout-flex\">\n<div class=\"wp-block-button\"><a class=\"wp-block-button__link wp-element-button\" href=\"https:\/\/docs.google.com\/spreadsheets\/d\/10q2MkDyzJuVRitJQDFYVCxDzs-8dx55sk5-VyVVUi8E\/edit?gid=247353164#gid=247353164\" target=\"_blank\" rel=\"noreferrer noopener\">Kod punkt\u00f3w<\/a><\/div>\n<\/div>\n\n\n\n<hr class=\"wp-block-separator has-alpha-channel-opacity is-style-keule\"\/>\n\n\n\n<h2 class=\"wp-block-heading has-text-align-center\" style=\"margin-top:var(--wp--preset--spacing--50);margin-bottom:var(--wp--preset--spacing--50)\">Kto za tym stoi?<\/h2>\n\n\n\n<div class=\"wp-block-group has-accent-1-color has-text-color has-link-color wp-elements-b600ffd77561e02eb4317803cbed08f8 is-layout-grid wp-container-core-group-is-layout-2931688a wp-block-group-is-layout-grid\">\n<div class=\"wp-block-group has-accent-1-color has-light-background-color has-text-color has-background has-link-color wp-elements-4375d37b52f9bdb93fec82ae11139f04 has-global-padding is-layout-constrained wp-container-core-group-is-layout-80fb368b wp-block-group-is-layout-constrained\" style=\"padding-top:var(--wp--preset--spacing--30);padding-right:var(--wp--preset--spacing--30);padding-bottom:var(--wp--preset--spacing--30);padding-left:var(--wp--preset--spacing--30)\">\n<h3 class=\"wp-block-heading\">Max Kuschmierz<\/h3>\n\n\n\n<p>Jestem pasjonatem \u017conglerki od 2014 roku, cz\u0119sto sp\u0119dzaj\u0105c kilka godzin dziennie na doskonaleniu swojej sztuki. Zaczynaj\u0105c jako hobby, \u017conglowanie sta\u0142o si\u0119 teraz moim zawodem. To, co szczeg\u00f3lnie poci\u0105ga mnie w \u017conglerce sportowej, to ci\u0105g\u0142e nowe wyzwania i niemal niesko\u0144czone mo\u017cliwo\u015bci doskonalenia si\u0119! Mam nadziej\u0119, \u017ce wraz z pierwszymi mistrzostwami Niemiec w \u017conglerce zobacz\u0119 t\u0119 pasj\u0119 u wszystkich uczestnik\u00f3w!<\/p>\n<\/div>\n\n\n\n<div class=\"wp-block-group has-light-background-color has-background has-global-padding is-layout-constrained wp-container-core-group-is-layout-80fb368b wp-block-group-is-layout-constrained\" style=\"padding-top:var(--wp--preset--spacing--30);padding-right:var(--wp--preset--spacing--30);padding-bottom:var(--wp--preset--spacing--30);padding-left:var(--wp--preset--spacing--30)\">\n<h3 class=\"wp-block-heading\">Lena Schuster<\/h3>\n\n\n\n<p>Nauczy\u0142em si\u0119 \u017conglowa\u0107 w naszym szkolnym cyrku w 2014 roku i naprawd\u0119 zainteresowa\u0142em si\u0119 tym w 2015 roku, kiedy moja rodzina zdecydowa\u0142a si\u0119 pojecha\u0107 na EJC w Bruneck. Poza \u017conglowaniem gram i trenuj\u0119 koszyk\u00f3wk\u0119 oraz studiuj\u0119 in\u017cynieri\u0119 \u015brodowiska w Bayreuth. Nie mog\u0119 si\u0119 doczeka\u0107 bycia cz\u0119\u015bci\u0105 jury i zobaczenia, co poka\u017c\u0105 nam uczestnicy.<\/p>\n<\/div>\n\n\n\n<div class=\"wp-block-group has-light-background-color has-background has-global-padding is-layout-constrained wp-container-core-group-is-layout-80fb368b wp-block-group-is-layout-constrained\" style=\"padding-top:var(--wp--preset--spacing--30);padding-right:var(--wp--preset--spacing--30);padding-bottom:var(--wp--preset--spacing--30);padding-left:var(--wp--preset--spacing--30)\">\n<h3 class=\"wp-block-heading\">Max Amann<\/h3>\n\n\n\n<p>Jestem chemikiem, in\u017cynierem chemii i obecnie robi\u0119 doktorat na Uniwersytecie w Dortmundzie. W wolnym czasie du\u017co \u017congluj\u0119. Specjalizuj\u0119 si\u0119 w liczbach, prysznicach, r\u00f3wnowadze mi\u0119dzy klubami i \u017conglerce poi. Planujemy to wydarzenie od pocz\u0105tku 2022 roku i nie mog\u0119 si\u0119 doczeka\u0107 wyst\u0119p\u00f3w dobrych \u017congler\u00f3w i b\u0119d\u0119 ich ocenia\u0107 z entuzjazmem<\/p>\n<\/div>\n\n\n\n<div class=\"wp-block-group has-light-background-color has-background has-global-padding is-layout-constrained wp-container-core-group-is-layout-80fb368b wp-block-group-is-layout-constrained\" style=\"padding-top:var(--wp--preset--spacing--30);padding-right:var(--wp--preset--spacing--30);padding-bottom:var(--wp--preset--spacing--30);padding-left:var(--wp--preset--spacing--30)\">\n<h3 class=\"wp-block-heading\">Christian Hausschild<\/h3>\n\n\n\n<h4 class=\"wp-block-heading\">(\u0142awnik zast\u0119pczy)<\/h4>\n\n\n\n<p>\u017bonglerk\u0105 pasjonuj\u0119 si\u0119 od 2008 roku i z powodzeniem bra\u0142am udzia\u0142 w Mistrzostwach WJF w 2014 i 2018 roku. Nie mog\u0119 si\u0119 doczeka\u0107 zawod\u00f3w i wsp\u00f3lnego wydarzenia. Jestem r\u00f3wnie\u017c nauczycielem sta\u017cyst\u0105 w gimnazjum z przedmiot\u00f3w angielski i francuski, kt\u00f3rych uczy\u0142em si\u0119 w latach 2016-2022. Promowanie nast\u0119pnego pokolenia przysz\u0142ej niemieckiej elity \u017conglerskiej jest dla mnie bardzo wa\u017cne i mam nadziej\u0119, \u017ce mo\u017cemy si\u0119 do tego przyczyni\u0107 dzi\u0119ki temu wydarzeniu<\/p>\n<\/div>\n\n\n\n<div class=\"wp-block-group has-light-background-color has-background has-global-padding is-layout-constrained wp-container-core-group-is-layout-80fb368b wp-block-group-is-layout-constrained\" style=\"padding-top:var(--wp--preset--spacing--30);padding-right:var(--wp--preset--spacing--30);padding-bottom:var(--wp--preset--spacing--30);padding-left:var(--wp--preset--spacing--30)\">\n<h3 class=\"wp-block-heading\">Florian Lange<\/h3>\n\n\n\n<p>(Prezentacja wkr\u00f3tce!)<\/p>\n<\/div>\n\n\n\n<div class=\"wp-block-group has-light-background-color has-background has-global-padding is-layout-constrained wp-container-core-group-is-layout-80fb368b wp-block-group-is-layout-constrained\" style=\"padding-top:var(--wp--preset--spacing--30);padding-right:var(--wp--preset--spacing--30);padding-bottom:var(--wp--preset--spacing--30);padding-left:var(--wp--preset--spacing--30)\">\n<h3 class=\"wp-block-heading\">Fabian Fehlhaber<\/h3>\n\n\n\n<p>(Prezentacja wkr\u00f3tce!)<\/p>\n<\/div>\n\n\n\n<div class=\"wp-block-group has-light-background-color has-background has-global-padding is-layout-constrained wp-container-core-group-is-layout-80fb368b wp-block-group-is-layout-constrained\" style=\"padding-top:var(--wp--preset--spacing--30);padding-right:var(--wp--preset--spacing--30);padding-bottom:var(--wp--preset--spacing--30);padding-left:var(--wp--preset--spacing--30)\">\n<h3 class=\"wp-block-heading\">Theo Kupierz<\/h3>\n\n\n\n<p>(Prezentacja wkr\u00f3tce!)<\/p>\n<\/div>\n\n\n\n<div class=\"wp-block-group has-light-background-color has-background has-global-padding is-layout-constrained wp-container-core-group-is-layout-80fb368b wp-block-group-is-layout-constrained\" style=\"padding-top:var(--wp--preset--spacing--30);padding-right:var(--wp--preset--spacing--30);padding-bottom:var(--wp--preset--spacing--30);padding-left:var(--wp--preset--spacing--30)\">\n<h3 class=\"wp-block-heading\">Dennis Hauer<\/h3>\n\n\n\n<h4 class=\"wp-block-heading\">(\u0142awnik zast\u0119pczy)<\/h4>\n\n\n\n<p>(Prezentacja wkr\u00f3tce!)<\/p>\n<\/div>\n<\/div>\n\n\n\n<hr class=\"wp-block-separator has-alpha-channel-opacity is-style-keule\"\/>\n\n\n\n<div class=\"wp-block-buttons is-content-justification-center is-layout-flex wp-container-core-buttons-is-layout-a89b3969 wp-block-buttons-is-layout-flex\">\n<div class=\"wp-block-button\"><a class=\"wp-block-button__link has-text-align-center wp-element-button\" href=\"https:\/\/nica.network\/pl\/tohuwabohu\/\">Powr\u00f3t do konwencji Tohuwabohu<\/a><\/div>\n<\/div>\n<\/div>\n\n\n\n<p><\/p>","protected":false},"excerpt":{"rendered":"<p>Wir tragen aus: Meisterschaft im technischen Jonglieren 2024 findet die Zweite Deutsche Jonglagemeisterschaft im technischen Jonglieren statt. Sie wird am Sonntag w\u00e4hrend der diesj\u00e4hrigen Convention ausgetragen. Bitte f\u00fcr die Teilnahme an den Routinenwettbewerben f\u00fcr jedes Tool (B\u00e4lle, Ringe, Keulen) ein neues Teilnahmeformular ausf\u00fcllen! Der Code of Points wird derzeit aktualisiert! Wir bitten um eine Startgeb\u00fchr [&hellip;]<\/p>\n","protected":false},"author":88,"featured_media":0,"parent":525,"menu_order":0,"comment_status":"closed","ping_status":"closed","template":"","meta":{"footnotes":""},"class_list":["post-687","page","type-page","status-publish","hentry"],"_links":{"self":[{"href":"https:\/\/nica.network\/pl\/wp-json\/wp\/v2\/pages\/687","targetHints":{"allow":["GET"]}}],"collection":[{"href":"https:\/\/nica.network\/pl\/wp-json\/wp\/v2\/pages"}],"about":[{"href":"https:\/\/nica.network\/pl\/wp-json\/wp\/v2\/types\/page"}],"author":[{"embeddable":true,"href":"https:\/\/nica.network\/pl\/wp-json\/wp\/v2\/users\/88"}],"replies":[{"embeddable":true,"href":"https:\/\/nica.network\/pl\/wp-json\/wp\/v2\/comments?post=687"}],"version-history":[{"count":3,"href":"https:\/\/nica.network\/pl\/wp-json\/wp\/v2\/pages\/687\/revisions"}],"predecessor-version":[{"id":692,"href":"https:\/\/nica.network\/pl\/wp-json\/wp\/v2\/pages\/687\/revisions\/692"}],"up":[{"embeddable":true,"href":"https:\/\/nica.network\/pl\/wp-json\/wp\/v2\/pages\/525"}],"wp:attachment":[{"href":"https:\/\/nica.network\/pl\/wp-json\/wp\/v2\/media?parent=687"}],"curies":[{"name":"wp","href":"https:\/\/api.w.org\/{rel}","templated":true}]}}