{"id":193,"date":"2023-09-28T21:24:57","date_gmt":"2023-09-28T19:24:57","guid":{"rendered":"https:\/\/nica.network\/?page_id=193"},"modified":"2025-01-24T19:15:26","modified_gmt":"2025-01-24T18:15:26","slug":"zespol-2","status":"publish","type":"page","link":"https:\/\/nica.network\/pl\/das-team\/","title":{"rendered":"Zesp\u00f3\u0142"},"content":{"rendered":"<div class=\"wp-block-columns has-transparent-white-background-color has-background is-layout-flex wp-container-core-columns-is-layout-85958d59 wp-block-columns-is-layout-flex\" style=\"padding-top:var(--wp--preset--spacing--40);padding-right:var(--wp--preset--spacing--40);padding-bottom:var(--wp--preset--spacing--40);padding-left:var(--wp--preset--spacing--40)\">\n<div class=\"wp-block-column is-layout-flow wp-block-column-is-layout-flow\">\n<figure class=\"wp-block-image size-large is-style-circle\"><img loading=\"lazy\" decoding=\"async\" width=\"1024\" height=\"993\" src=\"https:\/\/nica.network\/wp-content\/uploads\/2023\/09\/Nica-Team-round-tiny-1024x993.png\" alt=\"\" class=\"wp-image-195\" srcset=\"https:\/\/nica.network\/wp-content\/uploads\/2023\/09\/Nica-Team-round-tiny-1024x993.png 1024w, https:\/\/nica.network\/wp-content\/uploads\/2023\/09\/Nica-Team-round-tiny-300x291.png 300w, https:\/\/nica.network\/wp-content\/uploads\/2023\/09\/Nica-Team-round-tiny-768x744.png 768w, https:\/\/nica.network\/wp-content\/uploads\/2023\/09\/Nica-Team-round-tiny-12x12.png 12w, https:\/\/nica.network\/wp-content\/uploads\/2023\/09\/Nica-Team-round-tiny.png 1400w\" sizes=\"auto, (max-width: 1024px) 100vw, 1024px\" \/><\/figure>\n<\/div>\n\n\n\n<div class=\"wp-block-column is-vertically-aligned-center is-layout-flow wp-block-column-is-layout-flow\">\n<h1 class=\"wp-block-heading is-style-default\">Nasz zesp\u00f3\u0142<\/h1>\n\n\n\n<p>Zesp\u00f3\u0142 NICA e.V. sk\u0142ada si\u0119 z grupy oddanych i wykwalifikowanych profesjonalist\u00f3w, kt\u00f3rzy wnosz\u0105 swoje unikalne umiej\u0119tno\u015bci i pasje do promowania i rozpowszechniania \u015bwiata sztuk cyrkowych. Dzi\u0119ki zr\u00f3\u017cnicowanej mieszance \u015brodowisk edukacyjnych, artystycznych i naukowych, nasz zesp\u00f3\u0142 oferuje kompleksowe i interdyscyplinarne szkolenia. Ka\u017cdy cz\u0142onek wnosi swoje indywidualne umiej\u0119tno\u015bci i do\u015bwiadczenie, zjednoczone wsp\u00f3ln\u0105 pasj\u0105 do sztuki cyrkowej i zaanga\u017cowaniem w NICA e.V. Jako cz\u0142onkowie-za\u0142o\u017cyciele i cz\u0142onkowie zarz\u0105du jeste\u015bmy pasjonatami rozpowszechniania i wzmacniania sztuki cyrkowej we wszystkich jej formach.<\/p>\n<\/div>\n<\/div>\n\n\n\n<div class=\"wp-block-group is-layout-grid wp-container-core-group-is-layout-510ef126 wp-block-group-is-layout-grid\">\n<div class=\"wp-block-group has-transparent-white-background-color has-background is-layout-flow wp-block-group-is-layout-flow\" style=\"padding-top:var(--wp--preset--spacing--40);padding-right:var(--wp--preset--spacing--40);padding-bottom:var(--wp--preset--spacing--40);padding-left:var(--wp--preset--spacing--40)\">\n<figure class=\"wp-block-image aligncenter size-medium is-style-circle\"><img loading=\"lazy\" decoding=\"async\" width=\"300\" height=\"300\" src=\"https:\/\/nica.network\/wp-content\/uploads\/2023\/10\/Charleen-Hoffmann-300x300.png\" alt=\"\" class=\"wp-image-323\" srcset=\"https:\/\/nica.network\/wp-content\/uploads\/2023\/10\/Charleen-Hoffmann-300x300.png 300w, https:\/\/nica.network\/wp-content\/uploads\/2023\/10\/Charleen-Hoffmann-150x150.png 150w, https:\/\/nica.network\/wp-content\/uploads\/2023\/10\/Charleen-Hoffmann-500x500.png 500w, https:\/\/nica.network\/wp-content\/uploads\/2023\/10\/Charleen-Hoffmann-12x12.png 12w, https:\/\/nica.network\/wp-content\/uploads\/2023\/10\/Charleen-Hoffmann.png 752w\" sizes=\"auto, (max-width: 300px) 100vw, 300px\" \/><\/figure>\n\n\n\n<h3 class=\"wp-block-heading\">Charleen Hoffmann<\/h3>\n\n\n\n<p>Charleen Hoffmann \u0142\u0105czy swoj\u0105 pasj\u0119 do sztuk cyrkowych z solidnym wykszta\u0142ceniem naukowym. Uko\u0144czy\u0142a szkolenie trener\u00f3w cyrkowych w Villa J\u00fchling w 2022 r., a od 2022 r. jest r\u00f3wnie\u017c facylitatorem \u017conglerki funkcjonalnej. Przed rozpocz\u0119ciem kariery pedagoga cyrkowego uko\u0144czy\u0142a studia licencjackie z nauk pedagogicznych na Uniwersytecie Marcina Lutra w Halle w 2019 r. Swoj\u0105 wiedz\u0119 i umiej\u0119tno\u015bci wykorzystuje jako cz\u0142onek zarz\u0105du i cz\u0142onek-za\u0142o\u017cyciel NICA e.V.<\/p>\n<\/div>\n\n\n\n<div class=\"wp-block-group has-transparent-white-background-color has-background is-layout-flow wp-block-group-is-layout-flow\" style=\"padding-top:var(--wp--preset--spacing--40);padding-right:var(--wp--preset--spacing--40);padding-bottom:var(--wp--preset--spacing--40);padding-left:var(--wp--preset--spacing--40)\">\n<figure class=\"wp-block-image aligncenter size-medium is-style-circle\"><img loading=\"lazy\" decoding=\"async\" width=\"300\" height=\"300\" src=\"https:\/\/nica.network\/wp-content\/uploads\/2023\/10\/Peter-Huhndorf-300x300.png\" alt=\"\" class=\"wp-image-324\" srcset=\"https:\/\/nica.network\/wp-content\/uploads\/2023\/10\/Peter-Huhndorf-300x300.png 300w, https:\/\/nica.network\/wp-content\/uploads\/2023\/10\/Peter-Huhndorf-150x150.png 150w, https:\/\/nica.network\/wp-content\/uploads\/2023\/10\/Peter-Huhndorf-500x500.png 500w, https:\/\/nica.network\/wp-content\/uploads\/2023\/10\/Peter-Huhndorf-12x12.png 12w, https:\/\/nica.network\/wp-content\/uploads\/2023\/10\/Peter-Huhndorf.png 752w\" sizes=\"auto, (max-width: 300px) 100vw, 300px\" \/><\/figure>\n\n\n\n<h3 class=\"wp-block-heading\">Peter Huhndorf<\/h3>\n\n\n\n<p>Peter Huhndorf ma zr\u00f3\u017cnicowane do\u015bwiadczenie, kt\u00f3re obejmuje zar\u00f3wno pedagogik\u0119 cyrkow\u0105, jak i szkolenia z zakresu nauk o \u017cywieniu. Od 2022 roku jest facylitatorem \u017conglerki funkcjonalnej. Ponadto Peter uzyska\u0142 tytu\u0142 licencjata w dziedzinie nauk o \u017cywieniu na Uniwersytecie Marcina Lutra w Halle w 2020 r. Jako za\u0142o\u017cyciel i cz\u0142onek zarz\u0105du NICA e.V. wnosi do organizacji swoj\u0105 wiedz\u0119 i pasj\u0119 do cyrku i zdrowia.<\/p>\n<\/div>\n\n\n\n<div class=\"wp-block-group has-transparent-white-background-color has-background is-layout-flow wp-block-group-is-layout-flow\" style=\"padding-top:var(--wp--preset--spacing--40);padding-right:var(--wp--preset--spacing--40);padding-bottom:var(--wp--preset--spacing--40);padding-left:var(--wp--preset--spacing--40)\">\n<figure class=\"wp-block-image aligncenter size-medium is-style-circle\"><img loading=\"lazy\" decoding=\"async\" width=\"300\" height=\"300\" src=\"https:\/\/nica.network\/wp-content\/uploads\/2023\/10\/Lilith-Dekow-300x300.png\" alt=\"\" class=\"wp-image-322\" srcset=\"https:\/\/nica.network\/wp-content\/uploads\/2023\/10\/Lilith-Dekow-300x300.png 300w, https:\/\/nica.network\/wp-content\/uploads\/2023\/10\/Lilith-Dekow-150x150.png 150w, https:\/\/nica.network\/wp-content\/uploads\/2023\/10\/Lilith-Dekow-500x500.png 500w, https:\/\/nica.network\/wp-content\/uploads\/2023\/10\/Lilith-Dekow-12x12.png 12w, https:\/\/nica.network\/wp-content\/uploads\/2023\/10\/Lilith-Dekow.png 756w\" sizes=\"auto, (max-width: 300px) 100vw, 300px\" \/><\/figure>\n\n\n\n<h3 class=\"wp-block-heading\">Lilith Dekow<\/h3>\n\n\n\n<p>Lilith Dekow wnosi do zespo\u0142u mieszank\u0119 wiedzy z zakresu kultury, medi\u00f3w i edukacji cyrkowej. Po szkoleniu w cyrku spo\u0142ecznym z Cabuwazi w 2021 roku, obecnie jest na 6. semestrze studi\u00f3w w zakresie edukacji kulturalnej i medialnej na Uniwersytecie Nauk Stosowanych w Merseburgu. W 2022 r. uko\u0144czy\u0142a r\u00f3wnie\u017c szkolenie jako Functional Juggling Facilitator. Opr\u00f3cz umiej\u0119tno\u015bci pedagogicznych Lilith jest r\u00f3wnie\u017c utalentowan\u0105 artystk\u0105 powietrzn\u0105. Jest dumnym cz\u0142onkiem-za\u0142o\u017cycielem NICA e.V.<\/p>\n<\/div>\n\n\n\n<div class=\"wp-block-group has-transparent-white-background-color has-background is-layout-flow wp-block-group-is-layout-flow\" style=\"padding-top:var(--wp--preset--spacing--40);padding-right:var(--wp--preset--spacing--40);padding-bottom:var(--wp--preset--spacing--40);padding-left:var(--wp--preset--spacing--40)\">\n<figure class=\"wp-block-image aligncenter size-medium is-style-circle\"><img loading=\"lazy\" decoding=\"async\" width=\"298\" height=\"300\" src=\"https:\/\/nica.network\/wp-content\/uploads\/2023\/10\/Marc-Bielert-298x300.png\" alt=\"\" class=\"wp-image-325\" srcset=\"https:\/\/nica.network\/wp-content\/uploads\/2023\/10\/Marc-Bielert-298x300.png 298w, https:\/\/nica.network\/wp-content\/uploads\/2023\/10\/Marc-Bielert-150x150.png 150w, https:\/\/nica.network\/wp-content\/uploads\/2023\/10\/Marc-Bielert-12x12.png 12w, https:\/\/nica.network\/wp-content\/uploads\/2023\/10\/Marc-Bielert.png 756w\" sizes=\"auto, (max-width: 298px) 100vw, 298px\" \/><\/figure>\n\n\n\n<h3 class=\"wp-block-heading\">Marc Bielert<\/h3>\n\n\n\n<p>Marc Bielert jest do\u015bwiadczonym trenerem i artyst\u0105 cyrkowym, specjalizuj\u0105cym si\u0119 w \u017conglerce. Uko\u0144czy\u0142 szkolenie trenerskie zgodnie ze standardem BAGZP w ZZB Halle e.V. w 2013 roku. Dalsze kwalifikacje obejmuj\u0105 certyfikat w dziedzinie cyrku spo\u0142ecznego, kt\u00f3ry uzyska\u0142 w Cabuwazi w 2016 r., oraz szkolenie jako Functional Juggling Facilitator w 2018 r. Ostatnio uko\u0144czy\u0142 dalsze szkolenie w Zirkus Sonnenstich w 2020 r. Marc jest nie tylko wieloletnim pasjonatem \u017conglerki, ale tak\u017ce przedstawicielem QuatProp Collective i Functional Juggling w Niemczech. Jako za\u0142o\u017cyciel i cz\u0142onek zarz\u0105du NICA e.V. jest r\u00f3wnie\u017c zaanga\u017cowany w promowanie sztuk cyrkowych.<\/p>\n<\/div>\n<\/div>","protected":false},"excerpt":{"rendered":"<p>Unser Team Das Team von NICA e.V. setzt sich aus einer Gruppe engagierter und qualifizierter Fachleute zusammen, die ihre einzigartigen F\u00e4higkeiten und Leidenschaften einbringen, um die Welt der Zirkuskunst zu f\u00f6rdern und zu verbreiten. Mit einer vielf\u00e4ltigen Mischung aus p\u00e4dagogischen, artistischen und wissenschaftlichen Hintergr\u00fcnden bietet unser Team ein umfangreiches und interdisziplin\u00e4res Training an. Jedes Mitglied [&hellip;]<\/p>\n","protected":false},"author":1,"featured_media":0,"parent":0,"menu_order":0,"comment_status":"closed","ping_status":"closed","template":"","meta":{"footnotes":""},"class_list":["post-193","page","type-page","status-publish","hentry"],"_links":{"self":[{"href":"https:\/\/nica.network\/pl\/wp-json\/wp\/v2\/pages\/193","targetHints":{"allow":["GET"]}}],"collection":[{"href":"https:\/\/nica.network\/pl\/wp-json\/wp\/v2\/pages"}],"about":[{"href":"https:\/\/nica.network\/pl\/wp-json\/wp\/v2\/types\/page"}],"author":[{"embeddable":true,"href":"https:\/\/nica.network\/pl\/wp-json\/wp\/v2\/users\/1"}],"replies":[{"embeddable":true,"href":"https:\/\/nica.network\/pl\/wp-json\/wp\/v2\/comments?post=193"}],"version-history":[{"count":27,"href":"https:\/\/nica.network\/pl\/wp-json\/wp\/v2\/pages\/193\/revisions"}],"predecessor-version":[{"id":656,"href":"https:\/\/nica.network\/pl\/wp-json\/wp\/v2\/pages\/193\/revisions\/656"}],"wp:attachment":[{"href":"https:\/\/nica.network\/pl\/wp-json\/wp\/v2\/media?parent=193"}],"curies":[{"name":"wp","href":"https:\/\/api.w.org\/{rel}","templated":true}]}}