{"id":687,"date":"2025-01-26T10:48:45","date_gmt":"2025-01-26T09:48:45","guid":{"rendered":"https:\/\/nica.network\/?page_id=687"},"modified":"2025-01-26T10:50:47","modified_gmt":"2025-01-26T09:50:47","slug":"campionato-di-giocoleria","status":"publish","type":"page","link":"https:\/\/nica.network\/it\/tohuwabohu\/jonglage-meisterschaft\/","title":{"rendered":"Campionato di giocoleria tecnica"},"content":{"rendered":"<div class=\"wp-block-group has-accent-1-background-color has-background has-global-padding is-layout-constrained wp-block-group-is-layout-constrained\">\n<p class=\"has-text-align-center\"><strong>Realizziamo:<\/strong><\/p>\n\n\n\n<h1 class=\"wp-block-heading has-text-align-center is-style-gradient\">Campionato di giocoleria tecnica<\/h1>\n\n\n\n<hr class=\"wp-block-separator has-alpha-channel-opacity is-style-keule\"\/>\n\n\n\n<div class=\"wp-block-columns are-vertically-aligned-center is-layout-flex wp-container-core-columns-is-layout-28f84493 wp-block-columns-is-layout-flex\">\n<div class=\"wp-block-column is-vertically-aligned-center is-layout-flow wp-block-column-is-layout-flow\">\n<p>Il secondo campionato tedesco di giocoleria tecnica si terr\u00e0 nel 2024. Si terr\u00e0 domenica durante la convention di quest'anno.<\/p>\n\n\n\n<p><strong>Compilare un nuovo modulo di iscrizione per ogni attrezzo (palle, anelli, clave) per partecipare alle gare di routine!<\/strong><\/p>\n\n\n\n<p><em>Il Codice dei punti \u00e8 in fase di aggiornamento!<\/em><\/p>\n<\/div>\n\n\n\n<div class=\"wp-block-column is-vertically-aligned-center is-layout-flow wp-block-column-is-layout-flow\">\n<div class=\"wp-block-group is-style-framed has-global-padding is-layout-constrained wp-block-group-is-layout-constrained\">\n<p>Chiediamo un <strong>Quota di iscrizione pari a \u20ac 2<\/strong> per partecipante per le gare di freestyle e routine (indipendentemente dal numero di puntelli iscritti). Si prega di pagare la quota di iscrizione in contanti sul posto.<\/p>\n\n\n\n<p class=\"is-style-default\" style=\"font-size:clamp(0.875rem, 0.875rem + ((1vw - 0.2rem) * 0.196), 1rem);\"><em>Esempio di calcolo: inizio del partecipante<\/em><em>nelle competizioni di routine<\/em><em>lui<\/em><em>b con due puntelli diversi = una volta 2&nbsp;<\/em><em>\u20ac; lo stesso partecipante parte anche nella gara di freestyle = quota di iscrizione totale di 4 \u20ac.<\/em><\/p>\n<\/div>\n<\/div>\n<\/div>\n\n\n\n<p>\u200b<\/p>\n\n\n\n<p><em>\u200b<\/em><\/p>\n\n\n\n<p>\u200b<\/p>\n\n\n\n<hr class=\"wp-block-separator has-alpha-channel-opacity is-style-keule\"\/>\n\n\n\n<h2 class=\"wp-block-heading has-text-align-center\" style=\"margin-top:var(--wp--preset--spacing--50);margin-bottom:var(--wp--preset--spacing--50)\">Categorie di concorso<\/h2>\n\n\n\n<div class=\"wp-block-columns is-layout-flex wp-container-core-columns-is-layout-28f84493 wp-block-columns-is-layout-flex\">\n<div class=\"wp-block-column is-layout-flow wp-block-column-is-layout-flow\">\n<h3 class=\"wp-block-heading\"><strong>Stile libero<\/strong><\/h3>\n\n\n\n<ul class=\"wp-block-list\">\n<li>Nessuna limitazione del puntello<\/li>\n\n\n\n<li>I partecipanti si sfidano 1 contro 1 in partite<\/li>\n\n\n\n<li>Ogni partita consiste in un massimo di 3 turni (finale 5 turni).<\/li>\n\n\n\n<li>In ogni round, ogni partecipante ha a disposizione 3 tentativi per eseguire 1 trucco.<\/li>\n\n\n\n<li>Limitazione: \u00e8 consentito solo un numero limitato di oggetti di scena per turno:\n<ul class=\"wp-block-list\">\n<li>1\u00b0 turno 3-4 puntelli,<\/li>\n\n\n\n<li>2\u00b0 turno 5-7 puntelli,<\/li>\n\n\n\n<li>3\u00b0 turno tutto ci\u00f2 che \u00e8 consentito<\/li>\n<\/ul>\n<\/li>\n<\/ul>\n<\/div>\n\n\n\n<div class=\"wp-block-column is-layout-flow wp-block-column-is-layout-flow\">\n<h3 class=\"wp-block-heading\"><strong>Routine<\/strong><\/h3>\n\n\n\n<ul class=\"wp-block-list\">\n<li>Ogni partecipante esegue una routine composta da 10 trucchi del Codice dei Punti.<\/li>\n\n\n\n<li>Limite di tempo massimo di 90s per routine<\/li>\n\n\n\n<li>Una gara per ogni oggetto di scena (anelli, palline, mazze)<\/li>\n\n\n\n<li>1 concorso generale separato per tutti gli oggetti di scena<\/li>\n\n\n\n<li>Valutazione della giuria in base ai punti assegnati<\/li>\n\n\n\n<li>Il vincitore \u00e8 determinato dal numero totale di punti ottenuti.<\/li>\n<\/ul>\n<\/div>\n<\/div>\n\n\n\n<hr class=\"wp-block-separator has-alpha-channel-opacity is-style-keule\"\/>\n\n\n\n<h2 class=\"wp-block-heading\" style=\"margin-top:var(--wp--preset--spacing--50);margin-bottom:var(--wp--preset--spacing--50)\">Codice dei punti<\/h2>\n\n\n\n<ul class=\"wp-block-list\">\n<li>C. o. P. \u00e8 una biblioteca pubblica di tutti i trucchi autorizzati (presentati).<\/li>\n\n\n\n<li>Ogni partecipante pu\u00f2 mettere insieme una routine dal C.d.P. o inviarla tempestivamente e farla giudicare. Per la partecipazione a breve termine, la routine deve essere presentata entro le 12:00 di sabato alla convention.<\/li>\n\n\n\n<li>Il C.d.P. divide ogni trucco in una categoria di A (1,0), B (1,1), C (1,2)... a seconda del grado di difficolt\u00e0 e del tipo di attrezzo.<\/li>\n\n\n\n<li>Le connessioni vengono valutate individualmente e guadagnano punti bonus in base alla loro difficolt\u00e0 (da 0,02 a 0,2 per connessione).<\/li>\n\n\n\n<li>Il C.d.P. spiega anche i tipi e gli importi delle detrazioni.<\/li>\n<\/ul>\n\n\n\n<div class=\"wp-block-buttons is-layout-flex wp-block-buttons-is-layout-flex\">\n<div class=\"wp-block-button\"><a class=\"wp-block-button__link wp-element-button\" href=\"https:\/\/docs.google.com\/spreadsheets\/d\/10q2MkDyzJuVRitJQDFYVCxDzs-8dx55sk5-VyVVUi8E\/edit?gid=247353164#gid=247353164\" target=\"_blank\" rel=\"noreferrer noopener\">Codice dei punti<\/a><\/div>\n<\/div>\n\n\n\n<hr class=\"wp-block-separator has-alpha-channel-opacity is-style-keule\"\/>\n\n\n\n<h2 class=\"wp-block-heading has-text-align-center\" style=\"margin-top:var(--wp--preset--spacing--50);margin-bottom:var(--wp--preset--spacing--50)\">Chi c'\u00e8 dietro?<\/h2>\n\n\n\n<div class=\"wp-block-group has-accent-1-color has-text-color has-link-color wp-elements-b600ffd77561e02eb4317803cbed08f8 is-layout-grid wp-container-core-group-is-layout-2931688a wp-block-group-is-layout-grid\">\n<div class=\"wp-block-group has-accent-1-color has-light-background-color has-text-color has-background has-link-color wp-elements-4375d37b52f9bdb93fec82ae11139f04 has-global-padding is-layout-constrained wp-container-core-group-is-layout-80fb368b wp-block-group-is-layout-constrained\" style=\"padding-top:var(--wp--preset--spacing--30);padding-right:var(--wp--preset--spacing--30);padding-bottom:var(--wp--preset--spacing--30);padding-left:var(--wp--preset--spacing--30)\">\n<h3 class=\"wp-block-heading\">Max Kuschmierz<\/h3>\n\n\n\n<p>Mi sono appassionata alla giocoleria dal 2014, trascorrendo spesso diverse ore al giorno a perfezionare la mia arte. Iniziata per hobby, la giocoleria \u00e8 diventata la mia professione. Ci\u00f2 che mi attrae particolarmente della giocoleria sportiva sono le continue nuove sfide e le possibilit\u00e0 quasi infinite di migliorare! Con il primo campionato tedesco di giocoleria, spero di vedere questa passione in tutti i partecipanti!<\/p>\n<\/div>\n\n\n\n<div class=\"wp-block-group has-light-background-color has-background has-global-padding is-layout-constrained wp-container-core-group-is-layout-80fb368b wp-block-group-is-layout-constrained\" style=\"padding-top:var(--wp--preset--spacing--30);padding-right:var(--wp--preset--spacing--30);padding-bottom:var(--wp--preset--spacing--30);padding-left:var(--wp--preset--spacing--30)\">\n<h3 class=\"wp-block-heading\">Lena Schuster<\/h3>\n\n\n\n<p>Ho imparato a fare il giocoliere nel circo della nostra scuola nel 2014 e mi sono appassionato nel 2015 quando la mia famiglia ha deciso di andare all'EJC di Brunico. Oltre alla giocoleria, gioco e alleno a basket e studio ingegneria ambientale a Bayreuth. Non vedo l'ora di far parte della giuria e di vedere cosa ci mostreranno i partecipanti\".<\/p>\n<\/div>\n\n\n\n<div class=\"wp-block-group has-light-background-color has-background has-global-padding is-layout-constrained wp-container-core-group-is-layout-80fb368b wp-block-group-is-layout-constrained\" style=\"padding-top:var(--wp--preset--spacing--30);padding-right:var(--wp--preset--spacing--30);padding-bottom:var(--wp--preset--spacing--30);padding-left:var(--wp--preset--spacing--30)\">\n<h3 class=\"wp-block-heading\">Max Amann<\/h3>\n\n\n\n<p>Sono un chimico, un ingegnere chimico e attualmente sto svolgendo un dottorato all'Universit\u00e0 TU di Dortmund. Nel tempo libero faccio molto il giocoliere. Sono specializzato in numeri, docce, equilibrio tra club e poi. Stiamo pianificando questo evento dall'inizio del 2022 e non vedo l'ora di assistere alle esibizioni di bravi giocolieri, che giudicher\u00f2 con entusiasmo.<\/p>\n<\/div>\n\n\n\n<div class=\"wp-block-group has-light-background-color has-background has-global-padding is-layout-constrained wp-container-core-group-is-layout-80fb368b wp-block-group-is-layout-constrained\" style=\"padding-top:var(--wp--preset--spacing--30);padding-right:var(--wp--preset--spacing--30);padding-bottom:var(--wp--preset--spacing--30);padding-left:var(--wp--preset--spacing--30)\">\n<h3 class=\"wp-block-heading\">Christian Hausschild<\/h3>\n\n\n\n<h4 class=\"wp-block-heading\">(giurato sostituto)<\/h4>\n\n\n\n<p>Sono appassionata di giocoleria dal 2008, con partecipazioni di successo ai campionati WJF nel 2014 e nel 2018. Sono ansiosa di conoscere i partecipanti alla competizione e all'evento congiunto. Sono anche un'insegnante tirocinante presso un ginnasio per le materie inglese e francese, che ho studiato dal 2016 al 2022. Promuovere la prossima generazione della futura \u00e9lite della giocoleria tedesca \u00e8 molto importante per me e spero che con questo evento potremo contribuire a questo obiettivo\".<\/p>\n<\/div>\n\n\n\n<div class=\"wp-block-group has-light-background-color has-background has-global-padding is-layout-constrained wp-container-core-group-is-layout-80fb368b wp-block-group-is-layout-constrained\" style=\"padding-top:var(--wp--preset--spacing--30);padding-right:var(--wp--preset--spacing--30);padding-bottom:var(--wp--preset--spacing--30);padding-left:var(--wp--preset--spacing--30)\">\n<h3 class=\"wp-block-heading\">Florian Lange<\/h3>\n\n\n\n<p>(Presentazione a seguire!)<\/p>\n<\/div>\n\n\n\n<div class=\"wp-block-group has-light-background-color has-background has-global-padding is-layout-constrained wp-container-core-group-is-layout-80fb368b wp-block-group-is-layout-constrained\" style=\"padding-top:var(--wp--preset--spacing--30);padding-right:var(--wp--preset--spacing--30);padding-bottom:var(--wp--preset--spacing--30);padding-left:var(--wp--preset--spacing--30)\">\n<h3 class=\"wp-block-heading\">Fabian Fehlhaber<\/h3>\n\n\n\n<p>(Presentazione a seguire!)<\/p>\n<\/div>\n\n\n\n<div class=\"wp-block-group has-light-background-color has-background has-global-padding is-layout-constrained wp-container-core-group-is-layout-80fb368b wp-block-group-is-layout-constrained\" style=\"padding-top:var(--wp--preset--spacing--30);padding-right:var(--wp--preset--spacing--30);padding-bottom:var(--wp--preset--spacing--30);padding-left:var(--wp--preset--spacing--30)\">\n<h3 class=\"wp-block-heading\">Theo Kupierz<\/h3>\n\n\n\n<p>(Presentazione a seguire!)<\/p>\n<\/div>\n\n\n\n<div class=\"wp-block-group has-light-background-color has-background has-global-padding is-layout-constrained wp-container-core-group-is-layout-80fb368b wp-block-group-is-layout-constrained\" style=\"padding-top:var(--wp--preset--spacing--30);padding-right:var(--wp--preset--spacing--30);padding-bottom:var(--wp--preset--spacing--30);padding-left:var(--wp--preset--spacing--30)\">\n<h3 class=\"wp-block-heading\">Dennis Hauer<\/h3>\n\n\n\n<h4 class=\"wp-block-heading\">(giurato sostituto)<\/h4>\n\n\n\n<p>(Presentazione a seguire!)<\/p>\n<\/div>\n<\/div>\n\n\n\n<hr class=\"wp-block-separator has-alpha-channel-opacity is-style-keule\"\/>\n\n\n\n<div class=\"wp-block-buttons is-content-justification-center is-layout-flex wp-container-core-buttons-is-layout-a89b3969 wp-block-buttons-is-layout-flex\">\n<div class=\"wp-block-button\"><a class=\"wp-block-button__link has-text-align-center wp-element-button\" href=\"https:\/\/nica.network\/it\/tohuwabohu\/\">Torna alla Convenzione di Tohuwabohu<\/a><\/div>\n<\/div>\n<\/div>\n\n\n\n<p><\/p>","protected":false},"excerpt":{"rendered":"<p>Wir tragen aus: Meisterschaft im technischen Jonglieren 2024 findet die Zweite Deutsche Jonglagemeisterschaft im technischen Jonglieren statt. Sie wird am Sonntag w\u00e4hrend der diesj\u00e4hrigen Convention ausgetragen. Bitte f\u00fcr die Teilnahme an den Routinenwettbewerben f\u00fcr jedes Tool (B\u00e4lle, Ringe, Keulen) ein neues Teilnahmeformular ausf\u00fcllen! Der Code of Points wird derzeit aktualisiert! Wir bitten um eine Startgeb\u00fchr [&hellip;]<\/p>\n","protected":false},"author":88,"featured_media":0,"parent":525,"menu_order":0,"comment_status":"closed","ping_status":"closed","template":"","meta":{"footnotes":""},"class_list":["post-687","page","type-page","status-publish","hentry"],"_links":{"self":[{"href":"https:\/\/nica.network\/it\/wp-json\/wp\/v2\/pages\/687","targetHints":{"allow":["GET"]}}],"collection":[{"href":"https:\/\/nica.network\/it\/wp-json\/wp\/v2\/pages"}],"about":[{"href":"https:\/\/nica.network\/it\/wp-json\/wp\/v2\/types\/page"}],"author":[{"embeddable":true,"href":"https:\/\/nica.network\/it\/wp-json\/wp\/v2\/users\/88"}],"replies":[{"embeddable":true,"href":"https:\/\/nica.network\/it\/wp-json\/wp\/v2\/comments?post=687"}],"version-history":[{"count":3,"href":"https:\/\/nica.network\/it\/wp-json\/wp\/v2\/pages\/687\/revisions"}],"predecessor-version":[{"id":692,"href":"https:\/\/nica.network\/it\/wp-json\/wp\/v2\/pages\/687\/revisions\/692"}],"up":[{"embeddable":true,"href":"https:\/\/nica.network\/it\/wp-json\/wp\/v2\/pages\/525"}],"wp:attachment":[{"href":"https:\/\/nica.network\/it\/wp-json\/wp\/v2\/media?parent=687"}],"curies":[{"name":"wp","href":"https:\/\/api.w.org\/{rel}","templated":true}]}}