{"id":193,"date":"2023-09-28T21:24:57","date_gmt":"2023-09-28T19:24:57","guid":{"rendered":"https:\/\/nica.network\/?page_id=193"},"modified":"2025-01-24T19:15:26","modified_gmt":"2025-01-24T18:15:26","slug":"la-squadra-2","status":"publish","type":"page","link":"https:\/\/nica.network\/it\/das-team\/","title":{"rendered":"Il team"},"content":{"rendered":"<div class=\"wp-block-columns has-transparent-white-background-color has-background is-layout-flex wp-container-core-columns-is-layout-85958d59 wp-block-columns-is-layout-flex\" style=\"padding-top:var(--wp--preset--spacing--40);padding-right:var(--wp--preset--spacing--40);padding-bottom:var(--wp--preset--spacing--40);padding-left:var(--wp--preset--spacing--40)\">\n<div class=\"wp-block-column is-layout-flow wp-block-column-is-layout-flow\">\n<figure class=\"wp-block-image size-large is-style-circle\"><img loading=\"lazy\" decoding=\"async\" width=\"1024\" height=\"993\" src=\"https:\/\/nica.network\/wp-content\/uploads\/2023\/09\/Nica-Team-round-tiny-1024x993.png\" alt=\"\" class=\"wp-image-195\" srcset=\"https:\/\/nica.network\/wp-content\/uploads\/2023\/09\/Nica-Team-round-tiny-1024x993.png 1024w, https:\/\/nica.network\/wp-content\/uploads\/2023\/09\/Nica-Team-round-tiny-300x291.png 300w, https:\/\/nica.network\/wp-content\/uploads\/2023\/09\/Nica-Team-round-tiny-768x744.png 768w, https:\/\/nica.network\/wp-content\/uploads\/2023\/09\/Nica-Team-round-tiny-12x12.png 12w, https:\/\/nica.network\/wp-content\/uploads\/2023\/09\/Nica-Team-round-tiny.png 1400w\" sizes=\"auto, (max-width: 1024px) 100vw, 1024px\" \/><\/figure>\n<\/div>\n\n\n\n<div class=\"wp-block-column is-vertically-aligned-center is-layout-flow wp-block-column-is-layout-flow\">\n<h1 class=\"wp-block-heading is-style-default\">Il nostro team<\/h1>\n\n\n\n<p>Il team di NICA e.V. \u00e8 composto da un gruppo di professionisti dedicati e qualificati che apportano le loro competenze e passioni uniche per promuovere e diffondere il mondo delle arti circensi. Con un mix eterogeneo di background educativi, artistici e scientifici, il nostro team offre una formazione completa e interdisciplinare. Ciascun membro apporta le proprie competenze ed esperienze individuali, unite dalla passione comune per le arti circensi e dall'impegno nei confronti della NICA e.V. In qualit\u00e0 di soci fondatori e membri del consiglio direttivo, ci impegniamo con passione a diffondere e rafforzare le arti circensi in tutte le loro forme.<\/p>\n<\/div>\n<\/div>\n\n\n\n<div class=\"wp-block-group is-layout-grid wp-container-core-group-is-layout-510ef126 wp-block-group-is-layout-grid\">\n<div class=\"wp-block-group has-transparent-white-background-color has-background is-layout-flow wp-block-group-is-layout-flow\" style=\"padding-top:var(--wp--preset--spacing--40);padding-right:var(--wp--preset--spacing--40);padding-bottom:var(--wp--preset--spacing--40);padding-left:var(--wp--preset--spacing--40)\">\n<figure class=\"wp-block-image aligncenter size-medium is-style-circle\"><img loading=\"lazy\" decoding=\"async\" width=\"300\" height=\"300\" src=\"https:\/\/nica.network\/wp-content\/uploads\/2023\/10\/Charleen-Hoffmann-300x300.png\" alt=\"\" class=\"wp-image-323\" srcset=\"https:\/\/nica.network\/wp-content\/uploads\/2023\/10\/Charleen-Hoffmann-300x300.png 300w, https:\/\/nica.network\/wp-content\/uploads\/2023\/10\/Charleen-Hoffmann-150x150.png 150w, https:\/\/nica.network\/wp-content\/uploads\/2023\/10\/Charleen-Hoffmann-500x500.png 500w, https:\/\/nica.network\/wp-content\/uploads\/2023\/10\/Charleen-Hoffmann-12x12.png 12w, https:\/\/nica.network\/wp-content\/uploads\/2023\/10\/Charleen-Hoffmann.png 752w\" sizes=\"auto, (max-width: 300px) 100vw, 300px\" \/><\/figure>\n\n\n\n<h3 class=\"wp-block-heading\">Charleen Hoffmann<\/h3>\n\n\n\n<p>Charleen Hoffmann unisce la sua passione per le arti circensi a una solida formazione scientifica. Ha completato la formazione di istruttore di circo a Villa J\u00fchling nel 2022 ed \u00e8 anche facilitatore di giocoleria funzionale dal 2022. Prima della sua carriera di pedagogista circense, ha conseguito una laurea in Scienze dell'Educazione presso l'Universit\u00e0 Martin Luther di Halle nel 2019. Utilizza le sue conoscenze e competenze come membro del consiglio di amministrazione e membro fondatore di NICA e.V.<\/p>\n<\/div>\n\n\n\n<div class=\"wp-block-group has-transparent-white-background-color has-background is-layout-flow wp-block-group-is-layout-flow\" style=\"padding-top:var(--wp--preset--spacing--40);padding-right:var(--wp--preset--spacing--40);padding-bottom:var(--wp--preset--spacing--40);padding-left:var(--wp--preset--spacing--40)\">\n<figure class=\"wp-block-image aligncenter size-medium is-style-circle\"><img loading=\"lazy\" decoding=\"async\" width=\"300\" height=\"300\" src=\"https:\/\/nica.network\/wp-content\/uploads\/2023\/10\/Peter-Huhndorf-300x300.png\" alt=\"\" class=\"wp-image-324\" srcset=\"https:\/\/nica.network\/wp-content\/uploads\/2023\/10\/Peter-Huhndorf-300x300.png 300w, https:\/\/nica.network\/wp-content\/uploads\/2023\/10\/Peter-Huhndorf-150x150.png 150w, https:\/\/nica.network\/wp-content\/uploads\/2023\/10\/Peter-Huhndorf-500x500.png 500w, https:\/\/nica.network\/wp-content\/uploads\/2023\/10\/Peter-Huhndorf-12x12.png 12w, https:\/\/nica.network\/wp-content\/uploads\/2023\/10\/Peter-Huhndorf.png 752w\" sizes=\"auto, (max-width: 300px) 100vw, 300px\" \/><\/figure>\n\n\n\n<h3 class=\"wp-block-heading\">Peter Huhndorf<\/h3>\n\n\n\n<p>Peter Huhndorf ha un background diversificato che comprende sia la pedagogia circense che la formazione in scienze nutrizionali. \u00c8 un facilitatore di giocoleria funzionale dal 2022. Inoltre, Peter ha conseguito una laurea in Scienze Nutrizionali presso l'Universit\u00e0 Martin Luther di Halle dal 2020. In qualit\u00e0 di fondatore e membro del consiglio di amministrazione della NICA e.V., apporta all'organizzazione la sua esperienza e la sua passione per il circo e la salute.<\/p>\n<\/div>\n\n\n\n<div class=\"wp-block-group has-transparent-white-background-color has-background is-layout-flow wp-block-group-is-layout-flow\" style=\"padding-top:var(--wp--preset--spacing--40);padding-right:var(--wp--preset--spacing--40);padding-bottom:var(--wp--preset--spacing--40);padding-left:var(--wp--preset--spacing--40)\">\n<figure class=\"wp-block-image aligncenter size-medium is-style-circle\"><img loading=\"lazy\" decoding=\"async\" width=\"300\" height=\"300\" src=\"https:\/\/nica.network\/wp-content\/uploads\/2023\/10\/Lilith-Dekow-300x300.png\" alt=\"\" class=\"wp-image-322\" srcset=\"https:\/\/nica.network\/wp-content\/uploads\/2023\/10\/Lilith-Dekow-300x300.png 300w, https:\/\/nica.network\/wp-content\/uploads\/2023\/10\/Lilith-Dekow-150x150.png 150w, https:\/\/nica.network\/wp-content\/uploads\/2023\/10\/Lilith-Dekow-500x500.png 500w, https:\/\/nica.network\/wp-content\/uploads\/2023\/10\/Lilith-Dekow-12x12.png 12w, https:\/\/nica.network\/wp-content\/uploads\/2023\/10\/Lilith-Dekow.png 756w\" sizes=\"auto, (max-width: 300px) 100vw, 300px\" \/><\/figure>\n\n\n\n<h3 class=\"wp-block-heading\">Lilith Dekow<\/h3>\n\n\n\n<p>Lilith Dekow apporta al team un mix di competenze culturali, mediatiche e di educazione circense. Dopo essersi formata in circo sociale con Cabuwazi nel 2021, attualmente frequenta il sesto semestre di studi in educazione culturale e mediatica presso l'Universit\u00e0 di Scienze Applicate di Merseburg. Nel 2022 ha anche completato la formazione come facilitatore di giocoleria funzionale. Oltre alle sue capacit\u00e0 di insegnamento, Lilith \u00e8 anche un'artista aerea di talento. \u00c8 un orgoglioso membro fondatore di NICA e.V.<\/p>\n<\/div>\n\n\n\n<div class=\"wp-block-group has-transparent-white-background-color has-background is-layout-flow wp-block-group-is-layout-flow\" style=\"padding-top:var(--wp--preset--spacing--40);padding-right:var(--wp--preset--spacing--40);padding-bottom:var(--wp--preset--spacing--40);padding-left:var(--wp--preset--spacing--40)\">\n<figure class=\"wp-block-image aligncenter size-medium is-style-circle\"><img loading=\"lazy\" decoding=\"async\" width=\"298\" height=\"300\" src=\"https:\/\/nica.network\/wp-content\/uploads\/2023\/10\/Marc-Bielert-298x300.png\" alt=\"\" class=\"wp-image-325\" srcset=\"https:\/\/nica.network\/wp-content\/uploads\/2023\/10\/Marc-Bielert-298x300.png 298w, https:\/\/nica.network\/wp-content\/uploads\/2023\/10\/Marc-Bielert-150x150.png 150w, https:\/\/nica.network\/wp-content\/uploads\/2023\/10\/Marc-Bielert-12x12.png 12w, https:\/\/nica.network\/wp-content\/uploads\/2023\/10\/Marc-Bielert.png 756w\" sizes=\"auto, (max-width: 298px) 100vw, 298px\" \/><\/figure>\n\n\n\n<h3 class=\"wp-block-heading\">Marc Bielert<\/h3>\n\n\n\n<p>Marc Bielert \u00e8 un esperto istruttore di circo e artista specializzato in giocoleria. Ha completato la sua formazione di formatore secondo lo standard BAGZP presso ZZB Halle e.V. nel 2013. Altre qualifiche includono la certificazione in Circo Sociale, ottenuta presso Cabuwazi nel 2016, e la formazione come Facilitatore di Giocoleria Funzionale nel 2018. Pi\u00f9 recentemente, ha completato un'ulteriore formazione presso Zirkus Sonnenstich nel 2020. Marc non \u00e8 solo un giocoliere appassionato di lunga data, ma anche un rappresentante del Collettivo QuatProp e della Giocoleria Funzionale in Germania. In qualit\u00e0 di fondatore e membro del consiglio di amministrazione di NICA e.V., \u00e8 anche impegnato nella promozione delle arti circensi.<\/p>\n<\/div>\n<\/div>","protected":false},"excerpt":{"rendered":"<p>Unser Team Das Team von NICA e.V. setzt sich aus einer Gruppe engagierter und qualifizierter Fachleute zusammen, die ihre einzigartigen F\u00e4higkeiten und Leidenschaften einbringen, um die Welt der Zirkuskunst zu f\u00f6rdern und zu verbreiten. Mit einer vielf\u00e4ltigen Mischung aus p\u00e4dagogischen, artistischen und wissenschaftlichen Hintergr\u00fcnden bietet unser Team ein umfangreiches und interdisziplin\u00e4res Training an. Jedes Mitglied [&hellip;]<\/p>\n","protected":false},"author":1,"featured_media":0,"parent":0,"menu_order":0,"comment_status":"closed","ping_status":"closed","template":"","meta":{"footnotes":""},"class_list":["post-193","page","type-page","status-publish","hentry"],"_links":{"self":[{"href":"https:\/\/nica.network\/it\/wp-json\/wp\/v2\/pages\/193","targetHints":{"allow":["GET"]}}],"collection":[{"href":"https:\/\/nica.network\/it\/wp-json\/wp\/v2\/pages"}],"about":[{"href":"https:\/\/nica.network\/it\/wp-json\/wp\/v2\/types\/page"}],"author":[{"embeddable":true,"href":"https:\/\/nica.network\/it\/wp-json\/wp\/v2\/users\/1"}],"replies":[{"embeddable":true,"href":"https:\/\/nica.network\/it\/wp-json\/wp\/v2\/comments?post=193"}],"version-history":[{"count":27,"href":"https:\/\/nica.network\/it\/wp-json\/wp\/v2\/pages\/193\/revisions"}],"predecessor-version":[{"id":656,"href":"https:\/\/nica.network\/it\/wp-json\/wp\/v2\/pages\/193\/revisions\/656"}],"wp:attachment":[{"href":"https:\/\/nica.network\/it\/wp-json\/wp\/v2\/media?parent=193"}],"curies":[{"name":"wp","href":"https:\/\/api.w.org\/{rel}","templated":true}]}}