{"id":687,"date":"2025-01-26T10:48:45","date_gmt":"2025-01-26T09:48:45","guid":{"rendered":"https:\/\/nica.network\/?page_id=687"},"modified":"2025-01-26T10:50:47","modified_gmt":"2025-01-26T09:50:47","slug":"zsonglor-bajnoksag","status":"publish","type":"page","link":"https:\/\/nica.network\/hu\/tohuwabohu\/jonglage-meisterschaft\/","title":{"rendered":"Bajnoks\u00e1g technikai zsongl\u0151rk\u00f6d\u00e9sben"},"content":{"rendered":"<div class=\"wp-block-group has-accent-1-background-color has-background has-global-padding is-layout-constrained wp-block-group-is-layout-constrained\">\n<p class=\"has-text-align-center\"><strong>V\u00e9gezz\u00fck:<\/strong><\/p>\n\n\n\n<h1 class=\"wp-block-heading has-text-align-center is-style-gradient\">Bajnoks\u00e1g technikai zsongl\u0151rk\u00f6d\u00e9sben<\/h1>\n\n\n\n<hr class=\"wp-block-separator has-alpha-channel-opacity is-style-keule\"\/>\n\n\n\n<div class=\"wp-block-columns are-vertically-aligned-center is-layout-flex wp-container-core-columns-is-layout-28f84493 wp-block-columns-is-layout-flex\">\n<div class=\"wp-block-column is-vertically-aligned-center is-layout-flow wp-block-column-is-layout-flow\">\n<p>A m\u00e1sodik n\u00e9met zsongl\u0151rbajnoks\u00e1g technikai zsongl\u0151rk\u00f6d\u00e9sben 2024-ben ker\u00fcl megrendez\u00e9sre. Az idei kongresszuson vas\u00e1rnap ker\u00fcl megrendez\u00e9sre.<\/p>\n\n\n\n<p><strong>K\u00e9rj\u00fck, hogy a rutinversenyeken val\u00f3 r\u00e9szv\u00e9telhez minden eszk\u00f6zh\u00f6z (labd\u00e1k, gy\u0171r\u0171k, \u00fct\u0151k) t\u00f6lts\u00f6n ki egy \u00faj nevez\u00e9si lapot!<\/strong><\/p>\n\n\n\n<p><em>A pontk\u00f3dexet jelenleg friss\u00edtj\u00fck!<\/em><\/p>\n<\/div>\n\n\n\n<div class=\"wp-block-column is-vertically-aligned-center is-layout-flow wp-block-column-is-layout-flow\">\n<div class=\"wp-block-group is-style-framed has-global-padding is-layout-constrained wp-block-group-is-layout-constrained\">\n<p>K\u00e9r\u00fcnk egy <strong>A nevez\u00e9si d\u00edj \u00f6sszege 2 \u20ac<\/strong> r\u00e9sztvev\u0151nk\u00e9nt a szabadst\u00edlus\u00fa \u00e9s a rutin versenyen (f\u00fcggetlen\u00fcl a regisztr\u00e1lt kell\u00e9kek sz\u00e1m\u00e1t\u00f3l). A nevez\u00e9si d\u00edjat a helysz\u00ednen k\u00e9szp\u00e9nzben k\u00e9rj\u00fck befizetni.<\/p>\n\n\n\n<p class=\"is-style-default\" style=\"font-size:clamp(0.875rem, 0.875rem + ((1vw - 0.2rem) * 0.196), 1rem);\"><em>Sz\u00e1m\u00edt\u00e1si p\u00e9lda: A r\u00e9sztvev\u0151 kezdete<\/em><em>t a rutin versenyeken<\/em><em>\u0151<\/em><em>b k\u00e9t k\u00fcl\u00f6nb\u00f6z\u0151 kell\u00e9kkel = egyszeri alkalom 2&nbsp;<\/em><em>\u20ac; ugyanez a versenyz\u0151 a szabadst\u00edlus\u00fa versenyen is indul = 4 \u20ac teljes nevez\u00e9si d\u00edj.<\/em><\/p>\n<\/div>\n<\/div>\n<\/div>\n\n\n\n<p>\u200b<\/p>\n\n\n\n<p><em>\u200b<\/em><\/p>\n\n\n\n<p>\u200b<\/p>\n\n\n\n<hr class=\"wp-block-separator has-alpha-channel-opacity is-style-keule\"\/>\n\n\n\n<h2 class=\"wp-block-heading has-text-align-center\" style=\"margin-top:var(--wp--preset--spacing--50);margin-bottom:var(--wp--preset--spacing--50)\">Versenykateg\u00f3ri\u00e1k<\/h2>\n\n\n\n<div class=\"wp-block-columns is-layout-flex wp-container-core-columns-is-layout-28f84493 wp-block-columns-is-layout-flex\">\n<div class=\"wp-block-column is-layout-flow wp-block-column-is-layout-flow\">\n<h3 class=\"wp-block-heading\"><strong>Freestyle<\/strong><\/h3>\n\n\n\n<ul class=\"wp-block-list\">\n<li>Nincs t\u00e1maszkorl\u00e1toz\u00e1s<\/li>\n\n\n\n<li>A r\u00e9sztvev\u0151k 1 vs 1 m\u00e9rk\u0151z\u00e9seken m\u00e9rk\u0151znek meg egym\u00e1ssal<\/li>\n\n\n\n<li>Minden m\u00e9rk\u0151z\u00e9s maximum 3 fordul\u00f3b\u00f3l \u00e1ll (5 v\u00e9gs\u0151 fordul\u00f3).<\/li>\n\n\n\n<li>Minden fordul\u00f3ban minden r\u00e9sztvev\u0151nek 3 pr\u00f3b\u00e1lkoz\u00e1sa van 1 tr\u00fckk v\u00e9grehajt\u00e1s\u00e1ra.<\/li>\n\n\n\n<li>Korl\u00e1toz\u00e1s: K\u00f6r\u00f6nk\u00e9nt csak korl\u00e1tozott sz\u00e1m\u00fa kell\u00e9k haszn\u00e1lhat\u00f3:\n<ul class=\"wp-block-list\">\n<li>1. k\u00f6r 3-4 kell\u00e9k,<\/li>\n\n\n\n<li>2. k\u00f6r 5-7 kell\u00e9k,<\/li>\n\n\n\n<li>3. fordul\u00f3 minden megengedett<\/li>\n<\/ul>\n<\/li>\n<\/ul>\n<\/div>\n\n\n\n<div class=\"wp-block-column is-layout-flow wp-block-column-is-layout-flow\">\n<h3 class=\"wp-block-heading\"><strong>Rutinok<\/strong><\/h3>\n\n\n\n<ul class=\"wp-block-list\">\n<li>Minden r\u00e9sztvev\u0151 egy 10 tr\u00fckkb\u0151l \u00e1ll\u00f3 rutint mutat be a Code of Points-b\u00f3l.<\/li>\n\n\n\n<li>Maxim\u00e1lis 90-es id\u0151korl\u00e1t rutinonk\u00e9nt<\/li>\n\n\n\n<li>Verseny minden egyes kell\u00e9k\u00e9rt (gy\u0171r\u0171k, labd\u00e1k, \u00fct\u0151k)<\/li>\n\n\n\n<li>1 k\u00fcl\u00f6n verseny az \u00f6sszes kell\u00e9kre<\/li>\n\n\n\n<li>A zs\u0171ri \u00e9rt\u00e9kel\u00e9se a kapott pontok alapj\u00e1n<\/li>\n\n\n\n<li>A gy\u0151ztest az el\u00e9rt pontok \u00f6sszpontsz\u00e1ma hat\u00e1rozza meg.<\/li>\n<\/ul>\n<\/div>\n<\/div>\n\n\n\n<hr class=\"wp-block-separator has-alpha-channel-opacity is-style-keule\"\/>\n\n\n\n<h2 class=\"wp-block-heading\" style=\"margin-top:var(--wp--preset--spacing--50);margin-bottom:var(--wp--preset--spacing--50)\">A pontok k\u00f3dja<\/h2>\n\n\n\n<ul class=\"wp-block-list\">\n<li>C. o. P. egy nyilv\u00e1nos k\u00f6nyvt\u00e1r az \u00f6sszes enged\u00e9lyezett (beny\u00fajtott) tr\u00fckk\u00f6ket<\/li>\n\n\n\n<li>Minden r\u00e9sztvev\u0151 \u00f6ssze\u00e1ll\u00edthat egy rutint a C.o.P.-b\u0151l, vagy azonnal bek\u00fcldheti \u00e9s elb\u00edr\u00e1lhatj\u00e1k. A r\u00f6vid t\u00e1v\u00fa r\u00e9szv\u00e9telhez a rutint legk\u00e9s\u0151bb szombat d\u00e9li 12:00 \u00f3r\u00e1ig kell bek\u00fcldeni a kongresszuson.<\/li>\n\n\n\n<li>A C.o.P. minden tr\u00fckk\u00f6t A(1,0) , B (1,1) , C (1,2) ... kateg\u00f3ri\u00e1ba sorol a neh\u00e9zs\u00e9gi fokt\u00f3l \u00e9s a kell\u00e9kt\u00edpust\u00f3l f\u00fcgg\u0151en.<\/li>\n\n\n\n<li>A kapcsolatokat egyenk\u00e9nt \u00e9rt\u00e9kelj\u00fck, \u00e9s a neh\u00e9zs\u00e9g\u00fckt\u0151l f\u00fcgg\u0151en b\u00f3nuszpontokat kapunk (0,02-0,2 pont\/kapcsolat).<\/li>\n\n\n\n<li>A C. o. P. a levon\u00e1sok t\u00edpusait \u00e9s \u00f6sszeg\u00e9t is ismerteti.<\/li>\n<\/ul>\n\n\n\n<div class=\"wp-block-buttons is-layout-flex wp-block-buttons-is-layout-flex\">\n<div class=\"wp-block-button\"><a class=\"wp-block-button__link wp-element-button\" href=\"https:\/\/docs.google.com\/spreadsheets\/d\/10q2MkDyzJuVRitJQDFYVCxDzs-8dx55sk5-VyVVUi8E\/edit?gid=247353164#gid=247353164\" target=\"_blank\" rel=\"noreferrer noopener\">A pontok k\u00f3dja<\/a><\/div>\n<\/div>\n\n\n\n<hr class=\"wp-block-separator has-alpha-channel-opacity is-style-keule\"\/>\n\n\n\n<h2 class=\"wp-block-heading has-text-align-center\" style=\"margin-top:var(--wp--preset--spacing--50);margin-bottom:var(--wp--preset--spacing--50)\">Ki \u00e1ll m\u00f6g\u00f6tte?<\/h2>\n\n\n\n<div class=\"wp-block-group has-accent-1-color has-text-color has-link-color wp-elements-b600ffd77561e02eb4317803cbed08f8 is-layout-grid wp-container-core-group-is-layout-2931688a wp-block-group-is-layout-grid\">\n<div class=\"wp-block-group has-accent-1-color has-light-background-color has-text-color has-background has-link-color wp-elements-4375d37b52f9bdb93fec82ae11139f04 has-global-padding is-layout-constrained wp-container-core-group-is-layout-80fb368b wp-block-group-is-layout-constrained\" style=\"padding-top:var(--wp--preset--spacing--30);padding-right:var(--wp--preset--spacing--30);padding-bottom:var(--wp--preset--spacing--30);padding-left:var(--wp--preset--spacing--30)\">\n<h3 class=\"wp-block-heading\">Max Kuschmierz<\/h3>\n\n\n\n<p>2014 \u00f3ta szenved\u00e9lyesen zsongl\u0151rk\u00f6d\u00f6m, gyakran napi t\u00f6bb \u00f3r\u00e1t t\u00f6lt\u00f6k a m\u0171v\u00e9szetem t\u00f6k\u00e9letes\u00edt\u00e9s\u00e9vel. A hobbik\u00e9nt indult zsongl\u0151rk\u00f6d\u00e9s m\u00e1ra a hivat\u00e1somm\u00e1 v\u00e1lt. Ami k\u00fcl\u00f6n\u00f6sen vonz a sportzsongl\u0151rk\u00f6d\u00e9sben, az az \u00e1lland\u00f3 \u00faj kih\u00edv\u00e1sok \u00e9s a szinte v\u00e9gtelen fejl\u0151d\u00e9si lehet\u0151s\u00e9gek! Az els\u0151 n\u00e9met zsongl\u0151rbajnoks\u00e1ggal rem\u00e9lem, hogy minden r\u00e9sztvev\u0151ben ezt a szenved\u00e9lyt fogom l\u00e1tni!<\/p>\n<\/div>\n\n\n\n<div class=\"wp-block-group has-light-background-color has-background has-global-padding is-layout-constrained wp-container-core-group-is-layout-80fb368b wp-block-group-is-layout-constrained\" style=\"padding-top:var(--wp--preset--spacing--30);padding-right:var(--wp--preset--spacing--30);padding-bottom:var(--wp--preset--spacing--30);padding-left:var(--wp--preset--spacing--30)\">\n<h3 class=\"wp-block-heading\">Lena Schuster<\/h3>\n\n\n\n<p>2014-ben tanultam meg zsongl\u0151rk\u00f6dni az iskolai cirkuszban, \u00e9s 2015-ben kezdtem el igaz\u00e1n zsongl\u0151rk\u00f6dni, amikor a csal\u00e1dom \u00fagy d\u00f6nt\u00f6tt, hogy elmegy\u00fcnk a brunecki EJC-re. A zsongl\u0151rk\u00f6d\u00e9s mellett kos\u00e1rlabd\u00e1zom \u00e9s edz\u0151sk\u00f6d\u00f6m, valamint Bayreuthban k\u00f6rnyezetv\u00e9delmi m\u00e9rn\u00f6knek tanulok. Alig v\u00e1rom, hogy a zs\u0171ri tagja legyek, \u00e9s l\u00e1ssam, mit mutatnak majd nek\u00fcnk a r\u00e9sztvev\u0151k.<\/p>\n<\/div>\n\n\n\n<div class=\"wp-block-group has-light-background-color has-background has-global-padding is-layout-constrained wp-container-core-group-is-layout-80fb368b wp-block-group-is-layout-constrained\" style=\"padding-top:var(--wp--preset--spacing--30);padding-right:var(--wp--preset--spacing--30);padding-bottom:var(--wp--preset--spacing--30);padding-left:var(--wp--preset--spacing--30)\">\n<h3 class=\"wp-block-heading\">Max Amann<\/h3>\n\n\n\n<p>Vegy\u00e9sz vagyok, vegy\u00e9szm\u00e9rn\u00f6k, \u00e9s jelenleg a dortmundi TU-n doktor\u00e1lok. Szabadid\u0151mben sokat zsongl\u0151rk\u00f6d\u00f6m. Szakter\u00fcleteim a sz\u00e1mok, tusok, klubok k\u00f6z\u00f6tti egyens\u00falyoz\u00e1s \u00e9s a poi zsongl\u0151rk\u00f6d\u00e9s. Ezt az esem\u00e9nyt 2022 eleje \u00f3ta tervezz\u00fck, \u00e9s nagyon v\u00e1rom a j\u00f3 zsongl\u0151r\u00f6k el\u0151ad\u00e1sait, \u00e9s lelkesen fogom \u0151ket zs\u0171rizni...<\/p>\n<\/div>\n\n\n\n<div class=\"wp-block-group has-light-background-color has-background has-global-padding is-layout-constrained wp-container-core-group-is-layout-80fb368b wp-block-group-is-layout-constrained\" style=\"padding-top:var(--wp--preset--spacing--30);padding-right:var(--wp--preset--spacing--30);padding-bottom:var(--wp--preset--spacing--30);padding-left:var(--wp--preset--spacing--30)\">\n<h3 class=\"wp-block-heading\">Christian Hausschild<\/h3>\n\n\n\n<h4 class=\"wp-block-heading\">(helyettes\u00edt\u0151 esk\u00fcdt)<\/h4>\n\n\n\n<p>2008 \u00f3ta szenved\u00e9lyesen zsongl\u0151rk\u00f6d\u00f6m, 2014-ben \u00e9s 2018-ban sikeresen r\u00e9szt vettem a WJF bajnoks\u00e1gon. Nagyon v\u00e1rom a versenyt \u00e9s a k\u00f6z\u00f6s rendezv\u00e9nyt. Emellett gyakornok vagyok egy gimn\u00e1ziumban angol \u00e9s francia tant\u00e1rgyakb\u00f3l, amit 2016-t\u00f3l 2022-ig tanultam. Nagyon fontos sz\u00e1momra N\u00e9metorsz\u00e1g j\u00f6v\u0151 zsongl\u0151r elitj\u00e9nek k\u00f6vetkez\u0151 gener\u00e1ci\u00f3j\u00e1nak t\u00e1mogat\u00e1sa, \u00e9s rem\u00e9lem, hogy ezzel a rendezv\u00e9nnyel hozz\u00e1j\u00e1rulhatunk ehhez.<\/p>\n<\/div>\n\n\n\n<div class=\"wp-block-group has-light-background-color has-background has-global-padding is-layout-constrained wp-container-core-group-is-layout-80fb368b wp-block-group-is-layout-constrained\" style=\"padding-top:var(--wp--preset--spacing--30);padding-right:var(--wp--preset--spacing--30);padding-bottom:var(--wp--preset--spacing--30);padding-left:var(--wp--preset--spacing--30)\">\n<h3 class=\"wp-block-heading\">Florian Lange<\/h3>\n\n\n\n<p>(El\u0151ad\u00e1s k\u00f6vetkezik!)<\/p>\n<\/div>\n\n\n\n<div class=\"wp-block-group has-light-background-color has-background has-global-padding is-layout-constrained wp-container-core-group-is-layout-80fb368b wp-block-group-is-layout-constrained\" style=\"padding-top:var(--wp--preset--spacing--30);padding-right:var(--wp--preset--spacing--30);padding-bottom:var(--wp--preset--spacing--30);padding-left:var(--wp--preset--spacing--30)\">\n<h3 class=\"wp-block-heading\">Fabian Fehlhaber<\/h3>\n\n\n\n<p>(El\u0151ad\u00e1s k\u00f6vetkezik!)<\/p>\n<\/div>\n\n\n\n<div class=\"wp-block-group has-light-background-color has-background has-global-padding is-layout-constrained wp-container-core-group-is-layout-80fb368b wp-block-group-is-layout-constrained\" style=\"padding-top:var(--wp--preset--spacing--30);padding-right:var(--wp--preset--spacing--30);padding-bottom:var(--wp--preset--spacing--30);padding-left:var(--wp--preset--spacing--30)\">\n<h3 class=\"wp-block-heading\">Theo Kupierz<\/h3>\n\n\n\n<p>(El\u0151ad\u00e1s k\u00f6vetkezik!)<\/p>\n<\/div>\n\n\n\n<div class=\"wp-block-group has-light-background-color has-background has-global-padding is-layout-constrained wp-container-core-group-is-layout-80fb368b wp-block-group-is-layout-constrained\" style=\"padding-top:var(--wp--preset--spacing--30);padding-right:var(--wp--preset--spacing--30);padding-bottom:var(--wp--preset--spacing--30);padding-left:var(--wp--preset--spacing--30)\">\n<h3 class=\"wp-block-heading\">Dennis Hauer<\/h3>\n\n\n\n<h4 class=\"wp-block-heading\">(helyettes\u00edt\u0151 esk\u00fcdt)<\/h4>\n\n\n\n<p>(El\u0151ad\u00e1s k\u00f6vetkezik!)<\/p>\n<\/div>\n<\/div>\n\n\n\n<hr class=\"wp-block-separator has-alpha-channel-opacity is-style-keule\"\/>\n\n\n\n<div class=\"wp-block-buttons is-content-justification-center is-layout-flex wp-container-core-buttons-is-layout-a89b3969 wp-block-buttons-is-layout-flex\">\n<div class=\"wp-block-button\"><a class=\"wp-block-button__link has-text-align-center wp-element-button\" href=\"https:\/\/nica.network\/hu\/tohuwabohu\/\">Vissza a Tohuwabohu Egyezm\u00e9nyhez<\/a><\/div>\n<\/div>\n<\/div>\n\n\n\n<p><\/p>","protected":false},"excerpt":{"rendered":"<p>Wir tragen aus: Meisterschaft im technischen Jonglieren 2024 findet die Zweite Deutsche Jonglagemeisterschaft im technischen Jonglieren statt. Sie wird am Sonntag w\u00e4hrend der diesj\u00e4hrigen Convention ausgetragen. Bitte f\u00fcr die Teilnahme an den Routinenwettbewerben f\u00fcr jedes Tool (B\u00e4lle, Ringe, Keulen) ein neues Teilnahmeformular ausf\u00fcllen! Der Code of Points wird derzeit aktualisiert! Wir bitten um eine Startgeb\u00fchr [&hellip;]<\/p>\n","protected":false},"author":88,"featured_media":0,"parent":525,"menu_order":0,"comment_status":"closed","ping_status":"closed","template":"","meta":{"footnotes":""},"class_list":["post-687","page","type-page","status-publish","hentry"],"_links":{"self":[{"href":"https:\/\/nica.network\/hu\/wp-json\/wp\/v2\/pages\/687","targetHints":{"allow":["GET"]}}],"collection":[{"href":"https:\/\/nica.network\/hu\/wp-json\/wp\/v2\/pages"}],"about":[{"href":"https:\/\/nica.network\/hu\/wp-json\/wp\/v2\/types\/page"}],"author":[{"embeddable":true,"href":"https:\/\/nica.network\/hu\/wp-json\/wp\/v2\/users\/88"}],"replies":[{"embeddable":true,"href":"https:\/\/nica.network\/hu\/wp-json\/wp\/v2\/comments?post=687"}],"version-history":[{"count":3,"href":"https:\/\/nica.network\/hu\/wp-json\/wp\/v2\/pages\/687\/revisions"}],"predecessor-version":[{"id":692,"href":"https:\/\/nica.network\/hu\/wp-json\/wp\/v2\/pages\/687\/revisions\/692"}],"up":[{"embeddable":true,"href":"https:\/\/nica.network\/hu\/wp-json\/wp\/v2\/pages\/525"}],"wp:attachment":[{"href":"https:\/\/nica.network\/hu\/wp-json\/wp\/v2\/media?parent=687"}],"curies":[{"name":"wp","href":"https:\/\/api.w.org\/{rel}","templated":true}]}}