{"id":193,"date":"2023-09-28T21:24:57","date_gmt":"2023-09-28T19:24:57","guid":{"rendered":"https:\/\/nica.network\/?page_id=193"},"modified":"2025-01-24T19:15:26","modified_gmt":"2025-01-24T18:15:26","slug":"a-csapat-2","status":"publish","type":"page","link":"https:\/\/nica.network\/hu\/das-team\/","title":{"rendered":"A csapat"},"content":{"rendered":"<div class=\"wp-block-columns has-transparent-white-background-color has-background is-layout-flex wp-container-core-columns-is-layout-85958d59 wp-block-columns-is-layout-flex\" style=\"padding-top:var(--wp--preset--spacing--40);padding-right:var(--wp--preset--spacing--40);padding-bottom:var(--wp--preset--spacing--40);padding-left:var(--wp--preset--spacing--40)\">\n<div class=\"wp-block-column is-layout-flow wp-block-column-is-layout-flow\">\n<figure class=\"wp-block-image size-large is-style-circle\"><img loading=\"lazy\" decoding=\"async\" width=\"1024\" height=\"993\" src=\"https:\/\/nica.network\/wp-content\/uploads\/2023\/09\/Nica-Team-round-tiny-1024x993.png\" alt=\"\" class=\"wp-image-195\" srcset=\"https:\/\/nica.network\/wp-content\/uploads\/2023\/09\/Nica-Team-round-tiny-1024x993.png 1024w, https:\/\/nica.network\/wp-content\/uploads\/2023\/09\/Nica-Team-round-tiny-300x291.png 300w, https:\/\/nica.network\/wp-content\/uploads\/2023\/09\/Nica-Team-round-tiny-768x744.png 768w, https:\/\/nica.network\/wp-content\/uploads\/2023\/09\/Nica-Team-round-tiny-12x12.png 12w, https:\/\/nica.network\/wp-content\/uploads\/2023\/09\/Nica-Team-round-tiny.png 1400w\" sizes=\"auto, (max-width: 1024px) 100vw, 1024px\" \/><\/figure>\n<\/div>\n\n\n\n<div class=\"wp-block-column is-vertically-aligned-center is-layout-flow wp-block-column-is-layout-flow\">\n<h1 class=\"wp-block-heading is-style-default\">Csapatunk<\/h1>\n\n\n\n<p>A NICA e.V. csapat\u00e1t elk\u00f6telezett \u00e9s k\u00e9pzett szakemberek alkotj\u00e1k, akik egyed\u00fcl\u00e1ll\u00f3 k\u00e9pess\u00e9geiket \u00e9s szenved\u00e9ly\u00fcket a cirkuszm\u0171v\u00e9szet vil\u00e1g\u00e1nak n\u00e9pszer\u0171s\u00edt\u00e9s\u00e9re \u00e9s terjeszt\u00e9s\u00e9re ford\u00edtj\u00e1k. Az oktat\u00e1si, m\u0171v\u00e9szeti \u00e9s tudom\u00e1nyos h\u00e1tt\u00e9r v\u00e1ltozatos kever\u00e9k\u00e9vel csapatunk \u00e1tfog\u00f3 \u00e9s interdiszciplin\u00e1ris k\u00e9pz\u00e9st k\u00edn\u00e1l. Minden tagunk egy\u00e9ni k\u00e9szs\u00e9geket \u00e9s tapasztalatot hoz, amelyeket a cirkuszm\u0171v\u00e9szet ir\u00e1nti k\u00f6z\u00f6s szenved\u00e9ly \u00e9s a NICA e.V. ir\u00e1nti elk\u00f6telezetts\u00e9g egyes\u00edt. Alap\u00edt\u00f3 tagokk\u00e9nt \u00e9s eln\u00f6ks\u00e9gi tagokk\u00e9nt szenved\u00e9lyesen t\u00f6reksz\u00fcnk a cirkuszm\u0171v\u00e9szet minden form\u00e1j\u00e1nak terjeszt\u00e9s\u00e9re \u00e9s meger\u0151s\u00edt\u00e9s\u00e9re.<\/p>\n<\/div>\n<\/div>\n\n\n\n<div class=\"wp-block-group is-layout-grid wp-container-core-group-is-layout-510ef126 wp-block-group-is-layout-grid\">\n<div class=\"wp-block-group has-transparent-white-background-color has-background is-layout-flow wp-block-group-is-layout-flow\" style=\"padding-top:var(--wp--preset--spacing--40);padding-right:var(--wp--preset--spacing--40);padding-bottom:var(--wp--preset--spacing--40);padding-left:var(--wp--preset--spacing--40)\">\n<figure class=\"wp-block-image aligncenter size-medium is-style-circle\"><img loading=\"lazy\" decoding=\"async\" width=\"300\" height=\"300\" src=\"https:\/\/nica.network\/wp-content\/uploads\/2023\/10\/Charleen-Hoffmann-300x300.png\" alt=\"\" class=\"wp-image-323\" srcset=\"https:\/\/nica.network\/wp-content\/uploads\/2023\/10\/Charleen-Hoffmann-300x300.png 300w, https:\/\/nica.network\/wp-content\/uploads\/2023\/10\/Charleen-Hoffmann-150x150.png 150w, https:\/\/nica.network\/wp-content\/uploads\/2023\/10\/Charleen-Hoffmann-500x500.png 500w, https:\/\/nica.network\/wp-content\/uploads\/2023\/10\/Charleen-Hoffmann-12x12.png 12w, https:\/\/nica.network\/wp-content\/uploads\/2023\/10\/Charleen-Hoffmann.png 752w\" sizes=\"auto, (max-width: 300px) 100vw, 300px\" \/><\/figure>\n\n\n\n<h3 class=\"wp-block-heading\">Charleen Hoffmann<\/h3>\n\n\n\n<p>Charleen Hoffmann a cirkuszm\u0171v\u00e9szet ir\u00e1nti szenved\u00e9ly\u00e9t szil\u00e1rd tudom\u00e1nyos k\u00e9pzetts\u00e9ggel \u00f6tv\u00f6zi. Cirkuszpedag\u00f3gus k\u00e9pz\u00e9s\u00e9t a Villa J\u00fchlingben v\u00e9gezte 2022-ben, \u00e9s 2022 \u00f3ta funkcion\u00e1lis zsongl\u0151rk\u00e9pz\u0151 is. Cirkuszpedag\u00f3gusi p\u00e1lyafut\u00e1s\u00e1t megel\u0151z\u0151en 2019-ben a Martin Luther University Halle-ban v\u00e9gzett pedag\u00f3giai alapdiplom\u00e1t. Tud\u00e1s\u00e1t \u00e9s k\u00e9pess\u00e9geit a NICA e.V. eln\u00f6ks\u00e9gi tagjak\u00e9nt \u00e9s alap\u00edt\u00f3 tagjak\u00e9nt kamatoztatja.<\/p>\n<\/div>\n\n\n\n<div class=\"wp-block-group has-transparent-white-background-color has-background is-layout-flow wp-block-group-is-layout-flow\" style=\"padding-top:var(--wp--preset--spacing--40);padding-right:var(--wp--preset--spacing--40);padding-bottom:var(--wp--preset--spacing--40);padding-left:var(--wp--preset--spacing--40)\">\n<figure class=\"wp-block-image aligncenter size-medium is-style-circle\"><img loading=\"lazy\" decoding=\"async\" width=\"300\" height=\"300\" src=\"https:\/\/nica.network\/wp-content\/uploads\/2023\/10\/Peter-Huhndorf-300x300.png\" alt=\"\" class=\"wp-image-324\" srcset=\"https:\/\/nica.network\/wp-content\/uploads\/2023\/10\/Peter-Huhndorf-300x300.png 300w, https:\/\/nica.network\/wp-content\/uploads\/2023\/10\/Peter-Huhndorf-150x150.png 150w, https:\/\/nica.network\/wp-content\/uploads\/2023\/10\/Peter-Huhndorf-500x500.png 500w, https:\/\/nica.network\/wp-content\/uploads\/2023\/10\/Peter-Huhndorf-12x12.png 12w, https:\/\/nica.network\/wp-content\/uploads\/2023\/10\/Peter-Huhndorf.png 752w\" sizes=\"auto, (max-width: 300px) 100vw, 300px\" \/><\/figure>\n\n\n\n<h3 class=\"wp-block-heading\">Peter Huhndorf<\/h3>\n\n\n\n<p>Peter Huhndorf sokr\u00e9t\u0171 h\u00e1tt\u00e9rrel rendelkezik, amely mag\u00e1ban foglalja a cirkuszpedag\u00f3giai \u00e9s a t\u00e1pl\u00e1lkoz\u00e1studom\u00e1nyi k\u00e9pz\u00e9st is. 2022 \u00f3ta funkcion\u00e1lis zsongl\u0151rk\u00f6d\u00e9s facilit\u00e1tora. Emellett Peter 2020-t\u00f3l a Hallei Martin Luther Egyetem t\u00e1pl\u00e1lkoz\u00e1studom\u00e1nyi alapdiplom\u00e1j\u00e1t is megszerezte. 2020-t\u00f3l a NICA e.V. alap\u00edt\u00f3 \u00e9s eln\u00f6ks\u00e9gi tagjak\u00e9nt a cirkusz \u00e9s az eg\u00e9szs\u00e9g ir\u00e1nti szak\u00e9rtelm\u00e9t \u00e9s szenved\u00e9ly\u00e9t hozza a szervezetbe.<\/p>\n<\/div>\n\n\n\n<div class=\"wp-block-group has-transparent-white-background-color has-background is-layout-flow wp-block-group-is-layout-flow\" style=\"padding-top:var(--wp--preset--spacing--40);padding-right:var(--wp--preset--spacing--40);padding-bottom:var(--wp--preset--spacing--40);padding-left:var(--wp--preset--spacing--40)\">\n<figure class=\"wp-block-image aligncenter size-medium is-style-circle\"><img loading=\"lazy\" decoding=\"async\" width=\"300\" height=\"300\" src=\"https:\/\/nica.network\/wp-content\/uploads\/2023\/10\/Lilith-Dekow-300x300.png\" alt=\"\" class=\"wp-image-322\" srcset=\"https:\/\/nica.network\/wp-content\/uploads\/2023\/10\/Lilith-Dekow-300x300.png 300w, https:\/\/nica.network\/wp-content\/uploads\/2023\/10\/Lilith-Dekow-150x150.png 150w, https:\/\/nica.network\/wp-content\/uploads\/2023\/10\/Lilith-Dekow-500x500.png 500w, https:\/\/nica.network\/wp-content\/uploads\/2023\/10\/Lilith-Dekow-12x12.png 12w, https:\/\/nica.network\/wp-content\/uploads\/2023\/10\/Lilith-Dekow.png 756w\" sizes=\"auto, (max-width: 300px) 100vw, 300px\" \/><\/figure>\n\n\n\n<h3 class=\"wp-block-heading\">Lilith Dekow<\/h3>\n\n\n\n<p>Lilith Dekow kultur\u00e1lis, m\u00e9dia- \u00e9s cirkuszpedag\u00f3giai szak\u00e9rtelemmel gazdag\u00edtja a csapatot. Miut\u00e1n 2021-ben a Cabuwazi t\u00e1rsas cirkuszban tanult, jelenleg a 6. szemeszterben tanul kult\u00fara+m\u00e9diapedag\u00f3gi\u00e1t a Merseburgi Alkalmazott Tudom\u00e1nyok Egyetem\u00e9n. 2022-ben funkcion\u00e1lis zsongl\u0151rk\u00e9pz\u00e9st is elv\u00e9gzett. Tan\u00edt\u00e1si k\u00e9pess\u00e9gei mellett Lilith tehets\u00e9ges l\u00e9gtorn\u00e1sz is. B\u00fcszke alap\u00edt\u00f3 tagja a NICA e.V.-nek.<\/p>\n<\/div>\n\n\n\n<div class=\"wp-block-group has-transparent-white-background-color has-background is-layout-flow wp-block-group-is-layout-flow\" style=\"padding-top:var(--wp--preset--spacing--40);padding-right:var(--wp--preset--spacing--40);padding-bottom:var(--wp--preset--spacing--40);padding-left:var(--wp--preset--spacing--40)\">\n<figure class=\"wp-block-image aligncenter size-medium is-style-circle\"><img loading=\"lazy\" decoding=\"async\" width=\"298\" height=\"300\" src=\"https:\/\/nica.network\/wp-content\/uploads\/2023\/10\/Marc-Bielert-298x300.png\" alt=\"\" class=\"wp-image-325\" srcset=\"https:\/\/nica.network\/wp-content\/uploads\/2023\/10\/Marc-Bielert-298x300.png 298w, https:\/\/nica.network\/wp-content\/uploads\/2023\/10\/Marc-Bielert-150x150.png 150w, https:\/\/nica.network\/wp-content\/uploads\/2023\/10\/Marc-Bielert-12x12.png 12w, https:\/\/nica.network\/wp-content\/uploads\/2023\/10\/Marc-Bielert.png 756w\" sizes=\"auto, (max-width: 298px) 100vw, 298px\" \/><\/figure>\n\n\n\n<h3 class=\"wp-block-heading\">Marc Bielert<\/h3>\n\n\n\n<p>Marc Bielert tapasztalt cirkuszi tr\u00e9ner \u00e9s artistam\u0171v\u00e9sz, aki zsongl\u0151rk\u00f6d\u00e9sre specializ\u00e1l\u00f3dott. A BAGZP szabv\u00e1ny szerinti tr\u00e9nerk\u00e9pz\u00e9st a ZZB Halle e.V.-n\u00e9l v\u00e9gezte el 2013-ban. Tov\u00e1bbi k\u00e9pes\u00edt\u00e9sek k\u00f6z\u00e9 tartozik a szoci\u00e1lis cirkuszban szerzett tan\u00fas\u00edtv\u00e1nya, amelyet 2016-ban a Cabuwaziban szerzett meg, valamint a funkcion\u00e1lis zsongl\u0151rk\u00e9pz\u00e9s 2018-ban. 2020-ban a Zirkus Sonnenstichben v\u00e9gzett tov\u00e1bbk\u00e9pz\u00e9st. Marc nemcsak r\u00e9g\u00f3ta szenved\u00e9lyes zsongl\u0151r, hanem a QuatProp Collective \u00e9s a Functional Juggling k\u00e9pvisel\u0151je is N\u00e9metorsz\u00e1gban. A NICA e.V. alap\u00edt\u00f3 \u00e9s eln\u00f6ks\u00e9gi tagjak\u00e9nt a cirkuszm\u0171v\u00e9szet n\u00e9pszer\u0171s\u00edt\u00e9se mellett is elk\u00f6telezett.<\/p>\n<\/div>\n<\/div>","protected":false},"excerpt":{"rendered":"<p>Unser Team Das Team von NICA e.V. setzt sich aus einer Gruppe engagierter und qualifizierter Fachleute zusammen, die ihre einzigartigen F\u00e4higkeiten und Leidenschaften einbringen, um die Welt der Zirkuskunst zu f\u00f6rdern und zu verbreiten. Mit einer vielf\u00e4ltigen Mischung aus p\u00e4dagogischen, artistischen und wissenschaftlichen Hintergr\u00fcnden bietet unser Team ein umfangreiches und interdisziplin\u00e4res Training an. Jedes Mitglied [&hellip;]<\/p>\n","protected":false},"author":1,"featured_media":0,"parent":0,"menu_order":0,"comment_status":"closed","ping_status":"closed","template":"","meta":{"footnotes":""},"class_list":["post-193","page","type-page","status-publish","hentry"],"_links":{"self":[{"href":"https:\/\/nica.network\/hu\/wp-json\/wp\/v2\/pages\/193","targetHints":{"allow":["GET"]}}],"collection":[{"href":"https:\/\/nica.network\/hu\/wp-json\/wp\/v2\/pages"}],"about":[{"href":"https:\/\/nica.network\/hu\/wp-json\/wp\/v2\/types\/page"}],"author":[{"embeddable":true,"href":"https:\/\/nica.network\/hu\/wp-json\/wp\/v2\/users\/1"}],"replies":[{"embeddable":true,"href":"https:\/\/nica.network\/hu\/wp-json\/wp\/v2\/comments?post=193"}],"version-history":[{"count":27,"href":"https:\/\/nica.network\/hu\/wp-json\/wp\/v2\/pages\/193\/revisions"}],"predecessor-version":[{"id":656,"href":"https:\/\/nica.network\/hu\/wp-json\/wp\/v2\/pages\/193\/revisions\/656"}],"wp:attachment":[{"href":"https:\/\/nica.network\/hu\/wp-json\/wp\/v2\/media?parent=193"}],"curies":[{"name":"wp","href":"https:\/\/api.w.org\/{rel}","templated":true}]}}