{"id":92,"date":"2023-09-28T13:04:21","date_gmt":"2023-09-28T11:04:21","guid":{"rendered":"https:\/\/nica.network\/?page_id=92"},"modified":"2025-01-25T19:12:08","modified_gmt":"2025-01-25T18:12:08","slug":"newsletter","status":"publish","type":"page","link":"https:\/\/nica.network\/fr\/newsletter-2\/","title":{"rendered":"Bulletin d'information"},"content":{"rendered":"<div class=\"wp-block-group has-transparent-black-background-color has-background has-global-padding is-layout-constrained wp-block-group-is-layout-constrained\">\n<h1 class=\"wp-block-heading is-style-gradient\">Bulletin d'information<\/h1>\n\n\n\n<p>Inscris-toi maintenant \u00e0 notre newsletter et sois toujours au courant des derni\u00e8res nouvelles ! Notre newsletter contient r\u00e9guli\u00e8rement des informations sur notre association, des projets actuels, des ateliers passionnants et bien plus encore.<br>En tant qu'abonn\u00e9 \u00e0 notre newsletter, tu recevras tous les trois mois un aper\u00e7u des derniers d\u00e9veloppements.<br>Inscris-toi maintenant et rejoins notre communaut\u00e9 en pleine expansion !<\/p>\n\n\n\n<div class=\"wp-block-group is-style-shadow has-transparent-white-background-color has-background has-global-padding is-layout-constrained wp-block-group-is-layout-constrained\"><script>(function() {\n\twindow.mc4wp = window.mc4wp || {\n\t\tlisteners: [],\n\t\tforms: {\n\t\t\ton: function(evt, cb) {\n\t\t\t\twindow.mc4wp.listeners.push(\n\t\t\t\t\t{\n\t\t\t\t\t\tevent   : evt,\n\t\t\t\t\t\tcallback: cb\n\t\t\t\t\t}\n\t\t\t\t);\n\t\t\t}\n\t\t}\n\t}\n})();\n<\/script><!-- Mailchimp for WordPress v4.12.2 - https:\/\/wordpress.org\/plugins\/mailchimp-for-wp\/ --><form id=\"mc4wp-form-1\" class=\"mc4wp-form mc4wp-form-608\" method=\"post\" data-id=\"608\" data-name=\"Newsletter Signup\" action=\"\" ><div class=\"mc4wp-form-fields\"><p>\r\n\t<label for=\"email\">Adresse \u00e9lectronique : \r\n\t\t<input class=\"wp-input\" type=\"email\" id=\"email\" name=\"EMAIL\" placeholder=\"Votre adresse e-mail\" required>\r\n<\/label>\r\n<\/p>\r\n<p>\r\n    <label>Pr\u00e9nom<\/label>\r\n    <input class=\"wp-input\" type=\"text\" name=\"FNAME\">\r\n<\/p>\r\n<p>\r\n    <label>Nom de famille<\/label>\r\n    <input class=\"wp-input\"  type=\"text\" name=\"LNAME\">\r\n<\/p>\r\n\r\n\r\n<p>\r\n\t<input class=\"wp-element-button\" type=\"submit\" value=\"S&#039;inscrire\">\r\n<\/p>\r\n<input type=\"hidden\" name=\"procaptcha\">\r\n<\/div><label style=\"display: none !important;\">Laissez ce champ vide si vous \u00eates humain : <input type=\"text\" name=\"_mc4wp_honeypot\" value=\"\" tabindex=\"-1\" autocomplete=\"off\" \/><\/label><input type=\"hidden\" name=\"_mc4wp_timestamp\" value=\"1777412989\" \/><input type=\"hidden\" name=\"_mc4wp_form_id\" value=\"608\" \/><input type=\"hidden\" name=\"_mc4wp_form_element_id\" value=\"mc4wp-form-1\" \/><div class=\"mc4wp-response\"><\/div><input type=\"hidden\" name=\"trp-form-language\" value=\"fr\"\/><\/form><!-- \/ Mailchimp for WordPress Plugin -->\n<\/div>\n<\/div>","protected":false},"excerpt":{"rendered":"<p>Newsletter Inscris-toi maintenant \u00e0 notre newsletter et sois toujours au courant des derni\u00e8res nouvelles ! Notre newsletter contient r\u00e9guli\u00e8rement des informations sur notre association, les projets en cours, des ateliers passionnants et bien plus encore.En tant qu'abonn\u00e9 \u00e0 notre newsletter, tu recevras tous les trois mois un aper\u00e7u des derniers d\u00e9veloppements.Inscris-toi maintenant et fais partie de notre communaut\u00e9 grandissante !<\/p>","protected":false},"author":1,"featured_media":0,"parent":0,"menu_order":800,"comment_status":"closed","ping_status":"closed","template":"","meta":{"footnotes":""},"class_list":["post-92","page","type-page","status-publish","hentry"],"_links":{"self":[{"href":"https:\/\/nica.network\/fr\/wp-json\/wp\/v2\/pages\/92","targetHints":{"allow":["GET"]}}],"collection":[{"href":"https:\/\/nica.network\/fr\/wp-json\/wp\/v2\/pages"}],"about":[{"href":"https:\/\/nica.network\/fr\/wp-json\/wp\/v2\/types\/page"}],"author":[{"embeddable":true,"href":"https:\/\/nica.network\/fr\/wp-json\/wp\/v2\/users\/1"}],"replies":[{"embeddable":true,"href":"https:\/\/nica.network\/fr\/wp-json\/wp\/v2\/comments?post=92"}],"version-history":[{"count":47,"href":"https:\/\/nica.network\/fr\/wp-json\/wp\/v2\/pages\/92\/revisions"}],"predecessor-version":[{"id":685,"href":"https:\/\/nica.network\/fr\/wp-json\/wp\/v2\/pages\/92\/revisions\/685"}],"wp:attachment":[{"href":"https:\/\/nica.network\/fr\/wp-json\/wp\/v2\/media?parent=92"}],"curies":[{"name":"wp","href":"https:\/\/api.w.org\/{rel}","templated":true}]}}