{"id":687,"date":"2025-01-26T10:48:45","date_gmt":"2025-01-26T09:48:45","guid":{"rendered":"https:\/\/nica.network\/?page_id=687"},"modified":"2025-01-26T10:50:47","modified_gmt":"2025-01-26T09:50:47","slug":"championnat-de-jonglage","status":"publish","type":"page","link":"https:\/\/nica.network\/fr\/tohuwabohu\/jonglage-meisterschaft\/","title":{"rendered":"Championnat de jonglerie technique"},"content":{"rendered":"<div class=\"wp-block-group has-accent-1-background-color has-background has-global-padding is-layout-constrained wp-block-group-is-layout-constrained\">\n<p class=\"has-text-align-center\"><strong>Nous distribuons :<\/strong><\/p>\n\n\n\n<h1 class=\"wp-block-heading has-text-align-center is-style-gradient\">Championnat de jonglerie technique<\/h1>\n\n\n\n<hr class=\"wp-block-separator has-alpha-channel-opacity is-style-keule\"\/>\n\n\n\n<div class=\"wp-block-columns are-vertically-aligned-center is-layout-flex wp-container-core-columns-is-layout-28f84493 wp-block-columns-is-layout-flex\">\n<div class=\"wp-block-column is-vertically-aligned-center is-layout-flow wp-block-column-is-layout-flow\">\n<p>Le deuxi\u00e8me championnat allemand de jonglerie technique aura lieu en 2024. Il se d\u00e9roulera le dimanche pendant la convention de cette ann\u00e9e.<\/p>\n\n\n\n<p><strong>Pour la participation aux concours de routines, veuillez remplir un nouveau formulaire de participation pour chaque outil (balles, anneaux, massues) !<\/strong><\/p>\n\n\n\n<p><em>Le Code of Points est en cours de mise \u00e0 jour !<\/em><\/p>\n<\/div>\n\n\n\n<div class=\"wp-block-column is-vertically-aligned-center is-layout-flow wp-block-column-is-layout-flow\">\n<div class=\"wp-block-group is-style-framed has-global-padding is-layout-constrained wp-block-group-is-layout-constrained\">\n<p>Nous demandons une <strong>Frais d'inscription de 2 \u20ac.<\/strong> par participant pour les comp\u00e9titions de freestyle et de routines (ind\u00e9pendamment du nombre de props inscrits). Les frais d'inscription doivent \u00eatre pay\u00e9s en esp\u00e8ces sur place.<\/p>\n\n\n\n<p class=\"is-style-default\" style=\"font-size:clamp(0.875rem, 0.875rem + ((1vw - 0.2rem) * 0.196), 1rem);\"><em>Exemple de calcul : le participant d\u00e9marre<\/em><em>t dans les comp\u00e9titions de routine<\/em><em>il<\/em><em>b avec deux props diff\u00e9rentes = une fois 2&nbsp;<\/em><em>\u20ac ; le m\u00eame participant prend \u00e9galement le d\u00e9part de la comp\u00e9tition de freestyle = 4 \u20ac de frais d'inscription au total.<\/em><\/p>\n<\/div>\n<\/div>\n<\/div>\n\n\n\n<p>\u200b<\/p>\n\n\n\n<p><em>\u200b<\/em><\/p>\n\n\n\n<p>\u200b<\/p>\n\n\n\n<hr class=\"wp-block-separator has-alpha-channel-opacity is-style-keule\"\/>\n\n\n\n<h2 class=\"wp-block-heading has-text-align-center\" style=\"margin-top:var(--wp--preset--spacing--50);margin-bottom:var(--wp--preset--spacing--50)\">Cat\u00e9gories de comp\u00e9tition<\/h2>\n\n\n\n<div class=\"wp-block-columns is-layout-flex wp-container-core-columns-is-layout-28f84493 wp-block-columns-is-layout-flex\">\n<div class=\"wp-block-column is-layout-flow wp-block-column-is-layout-flow\">\n<h3 class=\"wp-block-heading\"><strong>Freestyle<\/strong><\/h3>\n\n\n\n<ul class=\"wp-block-list\">\n<li>Pas de limite d'h\u00e9lice<\/li>\n\n\n\n<li>Les participants s'affrontent en 1 contre 1 dans des matchs<\/li>\n\n\n\n<li>Chaque match comprend au maximum 3 tours (finale 5 tours)<\/li>\n\n\n\n<li>A chaque tour, chaque participant a 3 essais pour montrer 1 trick.<\/li>\n\n\n\n<li>Limitation : un nombre limit\u00e9 de props est autoris\u00e9 par tour :\n<ul class=\"wp-block-list\">\n<li>1er tour 3-4 Props,<\/li>\n\n\n\n<li>2\u00e8me tour 5-7 Props,<\/li>\n\n\n\n<li>3\u00e8me tour tout est permis<\/li>\n<\/ul>\n<\/li>\n<\/ul>\n<\/div>\n\n\n\n<div class=\"wp-block-column is-layout-flow wp-block-column-is-layout-flow\">\n<h3 class=\"wp-block-heading\"><strong>Routines<\/strong><\/h3>\n\n\n\n<ul class=\"wp-block-list\">\n<li>Chaque participant pr\u00e9sente une routine de 10 tricks du Code of Points<\/li>\n\n\n\n<li>Limite de temps maximale de 90s par routine<\/li>\n\n\n\n<li>Une comp\u00e9tition pour chaque prop (anneaux, balles, massues)<\/li>\n\n\n\n<li>1 concours g\u00e9n\u00e9ral s\u00e9par\u00e9 sur toutes les props<\/li>\n\n\n\n<li>\u00c9valuation par le jury sur la base de l'attribution de points<\/li>\n\n\n\n<li>Le vainqueur est d\u00e9termin\u00e9 par le nombre total de points obtenus<\/li>\n<\/ul>\n<\/div>\n<\/div>\n\n\n\n<hr class=\"wp-block-separator has-alpha-channel-opacity is-style-keule\"\/>\n\n\n\n<h2 class=\"wp-block-heading\" style=\"margin-top:var(--wp--preset--spacing--50);margin-bottom:var(--wp--preset--spacing--50)\">Code de points<\/h2>\n\n\n\n<ul class=\"wp-block-list\">\n<li>C. o. P. est une biblioth\u00e8que publique de toutes les astuces autoris\u00e9es (envoy\u00e9es)<\/li>\n\n\n\n<li>Chaque participant peut composer une routine \u00e0 partir du C.o.P. ou l'envoyer rapidement et la faire \u00e9valuer. Pour une participation \u00e0 court terme, il est n\u00e9cessaire de remettre la routine au plus tard le samedi \u00e0 12h00 \u00e0 la convention.<\/li>\n\n\n\n<li>Le C.o.P. classe chaque trick dans une cat\u00e9gorie de A(1,0) , B (1,1) , C (1,2) ... en fonction du niveau de difficult\u00e9 et du type de prop.<\/li>\n\n\n\n<li>Les connexions sont \u00e9valu\u00e9es individuellement et rapportent des points bonus en fonction de la difficult\u00e9 (de 0,02 \u00e0 0,2 par connexion).<\/li>\n\n\n\n<li>C. o. P. explique \u00e9galement les types de d\u00e9ductions et leur montant<\/li>\n<\/ul>\n\n\n\n<div class=\"wp-block-buttons is-layout-flex wp-block-buttons-is-layout-flex\">\n<div class=\"wp-block-button\"><a class=\"wp-block-button__link wp-element-button\" href=\"https:\/\/docs.google.com\/spreadsheets\/d\/10q2MkDyzJuVRitJQDFYVCxDzs-8dx55sk5-VyVVUi8E\/edit?gid=247353164#gid=247353164\" target=\"_blank\" rel=\"noreferrer noopener\">Code de points<\/a><\/div>\n<\/div>\n\n\n\n<hr class=\"wp-block-separator has-alpha-channel-opacity is-style-keule\"\/>\n\n\n\n<h2 class=\"wp-block-heading has-text-align-center\" style=\"margin-top:var(--wp--preset--spacing--50);margin-bottom:var(--wp--preset--spacing--50)\">Qui est derri\u00e8re tout \u00e7a ?<\/h2>\n\n\n\n<div class=\"wp-block-group has-accent-1-color has-text-color has-link-color wp-elements-b600ffd77561e02eb4317803cbed08f8 is-layout-grid wp-container-core-group-is-layout-2931688a wp-block-group-is-layout-grid\">\n<div class=\"wp-block-group has-accent-1-color has-light-background-color has-text-color has-background has-link-color wp-elements-4375d37b52f9bdb93fec82ae11139f04 has-global-padding is-layout-constrained wp-container-core-group-is-layout-80fb368b wp-block-group-is-layout-constrained\" style=\"padding-top:var(--wp--preset--spacing--30);padding-right:var(--wp--preset--spacing--30);padding-bottom:var(--wp--preset--spacing--30);padding-left:var(--wp--preset--spacing--30)\">\n<h3 class=\"wp-block-heading\">Max Kuschmierz<\/h3>\n\n\n\n<p>Depuis 2014, je pratique la jonglerie avec passion, souvent plusieurs heures par jour, afin de perfectionner mon art. Au d\u00e9part, c'\u00e9tait un hobby, mais la jonglerie est devenue ma profession. Ce qui m'attire le plus dans la jonglerie sportive, ce sont les d\u00e9fis toujours nouveaux et les possibilit\u00e9s presque infinies de se surpasser ! Avec le premier championnat allemand de jonglerie, j'esp\u00e8re voir cette passion chez tous les participants !<\/p>\n<\/div>\n\n\n\n<div class=\"wp-block-group has-light-background-color has-background has-global-padding is-layout-constrained wp-container-core-group-is-layout-80fb368b wp-block-group-is-layout-constrained\" style=\"padding-top:var(--wp--preset--spacing--30);padding-right:var(--wp--preset--spacing--30);padding-bottom:var(--wp--preset--spacing--30);padding-left:var(--wp--preset--spacing--30)\">\n<h3 class=\"wp-block-heading\">Lena Schuster<\/h3>\n\n\n\n<p>J'ai appris \u00e0 jongler en 2014 dans notre cirque scolaire et j'ai vraiment commenc\u00e9 en 2015, lorsque ma famille a d\u00e9cid\u00e9 d'aller \u00e0 l'EJC de Bruneck. En plus de la jonglerie, je joue et j'entra\u00eene au basket-ball et j'\u00e9tudie l'ing\u00e9nierie environnementale \u00e0 Bayreuth. Je me r\u00e9jouis de faire partie du jury et de voir ce que les participants vont nous montrer.<\/p>\n<\/div>\n\n\n\n<div class=\"wp-block-group has-light-background-color has-background has-global-padding is-layout-constrained wp-container-core-group-is-layout-80fb368b wp-block-group-is-layout-constrained\" style=\"padding-top:var(--wp--preset--spacing--30);padding-right:var(--wp--preset--spacing--30);padding-bottom:var(--wp--preset--spacing--30);padding-left:var(--wp--preset--spacing--30)\">\n<h3 class=\"wp-block-heading\">Max Amann<\/h3>\n\n\n\n<p>Je suis chimiste, ing\u00e9nieur chimiste et je fais actuellement mon doctorat \u00e0 l'universit\u00e9 technique de Dortmund. Je jongle beaucoup pendant mon temps libre. Je me suis sp\u00e9cialis\u00e9 dans les num\u00e9ros, la pluie, l'\u00e9quilibre club \u00e0 club et le jonglage de poi. Nous planifions cet \u00e9v\u00e9nement depuis le d\u00e9but de l'ann\u00e9e 2022 et je me r\u00e9jouis de voir de bons jongleurs se produire et je les \u00e9valuerai avec enthousiasme.<\/p>\n<\/div>\n\n\n\n<div class=\"wp-block-group has-light-background-color has-background has-global-padding is-layout-constrained wp-container-core-group-is-layout-80fb368b wp-block-group-is-layout-constrained\" style=\"padding-top:var(--wp--preset--spacing--30);padding-right:var(--wp--preset--spacing--30);padding-bottom:var(--wp--preset--spacing--30);padding-left:var(--wp--preset--spacing--30)\">\n<h3 class=\"wp-block-heading\">Christian Hausschild<\/h3>\n\n\n\n<h4 class=\"wp-block-heading\">(jur\u00e9 suppl\u00e9ant)<\/h4>\n\n\n\n<p>Je jongle avec passion depuis 2008, avec des participations r\u00e9ussies aux championnats WJF 2014 et 2018. Je me r\u00e9jouis de voir les participants \u00e0 la comp\u00e9tition et \u00e0 l'\u00e9v\u00e9nement commun. En outre, je suis encore professeur stagiaire dans un lyc\u00e9e pour l'anglais et le fran\u00e7ais, mati\u00e8res que j'ai \u00e9tudi\u00e9es de 2016 \u00e0 2022. La promotion de la rel\u00e8ve de la future \u00e9lite de la jonglerie allemande me tient particuli\u00e8rement \u00e0 c\u0153ur et j'esp\u00e8re que nous pourrons y contribuer avec cet \u00e9v\u00e9nement.<\/p>\n<\/div>\n\n\n\n<div class=\"wp-block-group has-light-background-color has-background has-global-padding is-layout-constrained wp-container-core-group-is-layout-80fb368b wp-block-group-is-layout-constrained\" style=\"padding-top:var(--wp--preset--spacing--30);padding-right:var(--wp--preset--spacing--30);padding-bottom:var(--wp--preset--spacing--30);padding-left:var(--wp--preset--spacing--30)\">\n<h3 class=\"wp-block-heading\">Florian Lange<\/h3>\n\n\n\n<p>(Pr\u00e9sentation \u00e0 venir !)<\/p>\n<\/div>\n\n\n\n<div class=\"wp-block-group has-light-background-color has-background has-global-padding is-layout-constrained wp-container-core-group-is-layout-80fb368b wp-block-group-is-layout-constrained\" style=\"padding-top:var(--wp--preset--spacing--30);padding-right:var(--wp--preset--spacing--30);padding-bottom:var(--wp--preset--spacing--30);padding-left:var(--wp--preset--spacing--30)\">\n<h3 class=\"wp-block-heading\">Fabian Fehlhaber<\/h3>\n\n\n\n<p>(Pr\u00e9sentation \u00e0 venir !)<\/p>\n<\/div>\n\n\n\n<div class=\"wp-block-group has-light-background-color has-background has-global-padding is-layout-constrained wp-container-core-group-is-layout-80fb368b wp-block-group-is-layout-constrained\" style=\"padding-top:var(--wp--preset--spacing--30);padding-right:var(--wp--preset--spacing--30);padding-bottom:var(--wp--preset--spacing--30);padding-left:var(--wp--preset--spacing--30)\">\n<h3 class=\"wp-block-heading\">Theo Kupierz<\/h3>\n\n\n\n<p>(Pr\u00e9sentation \u00e0 venir !)<\/p>\n<\/div>\n\n\n\n<div class=\"wp-block-group has-light-background-color has-background has-global-padding is-layout-constrained wp-container-core-group-is-layout-80fb368b wp-block-group-is-layout-constrained\" style=\"padding-top:var(--wp--preset--spacing--30);padding-right:var(--wp--preset--spacing--30);padding-bottom:var(--wp--preset--spacing--30);padding-left:var(--wp--preset--spacing--30)\">\n<h3 class=\"wp-block-heading\">Dennis Hauer<\/h3>\n\n\n\n<h4 class=\"wp-block-heading\">(jur\u00e9 suppl\u00e9ant)<\/h4>\n\n\n\n<p>(Pr\u00e9sentation \u00e0 venir !)<\/p>\n<\/div>\n<\/div>\n\n\n\n<hr class=\"wp-block-separator has-alpha-channel-opacity is-style-keule\"\/>\n\n\n\n<div class=\"wp-block-buttons is-content-justification-center is-layout-flex wp-container-core-buttons-is-layout-a89b3969 wp-block-buttons-is-layout-flex\">\n<div class=\"wp-block-button\"><a class=\"wp-block-button__link has-text-align-center wp-element-button\" href=\"https:\/\/nica.network\/fr\/tohuwabohu\/\">Retour \u00e0 la convention Tohuwabohu<\/a><\/div>\n<\/div>\n<\/div>\n\n\n\n<p><\/p>","protected":false},"excerpt":{"rendered":"<p>Wir tragen aus: Meisterschaft im technischen Jonglieren 2024 findet die Zweite Deutsche Jonglagemeisterschaft im technischen Jonglieren statt. Sie wird am Sonntag w\u00e4hrend der diesj\u00e4hrigen Convention ausgetragen. Bitte f\u00fcr die Teilnahme an den Routinenwettbewerben f\u00fcr jedes Tool (B\u00e4lle, Ringe, Keulen) ein neues Teilnahmeformular ausf\u00fcllen! Der Code of Points wird derzeit aktualisiert! Wir bitten um eine Startgeb\u00fchr [&hellip;]<\/p>\n","protected":false},"author":88,"featured_media":0,"parent":525,"menu_order":0,"comment_status":"closed","ping_status":"closed","template":"","meta":{"footnotes":""},"class_list":["post-687","page","type-page","status-publish","hentry"],"_links":{"self":[{"href":"https:\/\/nica.network\/fr\/wp-json\/wp\/v2\/pages\/687","targetHints":{"allow":["GET"]}}],"collection":[{"href":"https:\/\/nica.network\/fr\/wp-json\/wp\/v2\/pages"}],"about":[{"href":"https:\/\/nica.network\/fr\/wp-json\/wp\/v2\/types\/page"}],"author":[{"embeddable":true,"href":"https:\/\/nica.network\/fr\/wp-json\/wp\/v2\/users\/88"}],"replies":[{"embeddable":true,"href":"https:\/\/nica.network\/fr\/wp-json\/wp\/v2\/comments?post=687"}],"version-history":[{"count":3,"href":"https:\/\/nica.network\/fr\/wp-json\/wp\/v2\/pages\/687\/revisions"}],"predecessor-version":[{"id":692,"href":"https:\/\/nica.network\/fr\/wp-json\/wp\/v2\/pages\/687\/revisions\/692"}],"up":[{"embeddable":true,"href":"https:\/\/nica.network\/fr\/wp-json\/wp\/v2\/pages\/525"}],"wp:attachment":[{"href":"https:\/\/nica.network\/fr\/wp-json\/wp\/v2\/media?parent=687"}],"curies":[{"name":"wp","href":"https:\/\/api.w.org\/{rel}","templated":true}]}}