{"id":193,"date":"2023-09-28T21:24:57","date_gmt":"2023-09-28T19:24:57","guid":{"rendered":"https:\/\/nica.network\/?page_id=193"},"modified":"2025-01-24T19:15:26","modified_gmt":"2025-01-24T18:15:26","slug":"lequipe-2","status":"publish","type":"page","link":"https:\/\/nica.network\/fr\/das-team\/","title":{"rendered":"L'\u00e9quipe"},"content":{"rendered":"<div class=\"wp-block-columns has-transparent-white-background-color has-background is-layout-flex wp-container-core-columns-is-layout-85958d59 wp-block-columns-is-layout-flex\" style=\"padding-top:var(--wp--preset--spacing--40);padding-right:var(--wp--preset--spacing--40);padding-bottom:var(--wp--preset--spacing--40);padding-left:var(--wp--preset--spacing--40)\">\n<div class=\"wp-block-column is-layout-flow wp-block-column-is-layout-flow\">\n<figure class=\"wp-block-image size-large is-style-circle\"><img loading=\"lazy\" decoding=\"async\" width=\"1024\" height=\"993\" src=\"https:\/\/nica.network\/wp-content\/uploads\/2023\/09\/Nica-Team-round-tiny-1024x993.png\" alt=\"\" class=\"wp-image-195\" srcset=\"https:\/\/nica.network\/wp-content\/uploads\/2023\/09\/Nica-Team-round-tiny-1024x993.png 1024w, https:\/\/nica.network\/wp-content\/uploads\/2023\/09\/Nica-Team-round-tiny-300x291.png 300w, https:\/\/nica.network\/wp-content\/uploads\/2023\/09\/Nica-Team-round-tiny-768x744.png 768w, https:\/\/nica.network\/wp-content\/uploads\/2023\/09\/Nica-Team-round-tiny-12x12.png 12w, https:\/\/nica.network\/wp-content\/uploads\/2023\/09\/Nica-Team-round-tiny.png 1400w\" sizes=\"auto, (max-width: 1024px) 100vw, 1024px\" \/><\/figure>\n<\/div>\n\n\n\n<div class=\"wp-block-column is-vertically-aligned-center is-layout-flow wp-block-column-is-layout-flow\">\n<h1 class=\"wp-block-heading is-style-default\">Notre \u00e9quipe<\/h1>\n\n\n\n<p>L'\u00e9quipe de NICA e.V. est compos\u00e9e d'un groupe de professionnels engag\u00e9s et qualifi\u00e9s qui mettent \u00e0 profit leurs comp\u00e9tences et leurs passions uniques pour promouvoir et diffuser le monde des arts du cirque. Avec un m\u00e9lange vari\u00e9 d'origines p\u00e9dagogiques, artistiques et scientifiques, notre \u00e9quipe propose une formation compl\u00e8te et interdisciplinaire. Chaque membre apporte ses comp\u00e9tences et exp\u00e9riences individuelles, unies par une passion commune pour les arts du cirque et un engagement envers NICA e.V. En tant que membres fondateurs et membres du conseil d'administration, nous travaillons avec passion pour diffuser et renforcer les arts du cirque sous toutes leurs formes.<\/p>\n<\/div>\n<\/div>\n\n\n\n<div class=\"wp-block-group is-layout-grid wp-container-core-group-is-layout-510ef126 wp-block-group-is-layout-grid\">\n<div class=\"wp-block-group has-transparent-white-background-color has-background is-layout-flow wp-block-group-is-layout-flow\" style=\"padding-top:var(--wp--preset--spacing--40);padding-right:var(--wp--preset--spacing--40);padding-bottom:var(--wp--preset--spacing--40);padding-left:var(--wp--preset--spacing--40)\">\n<figure class=\"wp-block-image aligncenter size-medium is-style-circle\"><img loading=\"lazy\" decoding=\"async\" width=\"300\" height=\"300\" src=\"https:\/\/nica.network\/wp-content\/uploads\/2023\/10\/Charleen-Hoffmann-300x300.png\" alt=\"\" class=\"wp-image-323\" srcset=\"https:\/\/nica.network\/wp-content\/uploads\/2023\/10\/Charleen-Hoffmann-300x300.png 300w, https:\/\/nica.network\/wp-content\/uploads\/2023\/10\/Charleen-Hoffmann-150x150.png 150w, https:\/\/nica.network\/wp-content\/uploads\/2023\/10\/Charleen-Hoffmann-500x500.png 500w, https:\/\/nica.network\/wp-content\/uploads\/2023\/10\/Charleen-Hoffmann-12x12.png 12w, https:\/\/nica.network\/wp-content\/uploads\/2023\/10\/Charleen-Hoffmann.png 752w\" sizes=\"auto, (max-width: 300px) 100vw, 300px\" \/><\/figure>\n\n\n\n<h3 class=\"wp-block-heading\">Charleen Hoffmann<\/h3>\n\n\n\n<p>Charleen Hoffmann allie sa passion pour les arts du cirque \u00e0 une solide formation scientifique. Elle a termin\u00e9 sa formation continue d'entra\u00eeneur de cirque \u00e0 la Villa J\u00fchling en 2022 et est \u00e9galement facilitatrice de Juggling fonctionnel depuis 2022. Avant de se lancer dans la p\u00e9dagogie du cirque, elle a obtenu un bachelor en sciences de l'\u00e9ducation \u00e0 l'universit\u00e9 Martin Luther de Halle en 2019. Elle met \u00e0 profit ses connaissances et ses comp\u00e9tences en tant que membre du conseil d'administration et membre fondateur du NICA e.V..<\/p>\n<\/div>\n\n\n\n<div class=\"wp-block-group has-transparent-white-background-color has-background is-layout-flow wp-block-group-is-layout-flow\" style=\"padding-top:var(--wp--preset--spacing--40);padding-right:var(--wp--preset--spacing--40);padding-bottom:var(--wp--preset--spacing--40);padding-left:var(--wp--preset--spacing--40)\">\n<figure class=\"wp-block-image aligncenter size-medium is-style-circle\"><img loading=\"lazy\" decoding=\"async\" width=\"300\" height=\"300\" src=\"https:\/\/nica.network\/wp-content\/uploads\/2023\/10\/Peter-Huhndorf-300x300.png\" alt=\"\" class=\"wp-image-324\" srcset=\"https:\/\/nica.network\/wp-content\/uploads\/2023\/10\/Peter-Huhndorf-300x300.png 300w, https:\/\/nica.network\/wp-content\/uploads\/2023\/10\/Peter-Huhndorf-150x150.png 150w, https:\/\/nica.network\/wp-content\/uploads\/2023\/10\/Peter-Huhndorf-500x500.png 500w, https:\/\/nica.network\/wp-content\/uploads\/2023\/10\/Peter-Huhndorf-12x12.png 12w, https:\/\/nica.network\/wp-content\/uploads\/2023\/10\/Peter-Huhndorf.png 752w\" sizes=\"auto, (max-width: 300px) 100vw, 300px\" \/><\/figure>\n\n\n\n<h3 class=\"wp-block-heading\">Peter Huhndorf<\/h3>\n\n\n\n<p>Peter Huhndorf a un parcours diversifi\u00e9, comprenant \u00e0 la fois une formation en p\u00e9dagogie du cirque et une formation en nutrition. Il est facilitateur de Juggling fonctionnel depuis 2022. En outre, Peter est titulaire d'une licence en nutrition de l'universit\u00e9 Martin Luther de Halle obtenue en 2020. En tant que membre fondateur et membre du conseil d'administration de NICA e.V., il apporte \u00e0 l'organisation son expertise et sa passion pour le cirque et la sant\u00e9.<\/p>\n<\/div>\n\n\n\n<div class=\"wp-block-group has-transparent-white-background-color has-background is-layout-flow wp-block-group-is-layout-flow\" style=\"padding-top:var(--wp--preset--spacing--40);padding-right:var(--wp--preset--spacing--40);padding-bottom:var(--wp--preset--spacing--40);padding-left:var(--wp--preset--spacing--40)\">\n<figure class=\"wp-block-image aligncenter size-medium is-style-circle\"><img loading=\"lazy\" decoding=\"async\" width=\"300\" height=\"300\" src=\"https:\/\/nica.network\/wp-content\/uploads\/2023\/10\/Lilith-Dekow-300x300.png\" alt=\"\" class=\"wp-image-322\" srcset=\"https:\/\/nica.network\/wp-content\/uploads\/2023\/10\/Lilith-Dekow-300x300.png 300w, https:\/\/nica.network\/wp-content\/uploads\/2023\/10\/Lilith-Dekow-150x150.png 150w, https:\/\/nica.network\/wp-content\/uploads\/2023\/10\/Lilith-Dekow-500x500.png 500w, https:\/\/nica.network\/wp-content\/uploads\/2023\/10\/Lilith-Dekow-12x12.png 12w, https:\/\/nica.network\/wp-content\/uploads\/2023\/10\/Lilith-Dekow.png 756w\" sizes=\"auto, (max-width: 300px) 100vw, 300px\" \/><\/figure>\n\n\n\n<h3 class=\"wp-block-heading\">Lilith Dekow<\/h3>\n\n\n\n<p>Lilith Dekow apporte \u00e0 l'\u00e9quipe un m\u00e9lange d'expertise culturelle, m\u00e9diatique et de p\u00e9dagogie du cirque. Apr\u00e8s avoir suivi une formation de cirque social chez Cabuwazi en 2021, elle est actuellement en 6e semestre d'\u00e9tudes de p\u00e9dagogie culturelle+m\u00e9diatique \u00e0 l'universit\u00e9 de Merseburg. En 2022, elle a \u00e9galement termin\u00e9 une formation de Functional Juggling Facilitator. Outre ses comp\u00e9tences p\u00e9dagogiques, Lilith est \u00e9galement une artiste a\u00e9rienne talentueuse. Elle est fi\u00e8re d'\u00eatre membre fondateur du NICA e.V.<\/p>\n<\/div>\n\n\n\n<div class=\"wp-block-group has-transparent-white-background-color has-background is-layout-flow wp-block-group-is-layout-flow\" style=\"padding-top:var(--wp--preset--spacing--40);padding-right:var(--wp--preset--spacing--40);padding-bottom:var(--wp--preset--spacing--40);padding-left:var(--wp--preset--spacing--40)\">\n<figure class=\"wp-block-image aligncenter size-medium is-style-circle\"><img loading=\"lazy\" decoding=\"async\" width=\"298\" height=\"300\" src=\"https:\/\/nica.network\/wp-content\/uploads\/2023\/10\/Marc-Bielert-298x300.png\" alt=\"\" class=\"wp-image-325\" srcset=\"https:\/\/nica.network\/wp-content\/uploads\/2023\/10\/Marc-Bielert-298x300.png 298w, https:\/\/nica.network\/wp-content\/uploads\/2023\/10\/Marc-Bielert-150x150.png 150w, https:\/\/nica.network\/wp-content\/uploads\/2023\/10\/Marc-Bielert-12x12.png 12w, https:\/\/nica.network\/wp-content\/uploads\/2023\/10\/Marc-Bielert.png 756w\" sizes=\"auto, (max-width: 298px) 100vw, 298px\" \/><\/figure>\n\n\n\n<h3 class=\"wp-block-heading\">Marc Bielert<\/h3>\n\n\n\n<p>Marc Bielert est un entra\u00eeneur de cirque et un artiste exp\u00e9riment\u00e9, sp\u00e9cialis\u00e9 dans l'art du jonglage. Il a suivi sa formation d'entra\u00eeneur selon la norme BAGZP en 2013 aupr\u00e8s de ZZB Halle e.V.. Parmi ses autres qualifications figurent sa certification dans le domaine du cirque social, obtenue en 2016 aupr\u00e8s de Cabuwazi, et sa formation de Functional Juggling Facilitator en 2018. En dernier lieu, il a suivi une formation continue aupr\u00e8s du cirque Sonnenstich en 2020. Marc n'est pas seulement un jongleur passionn\u00e9 de longue date, mais aussi un repr\u00e9sentant du QuatProp Collective et du Functional Juggling en Allemagne. En tant que membre fondateur et membre du conseil d'administration de NICA e.V., il s'engage en outre pour la promotion des arts du cirque.<\/p>\n<\/div>\n<\/div>","protected":false},"excerpt":{"rendered":"<p>Unser Team Das Team von NICA e.V. setzt sich aus einer Gruppe engagierter und qualifizierter Fachleute zusammen, die ihre einzigartigen F\u00e4higkeiten und Leidenschaften einbringen, um die Welt der Zirkuskunst zu f\u00f6rdern und zu verbreiten. Mit einer vielf\u00e4ltigen Mischung aus p\u00e4dagogischen, artistischen und wissenschaftlichen Hintergr\u00fcnden bietet unser Team ein umfangreiches und interdisziplin\u00e4res Training an. Jedes Mitglied [&hellip;]<\/p>\n","protected":false},"author":1,"featured_media":0,"parent":0,"menu_order":0,"comment_status":"closed","ping_status":"closed","template":"","meta":{"footnotes":""},"class_list":["post-193","page","type-page","status-publish","hentry"],"_links":{"self":[{"href":"https:\/\/nica.network\/fr\/wp-json\/wp\/v2\/pages\/193","targetHints":{"allow":["GET"]}}],"collection":[{"href":"https:\/\/nica.network\/fr\/wp-json\/wp\/v2\/pages"}],"about":[{"href":"https:\/\/nica.network\/fr\/wp-json\/wp\/v2\/types\/page"}],"author":[{"embeddable":true,"href":"https:\/\/nica.network\/fr\/wp-json\/wp\/v2\/users\/1"}],"replies":[{"embeddable":true,"href":"https:\/\/nica.network\/fr\/wp-json\/wp\/v2\/comments?post=193"}],"version-history":[{"count":27,"href":"https:\/\/nica.network\/fr\/wp-json\/wp\/v2\/pages\/193\/revisions"}],"predecessor-version":[{"id":656,"href":"https:\/\/nica.network\/fr\/wp-json\/wp\/v2\/pages\/193\/revisions\/656"}],"wp:attachment":[{"href":"https:\/\/nica.network\/fr\/wp-json\/wp\/v2\/media?parent=193"}],"curies":[{"name":"wp","href":"https:\/\/api.w.org\/{rel}","templated":true}]}}