{"id":687,"date":"2025-01-26T10:48:45","date_gmt":"2025-01-26T09:48:45","guid":{"rendered":"https:\/\/nica.network\/?page_id=687"},"modified":"2025-01-26T10:50:47","modified_gmt":"2025-01-26T09:50:47","slug":"campeonato-de-malabares","status":"publish","type":"page","link":"https:\/\/nica.network\/es\/tohuwabohu\/jonglage-meisterschaft\/","title":{"rendered":"Campeonato de malabares t\u00e9cnicos"},"content":{"rendered":"<div class=\"wp-block-group has-accent-1-background-color has-background has-global-padding is-layout-constrained wp-block-group-is-layout-constrained\">\n<p class=\"has-text-align-center\"><strong>Llevamos a cabo:<\/strong><\/p>\n\n\n\n<h1 class=\"wp-block-heading has-text-align-center is-style-gradient\">Campeonato de malabares t\u00e9cnicos<\/h1>\n\n\n\n<hr class=\"wp-block-separator has-alpha-channel-opacity is-style-keule\"\/>\n\n\n\n<div class=\"wp-block-columns are-vertically-aligned-center is-layout-flex wp-container-core-columns-is-layout-28f84493 wp-block-columns-is-layout-flex\">\n<div class=\"wp-block-column is-vertically-aligned-center is-layout-flow wp-block-column-is-layout-flow\">\n<p>El Segundo Campeonato Alem\u00e1n de Malabarismo T\u00e9cnico tendr\u00e1 lugar en 2024. Se celebrar\u00e1 el domingo durante la convenci\u00f3n de este a\u00f1o.<\/p>\n\n\n\n<p><strong>Por favor, rellene un nuevo formulario de inscripci\u00f3n para cada herramienta (pelotas, aros, palos) para participar en los concursos de rutinas.<\/strong><\/p>\n\n\n\n<p><em>El C\u00f3digo de puntos se est\u00e1 actualizando.<\/em><\/p>\n<\/div>\n\n\n\n<div class=\"wp-block-column is-vertically-aligned-center is-layout-flow wp-block-column-is-layout-flow\">\n<div class=\"wp-block-group is-style-framed has-global-padding is-layout-constrained wp-block-group-is-layout-constrained\">\n<p>Pedimos un <strong>Derechos de inscripci\u00f3n por importe de 2<\/strong> por participante para la competici\u00f3n de estilo libre y rutina (independientemente del n\u00famero de puntales inscritos). Se ruega pagar la cuota de inscripci\u00f3n en efectivo in situ.<\/p>\n\n\n\n<p class=\"is-style-default\" style=\"font-size:clamp(0.875rem, 0.875rem + ((1vw - 0.2rem) * 0.196), 1rem);\"><em>Ejemplo de c\u00e1lculo: Inicio del participante<\/em><em>t en competiciones rutinarias<\/em><em>he<\/em><em>b con dos puntales diferentes = una vez 2&nbsp;<\/em><em>\u20ac; el mismo participante participa tambi\u00e9n en la competici\u00f3n de estilo libre = cuota de inscripci\u00f3n total de 4 \u20ac.<\/em><\/p>\n<\/div>\n<\/div>\n<\/div>\n\n\n\n<p>\u200b<\/p>\n\n\n\n<p><em>\u200b<\/em><\/p>\n\n\n\n<p>\u200b<\/p>\n\n\n\n<hr class=\"wp-block-separator has-alpha-channel-opacity is-style-keule\"\/>\n\n\n\n<h2 class=\"wp-block-heading has-text-align-center\" style=\"margin-top:var(--wp--preset--spacing--50);margin-bottom:var(--wp--preset--spacing--50)\">Categor\u00edas del concurso<\/h2>\n\n\n\n<div class=\"wp-block-columns is-layout-flex wp-container-core-columns-is-layout-28f84493 wp-block-columns-is-layout-flex\">\n<div class=\"wp-block-column is-layout-flow wp-block-column-is-layout-flow\">\n<h3 class=\"wp-block-heading\"><strong>Estilo libre<\/strong><\/h3>\n\n\n\n<ul class=\"wp-block-list\">\n<li>Sin limitaci\u00f3n de puntales<\/li>\n\n\n\n<li>Los participantes compiten 1 contra 1 en partidos<\/li>\n\n\n\n<li>Cada partido consta de un m\u00e1ximo de 3 rondas (5 rondas finales)<\/li>\n\n\n\n<li>En cada ronda, cada participante dispone de 3 intentos para realizar 1 truco<\/li>\n\n\n\n<li>Limitaci\u00f3n: S\u00f3lo se permite un n\u00famero limitado de accesorios por ronda:\n<ul class=\"wp-block-list\">\n<li>1\u00aa ronda 3-4 puntales,<\/li>\n\n\n\n<li>2\u00aa ronda 5-7 apoyos,<\/li>\n\n\n\n<li>3\u00aa ronda todo permitido<\/li>\n<\/ul>\n<\/li>\n<\/ul>\n<\/div>\n\n\n\n<div class=\"wp-block-column is-layout-flow wp-block-column-is-layout-flow\">\n<h3 class=\"wp-block-heading\"><strong>Rutinas<\/strong><\/h3>\n\n\n\n<ul class=\"wp-block-list\">\n<li>Cada participante realiza una rutina compuesta por 10 trucos del C\u00f3digo de Puntos<\/li>\n\n\n\n<li>L\u00edmite m\u00e1ximo de tiempo de 90s por rutina<\/li>\n\n\n\n<li>Una competici\u00f3n para cada accesorio (aros, pelotas, palos)<\/li>\n\n\n\n<li>1 concurso global independiente para todos los puntales<\/li>\n\n\n\n<li>Evaluaci\u00f3n del jurado basada en los puntos concedidos<\/li>\n\n\n\n<li>El ganador se determina por el n\u00famero total de puntos conseguidos<\/li>\n<\/ul>\n<\/div>\n<\/div>\n\n\n\n<hr class=\"wp-block-separator has-alpha-channel-opacity is-style-keule\"\/>\n\n\n\n<h2 class=\"wp-block-heading\" style=\"margin-top:var(--wp--preset--spacing--50);margin-bottom:var(--wp--preset--spacing--50)\">C\u00f3digo de puntos<\/h2>\n\n\n\n<ul class=\"wp-block-list\">\n<li>C. o. P. es una biblioteca p\u00fablica de todos los trucos autorizados (presentados)<\/li>\n\n\n\n<li>Cada participante puede montar una rutina a partir del C.o.P. o enviarla puntualmente para que sea juzgada. Para participar a corto plazo, la rutina debe enviarse como muy tarde el s\u00e1bado a las 12:00 horas en la convenci\u00f3n.<\/li>\n\n\n\n<li>El C.o.P. divide cada truco en una categor\u00eda de A(1,0) , B (1,1) , C (1,2) ... en funci\u00f3n del grado de dificultad y del tipo de atrezzo.<\/li>\n\n\n\n<li>Las conexiones se eval\u00faan individualmente y obtienen puntos de bonificaci\u00f3n en funci\u00f3n de su dificultad (de 0,02 a 0,2 por conexi\u00f3n).<\/li>\n\n\n\n<li>C. o. P. tambi\u00e9n explica los tipos e importes de las deducciones<\/li>\n<\/ul>\n\n\n\n<div class=\"wp-block-buttons is-layout-flex wp-block-buttons-is-layout-flex\">\n<div class=\"wp-block-button\"><a class=\"wp-block-button__link wp-element-button\" href=\"https:\/\/docs.google.com\/spreadsheets\/d\/10q2MkDyzJuVRitJQDFYVCxDzs-8dx55sk5-VyVVUi8E\/edit?gid=247353164#gid=247353164\" target=\"_blank\" rel=\"noreferrer noopener\">C\u00f3digo de puntos<\/a><\/div>\n<\/div>\n\n\n\n<hr class=\"wp-block-separator has-alpha-channel-opacity is-style-keule\"\/>\n\n\n\n<h2 class=\"wp-block-heading has-text-align-center\" style=\"margin-top:var(--wp--preset--spacing--50);margin-bottom:var(--wp--preset--spacing--50)\">\u00bfQui\u00e9n est\u00e1 detr\u00e1s?<\/h2>\n\n\n\n<div class=\"wp-block-group has-accent-1-color has-text-color has-link-color wp-elements-b600ffd77561e02eb4317803cbed08f8 is-layout-grid wp-container-core-group-is-layout-2931688a wp-block-group-is-layout-grid\">\n<div class=\"wp-block-group has-accent-1-color has-light-background-color has-text-color has-background has-link-color wp-elements-4375d37b52f9bdb93fec82ae11139f04 has-global-padding is-layout-constrained wp-container-core-group-is-layout-80fb368b wp-block-group-is-layout-constrained\" style=\"padding-top:var(--wp--preset--spacing--30);padding-right:var(--wp--preset--spacing--30);padding-bottom:var(--wp--preset--spacing--30);padding-left:var(--wp--preset--spacing--30)\">\n<h3 class=\"wp-block-heading\">Max Kuschmierz<\/h3>\n\n\n\n<p>Me apasionan los malabares desde 2014, y a menudo paso varias horas al d\u00eda perfeccionando mi arte. Los malabares, que empezaron como un hobby, se han convertido ahora en mi profesi\u00f3n. Lo que me atrae especialmente del malabarismo deportivo son los nuevos retos constantes y las posibilidades casi infinitas de mejorar. Con el primer campeonato alem\u00e1n de malabares, \u00a1espero ver esta pasi\u00f3n en todos los participantes!<\/p>\n<\/div>\n\n\n\n<div class=\"wp-block-group has-light-background-color has-background has-global-padding is-layout-constrained wp-container-core-group-is-layout-80fb368b wp-block-group-is-layout-constrained\" style=\"padding-top:var(--wp--preset--spacing--30);padding-right:var(--wp--preset--spacing--30);padding-bottom:var(--wp--preset--spacing--30);padding-left:var(--wp--preset--spacing--30)\">\n<h3 class=\"wp-block-heading\">Lena Schuster<\/h3>\n\n\n\n<p>Aprend\u00ed a hacer malabares en el circo de nuestro colegio en 2014 y me aficion\u00e9 de verdad en 2015, cuando mi familia decidi\u00f3 ir a la EJC de Bruneck. Adem\u00e1s de malabarista, juego y entreno al baloncesto y estudio ingenier\u00eda medioambiental en Bayreuth. Estoy deseando formar parte del jurado y ver lo que nos mostrar\u00e1n los participantes<\/p>\n<\/div>\n\n\n\n<div class=\"wp-block-group has-light-background-color has-background has-global-padding is-layout-constrained wp-container-core-group-is-layout-80fb368b wp-block-group-is-layout-constrained\" style=\"padding-top:var(--wp--preset--spacing--30);padding-right:var(--wp--preset--spacing--30);padding-bottom:var(--wp--preset--spacing--30);padding-left:var(--wp--preset--spacing--30)\">\n<h3 class=\"wp-block-heading\">Max Amann<\/h3>\n\n\n\n<p>Soy qu\u00edmico, ingeniero qu\u00edmico y actualmente estoy haciendo el doctorado en la Universidad TU de Dortmund. Hago muchos malabares en mi tiempo libre. Mi especialidad son los n\u00fameros, las duchas, el equilibrio entre clubes y los malabares con el poi. Llevamos planeando este evento desde principios de 2022 y espero con impaciencia las actuaciones de buenos malabaristas y los juzgar\u00e9 con entusiasmo<\/p>\n<\/div>\n\n\n\n<div class=\"wp-block-group has-light-background-color has-background has-global-padding is-layout-constrained wp-container-core-group-is-layout-80fb368b wp-block-group-is-layout-constrained\" style=\"padding-top:var(--wp--preset--spacing--30);padding-right:var(--wp--preset--spacing--30);padding-bottom:var(--wp--preset--spacing--30);padding-left:var(--wp--preset--spacing--30)\">\n<h3 class=\"wp-block-heading\">Christian Hausschild<\/h3>\n\n\n\n<h4 class=\"wp-block-heading\">(jurado sustituto)<\/h4>\n\n\n\n<p>Me apasionan los malabares desde 2008 y particip\u00e9 con \u00e9xito en los campeonatos de la WJF en 2014 y 2018, por lo que espero con impaciencia la competici\u00f3n y el evento juntos. Tambi\u00e9n soy profesor en pr\u00e1cticas en un instituto de gram\u00e1tica para las asignaturas de ingl\u00e9s y franc\u00e9s, que estudi\u00e9 de 2016 a 2022. Promover la pr\u00f3xima generaci\u00f3n de la futura \u00e9lite de malabaristas de Alemania es muy importante para m\u00ed y espero que podamos contribuir a ello con este evento<\/p>\n<\/div>\n\n\n\n<div class=\"wp-block-group has-light-background-color has-background has-global-padding is-layout-constrained wp-container-core-group-is-layout-80fb368b wp-block-group-is-layout-constrained\" style=\"padding-top:var(--wp--preset--spacing--30);padding-right:var(--wp--preset--spacing--30);padding-bottom:var(--wp--preset--spacing--30);padding-left:var(--wp--preset--spacing--30)\">\n<h3 class=\"wp-block-heading\">Florian Lange<\/h3>\n\n\n\n<p>(\u00a1Presentaci\u00f3n a continuaci\u00f3n!)<\/p>\n<\/div>\n\n\n\n<div class=\"wp-block-group has-light-background-color has-background has-global-padding is-layout-constrained wp-container-core-group-is-layout-80fb368b wp-block-group-is-layout-constrained\" style=\"padding-top:var(--wp--preset--spacing--30);padding-right:var(--wp--preset--spacing--30);padding-bottom:var(--wp--preset--spacing--30);padding-left:var(--wp--preset--spacing--30)\">\n<h3 class=\"wp-block-heading\">Fabian Fehlhaber<\/h3>\n\n\n\n<p>(\u00a1Presentaci\u00f3n a continuaci\u00f3n!)<\/p>\n<\/div>\n\n\n\n<div class=\"wp-block-group has-light-background-color has-background has-global-padding is-layout-constrained wp-container-core-group-is-layout-80fb368b wp-block-group-is-layout-constrained\" style=\"padding-top:var(--wp--preset--spacing--30);padding-right:var(--wp--preset--spacing--30);padding-bottom:var(--wp--preset--spacing--30);padding-left:var(--wp--preset--spacing--30)\">\n<h3 class=\"wp-block-heading\">Theo Kupierz<\/h3>\n\n\n\n<p>(\u00a1Presentaci\u00f3n a continuaci\u00f3n!)<\/p>\n<\/div>\n\n\n\n<div class=\"wp-block-group has-light-background-color has-background has-global-padding is-layout-constrained wp-container-core-group-is-layout-80fb368b wp-block-group-is-layout-constrained\" style=\"padding-top:var(--wp--preset--spacing--30);padding-right:var(--wp--preset--spacing--30);padding-bottom:var(--wp--preset--spacing--30);padding-left:var(--wp--preset--spacing--30)\">\n<h3 class=\"wp-block-heading\">Dennis Hauer<\/h3>\n\n\n\n<h4 class=\"wp-block-heading\">(jurado sustituto)<\/h4>\n\n\n\n<p>(\u00a1Presentaci\u00f3n a continuaci\u00f3n!)<\/p>\n<\/div>\n<\/div>\n\n\n\n<hr class=\"wp-block-separator has-alpha-channel-opacity is-style-keule\"\/>\n\n\n\n<div class=\"wp-block-buttons is-content-justification-center is-layout-flex wp-container-core-buttons-is-layout-a89b3969 wp-block-buttons-is-layout-flex\">\n<div class=\"wp-block-button\"><a class=\"wp-block-button__link has-text-align-center wp-element-button\" href=\"https:\/\/nica.network\/es\/tohuwabohu\/\">Volver a la Convenci\u00f3n Tohuwabohu<\/a><\/div>\n<\/div>\n<\/div>\n\n\n\n<p><\/p>","protected":false},"excerpt":{"rendered":"<p>Wir tragen aus: Meisterschaft im technischen Jonglieren 2024 findet die Zweite Deutsche Jonglagemeisterschaft im technischen Jonglieren statt. Sie wird am Sonntag w\u00e4hrend der diesj\u00e4hrigen Convention ausgetragen. Bitte f\u00fcr die Teilnahme an den Routinenwettbewerben f\u00fcr jedes Tool (B\u00e4lle, Ringe, Keulen) ein neues Teilnahmeformular ausf\u00fcllen! Der Code of Points wird derzeit aktualisiert! Wir bitten um eine Startgeb\u00fchr [&hellip;]<\/p>\n","protected":false},"author":88,"featured_media":0,"parent":525,"menu_order":0,"comment_status":"closed","ping_status":"closed","template":"","meta":{"footnotes":""},"class_list":["post-687","page","type-page","status-publish","hentry"],"_links":{"self":[{"href":"https:\/\/nica.network\/es\/wp-json\/wp\/v2\/pages\/687","targetHints":{"allow":["GET"]}}],"collection":[{"href":"https:\/\/nica.network\/es\/wp-json\/wp\/v2\/pages"}],"about":[{"href":"https:\/\/nica.network\/es\/wp-json\/wp\/v2\/types\/page"}],"author":[{"embeddable":true,"href":"https:\/\/nica.network\/es\/wp-json\/wp\/v2\/users\/88"}],"replies":[{"embeddable":true,"href":"https:\/\/nica.network\/es\/wp-json\/wp\/v2\/comments?post=687"}],"version-history":[{"count":3,"href":"https:\/\/nica.network\/es\/wp-json\/wp\/v2\/pages\/687\/revisions"}],"predecessor-version":[{"id":692,"href":"https:\/\/nica.network\/es\/wp-json\/wp\/v2\/pages\/687\/revisions\/692"}],"up":[{"embeddable":true,"href":"https:\/\/nica.network\/es\/wp-json\/wp\/v2\/pages\/525"}],"wp:attachment":[{"href":"https:\/\/nica.network\/es\/wp-json\/wp\/v2\/media?parent=687"}],"curies":[{"name":"wp","href":"https:\/\/api.w.org\/{rel}","templated":true}]}}