{"id":193,"date":"2023-09-28T21:24:57","date_gmt":"2023-09-28T19:24:57","guid":{"rendered":"https:\/\/nica.network\/?page_id=193"},"modified":"2025-01-24T19:15:26","modified_gmt":"2025-01-24T18:15:26","slug":"%ce%b7-%ce%bf%ce%bc%ce%ac%ce%b4%ce%b1-2","status":"publish","type":"page","link":"https:\/\/nica.network\/el\/das-team\/","title":{"rendered":"\u0397 \u03bf\u03bc\u03ac\u03b4\u03b1"},"content":{"rendered":"<div class=\"wp-block-columns has-transparent-white-background-color has-background is-layout-flex wp-container-core-columns-is-layout-85958d59 wp-block-columns-is-layout-flex\" style=\"padding-top:var(--wp--preset--spacing--40);padding-right:var(--wp--preset--spacing--40);padding-bottom:var(--wp--preset--spacing--40);padding-left:var(--wp--preset--spacing--40)\">\n<div class=\"wp-block-column is-layout-flow wp-block-column-is-layout-flow\">\n<figure class=\"wp-block-image size-large is-style-circle\"><img loading=\"lazy\" decoding=\"async\" width=\"1024\" height=\"993\" src=\"https:\/\/nica.network\/wp-content\/uploads\/2023\/09\/Nica-Team-round-tiny-1024x993.png\" alt=\"\" class=\"wp-image-195\" srcset=\"https:\/\/nica.network\/wp-content\/uploads\/2023\/09\/Nica-Team-round-tiny-1024x993.png 1024w, https:\/\/nica.network\/wp-content\/uploads\/2023\/09\/Nica-Team-round-tiny-300x291.png 300w, https:\/\/nica.network\/wp-content\/uploads\/2023\/09\/Nica-Team-round-tiny-768x744.png 768w, https:\/\/nica.network\/wp-content\/uploads\/2023\/09\/Nica-Team-round-tiny-12x12.png 12w, https:\/\/nica.network\/wp-content\/uploads\/2023\/09\/Nica-Team-round-tiny.png 1400w\" sizes=\"auto, (max-width: 1024px) 100vw, 1024px\" \/><\/figure>\n<\/div>\n\n\n\n<div class=\"wp-block-column is-vertically-aligned-center is-layout-flow wp-block-column-is-layout-flow\">\n<h1 class=\"wp-block-heading is-style-default\">\u0397 \u03bf\u03bc\u03ac\u03b4\u03b1 \u03bc\u03b1\u03c2<\/h1>\n\n\n\n<p>\u0397 \u03bf\u03bc\u03ac\u03b4\u03b1 \u03c4\u03bf\u03c5 NICA e.V. \u03b1\u03c0\u03bf\u03c4\u03b5\u03bb\u03b5\u03af\u03c4\u03b1\u03b9 \u03b1\u03c0\u03cc \u03bc\u03b9\u03b1 \u03bf\u03bc\u03ac\u03b4\u03b1 \u03b1\u03c6\u03bf\u03c3\u03b9\u03c9\u03bc\u03ad\u03bd\u03c9\u03bd \u03ba\u03b1\u03b9 \u03b5\u03be\u03b5\u03b9\u03b4\u03b9\u03ba\u03b5\u03c5\u03bc\u03ad\u03bd\u03c9\u03bd \u03b5\u03c0\u03b1\u03b3\u03b3\u03b5\u03bb\u03bc\u03b1\u03c4\u03b9\u03ce\u03bd \u03c0\u03bf\u03c5 \u03c0\u03c1\u03bf\u03c3\u03c6\u03ad\u03c1\u03bf\u03c5\u03bd \u03c4\u03b9\u03c2 \u03bc\u03bf\u03bd\u03b1\u03b4\u03b9\u03ba\u03ad\u03c2 \u03c4\u03bf\u03c5\u03c2 \u03b4\u03b5\u03be\u03b9\u03cc\u03c4\u03b7\u03c4\u03b5\u03c2 \u03ba\u03b1\u03b9 \u03c4\u03bf \u03c0\u03ac\u03b8\u03bf\u03c2 \u03c4\u03bf\u03c5\u03c2 \u03b3\u03b9\u03b1 \u03c4\u03b7\u03bd \u03c0\u03c1\u03bf\u03ce\u03b8\u03b7\u03c3\u03b7 \u03ba\u03b1\u03b9 \u03b4\u03b9\u03ac\u03b4\u03bf\u03c3\u03b7 \u03c4\u03bf\u03c5 \u03ba\u03cc\u03c3\u03bc\u03bf\u03c5 \u03c4\u03c9\u03bd \u03c4\u03b5\u03c7\u03bd\u03ce\u03bd \u03c4\u03bf\u03c5 \u03c4\u03c3\u03af\u03c1\u03ba\u03bf\u03c5. \u039c\u03b5 \u03ad\u03bd\u03b1 \u03c0\u03bf\u03b9\u03ba\u03af\u03bb\u03bf \u03bc\u03b5\u03af\u03b3\u03bc\u03b1 \u03b5\u03ba\u03c0\u03b1\u03b9\u03b4\u03b5\u03c5\u03c4\u03b9\u03ba\u03bf\u03cd, \u03ba\u03b1\u03bb\u03bb\u03b9\u03c4\u03b5\u03c7\u03bd\u03b9\u03ba\u03bf\u03cd \u03ba\u03b1\u03b9 \u03b5\u03c0\u03b9\u03c3\u03c4\u03b7\u03bc\u03bf\u03bd\u03b9\u03ba\u03bf\u03cd \u03c5\u03c0\u03cc\u03b2\u03b1\u03b8\u03c1\u03bf\u03c5, \u03b7 \u03bf\u03bc\u03ac\u03b4\u03b1 \u03bc\u03b1\u03c2 \u03c0\u03c1\u03bf\u03c3\u03c6\u03ad\u03c1\u03b5\u03b9 \u03bf\u03bb\u03bf\u03ba\u03bb\u03b7\u03c1\u03c9\u03bc\u03ad\u03bd\u03b7 \u03ba\u03b1\u03b9 \u03b4\u03b9\u03b5\u03c0\u03b9\u03c3\u03c4\u03b7\u03bc\u03bf\u03bd\u03b9\u03ba\u03ae \u03b5\u03ba\u03c0\u03b1\u03af\u03b4\u03b5\u03c5\u03c3\u03b7. \u039a\u03ac\u03b8\u03b5 \u03bc\u03ad\u03bb\u03bf\u03c2 \u03c6\u03ad\u03c1\u03bd\u03b5\u03b9 \u03c4\u03b9\u03c2 \u03b1\u03c4\u03bf\u03bc\u03b9\u03ba\u03ad\u03c2 \u03c4\u03bf\u03c5 \u03b4\u03b5\u03be\u03b9\u03cc\u03c4\u03b7\u03c4\u03b5\u03c2 \u03ba\u03b1\u03b9 \u03b5\u03bc\u03c0\u03b5\u03b9\u03c1\u03af\u03b5\u03c2, \u03b5\u03bd\u03c9\u03bc\u03ad\u03bd\u03bf\u03b9 \u03b1\u03c0\u03cc \u03c4\u03bf \u03ba\u03bf\u03b9\u03bd\u03cc \u03c0\u03ac\u03b8\u03bf\u03c2 \u03b3\u03b9\u03b1 \u03c4\u03b9\u03c2 \u03c4\u03ad\u03c7\u03bd\u03b5\u03c2 \u03c4\u03bf\u03c5 \u03c4\u03c3\u03af\u03c1\u03ba\u03bf\u03c5 \u03ba\u03b1\u03b9 \u03c4\u03b7\u03bd \u03b1\u03c6\u03bf\u03c3\u03af\u03c9\u03c3\u03b7 \u03c3\u03c4\u03b7 NICA e.V. \u03a9\u03c2 \u03b9\u03b4\u03c1\u03c5\u03c4\u03b9\u03ba\u03ac \u03bc\u03ad\u03bb\u03b7 \u03ba\u03b1\u03b9 \u03bc\u03ad\u03bb\u03b7 \u03c4\u03bf\u03c5 \u03b4\u03b9\u03bf\u03b9\u03ba\u03b7\u03c4\u03b9\u03ba\u03bf\u03cd \u03c3\u03c5\u03bc\u03b2\u03bf\u03c5\u03bb\u03af\u03bf\u03c5, \u03b5\u03af\u03bc\u03b1\u03c3\u03c4\u03b5 \u03c0\u03b1\u03b8\u03b9\u03b1\u03c3\u03bc\u03ad\u03bd\u03bf\u03b9 \u03bc\u03b5 \u03c4\u03b7 \u03b4\u03b9\u03ac\u03b4\u03bf\u03c3\u03b7 \u03ba\u03b1\u03b9 \u03c4\u03b7\u03bd \u03b5\u03bd\u03af\u03c3\u03c7\u03c5\u03c3\u03b7 \u03c4\u03c9\u03bd \u03c4\u03b5\u03c7\u03bd\u03ce\u03bd \u03c4\u03bf\u03c5 \u03c4\u03c3\u03af\u03c1\u03ba\u03bf\u03c5 \u03c3\u03b5 \u03cc\u03bb\u03b5\u03c2 \u03c4\u03b9\u03c2 \u03bc\u03bf\u03c1\u03c6\u03ad\u03c2 \u03c4\u03bf\u03c5.<\/p>\n<\/div>\n<\/div>\n\n\n\n<div class=\"wp-block-group is-layout-grid wp-container-core-group-is-layout-510ef126 wp-block-group-is-layout-grid\">\n<div class=\"wp-block-group has-transparent-white-background-color has-background is-layout-flow wp-block-group-is-layout-flow\" style=\"padding-top:var(--wp--preset--spacing--40);padding-right:var(--wp--preset--spacing--40);padding-bottom:var(--wp--preset--spacing--40);padding-left:var(--wp--preset--spacing--40)\">\n<figure class=\"wp-block-image aligncenter size-medium is-style-circle\"><img loading=\"lazy\" decoding=\"async\" width=\"300\" height=\"300\" src=\"https:\/\/nica.network\/wp-content\/uploads\/2023\/10\/Charleen-Hoffmann-300x300.png\" alt=\"\" class=\"wp-image-323\" srcset=\"https:\/\/nica.network\/wp-content\/uploads\/2023\/10\/Charleen-Hoffmann-300x300.png 300w, https:\/\/nica.network\/wp-content\/uploads\/2023\/10\/Charleen-Hoffmann-150x150.png 150w, https:\/\/nica.network\/wp-content\/uploads\/2023\/10\/Charleen-Hoffmann-500x500.png 500w, https:\/\/nica.network\/wp-content\/uploads\/2023\/10\/Charleen-Hoffmann-12x12.png 12w, https:\/\/nica.network\/wp-content\/uploads\/2023\/10\/Charleen-Hoffmann.png 752w\" sizes=\"auto, (max-width: 300px) 100vw, 300px\" \/><\/figure>\n\n\n\n<h3 class=\"wp-block-heading\">Charleen Hoffmann<\/h3>\n\n\n\n<p>\u0397 Charleen Hoffmann \u03c3\u03c5\u03bd\u03b4\u03c5\u03ac\u03b6\u03b5\u03b9 \u03c4\u03bf \u03c0\u03ac\u03b8\u03bf\u03c2 \u03c4\u03b7\u03c2 \u03b3\u03b9\u03b1 \u03c4\u03b9\u03c2 \u03c4\u03ad\u03c7\u03bd\u03b5\u03c2 \u03c4\u03bf\u03c5 \u03c4\u03c3\u03af\u03c1\u03ba\u03bf\u03c5 \u03bc\u03b5 \u03bc\u03b9\u03b1 \u03c3\u03c4\u03ad\u03c1\u03b5\u03b7 \u03b5\u03c0\u03b9\u03c3\u03c4\u03b7\u03bc\u03bf\u03bd\u03b9\u03ba\u03ae \u03b5\u03ba\u03c0\u03b1\u03af\u03b4\u03b5\u03c5\u03c3\u03b7. \u039f\u03bb\u03bf\u03ba\u03bb\u03ae\u03c1\u03c9\u03c3\u03b5 \u03c4\u03b7\u03bd \u03b5\u03ba\u03c0\u03b1\u03af\u03b4\u03b5\u03c5\u03c3\u03ae \u03c4\u03b7\u03c2 \u03c9\u03c2 \u03b5\u03ba\u03c0\u03b1\u03b9\u03b4\u03b5\u03c5\u03c4\u03ae\u03c2 \u03c4\u03c3\u03af\u03c1\u03ba\u03bf\u03c5 \u03c3\u03c4\u03b7 Villa J\u00fchling \u03c4\u03bf 2022 \u03ba\u03b1\u03b9 \u03b5\u03af\u03bd\u03b1\u03b9 \u03b5\u03c0\u03af\u03c3\u03b7\u03c2 Functional Juggling Facilitator \u03b1\u03c0\u03cc \u03c4\u03bf 2022. \u03a0\u03c1\u03b9\u03bd \u03b1\u03c0\u03cc \u03c4\u03b7\u03bd \u03ba\u03b1\u03c1\u03b9\u03ad\u03c1\u03b1 \u03c4\u03b7\u03c2 \u03c3\u03c4\u03b7\u03bd \u03c0\u03b1\u03b9\u03b4\u03b1\u03b3\u03c9\u03b3\u03b9\u03ba\u03ae \u03c4\u03bf\u03c5 \u03c4\u03c3\u03af\u03c1\u03ba\u03bf\u03c5, \u03bf\u03bb\u03bf\u03ba\u03bb\u03ae\u03c1\u03c9\u03c3\u03b5 \u03c4\u03bf \u03c0\u03c4\u03c5\u03c7\u03af\u03bf \u03c4\u03b7\u03c2 \u03c3\u03c4\u03b7\u03bd \u03a0\u03b1\u03b9\u03b4\u03b1\u03b3\u03c9\u03b3\u03b9\u03ba\u03ae \u0395\u03c0\u03b9\u03c3\u03c4\u03ae\u03bc\u03b7 \u03c3\u03c4\u03bf Martin Luther University Halle \u03c4\u03bf 2019. \u03a7\u03c1\u03b7\u03c3\u03b9\u03bc\u03bf\u03c0\u03bf\u03b9\u03b5\u03af \u03c4\u03b9\u03c2 \u03b3\u03bd\u03ce\u03c3\u03b5\u03b9\u03c2 \u03ba\u03b1\u03b9 \u03c4\u03b9\u03c2 \u03b4\u03b5\u03be\u03b9\u03cc\u03c4\u03b7\u03c4\u03ad\u03c2 \u03c4\u03b7\u03c2 \u03c9\u03c2 \u03bc\u03ad\u03bb\u03bf\u03c2 \u03c4\u03bf\u03c5 \u03b4\u03b9\u03bf\u03b9\u03ba\u03b7\u03c4\u03b9\u03ba\u03bf\u03cd \u03c3\u03c5\u03bc\u03b2\u03bf\u03c5\u03bb\u03af\u03bf\u03c5 \u03ba\u03b1\u03b9 \u03b9\u03b4\u03c1\u03c5\u03c4\u03b9\u03ba\u03cc \u03bc\u03ad\u03bb\u03bf\u03c2 \u03c4\u03b7\u03c2 NICA e.V.<\/p>\n<\/div>\n\n\n\n<div class=\"wp-block-group has-transparent-white-background-color has-background is-layout-flow wp-block-group-is-layout-flow\" style=\"padding-top:var(--wp--preset--spacing--40);padding-right:var(--wp--preset--spacing--40);padding-bottom:var(--wp--preset--spacing--40);padding-left:var(--wp--preset--spacing--40)\">\n<figure class=\"wp-block-image aligncenter size-medium is-style-circle\"><img loading=\"lazy\" decoding=\"async\" width=\"300\" height=\"300\" src=\"https:\/\/nica.network\/wp-content\/uploads\/2023\/10\/Peter-Huhndorf-300x300.png\" alt=\"\" class=\"wp-image-324\" srcset=\"https:\/\/nica.network\/wp-content\/uploads\/2023\/10\/Peter-Huhndorf-300x300.png 300w, https:\/\/nica.network\/wp-content\/uploads\/2023\/10\/Peter-Huhndorf-150x150.png 150w, https:\/\/nica.network\/wp-content\/uploads\/2023\/10\/Peter-Huhndorf-500x500.png 500w, https:\/\/nica.network\/wp-content\/uploads\/2023\/10\/Peter-Huhndorf-12x12.png 12w, https:\/\/nica.network\/wp-content\/uploads\/2023\/10\/Peter-Huhndorf.png 752w\" sizes=\"auto, (max-width: 300px) 100vw, 300px\" \/><\/figure>\n\n\n\n<h3 class=\"wp-block-heading\">Peter Huhndorf<\/h3>\n\n\n\n<p>\u039f Peter Huhndorf \u03ad\u03c7\u03b5\u03b9 \u03ad\u03bd\u03b1 \u03c0\u03bf\u03bb\u03cd\u03c0\u03bb\u03b5\u03c5\u03c1\u03bf \u03c5\u03c0\u03cc\u03b2\u03b1\u03b8\u03c1\u03bf \u03c0\u03bf\u03c5 \u03c0\u03b5\u03c1\u03b9\u03bb\u03b1\u03bc\u03b2\u03ac\u03bd\u03b5\u03b9 \u03c4\u03cc\u03c3\u03bf \u03c0\u03b1\u03b9\u03b4\u03b1\u03b3\u03c9\u03b3\u03b9\u03ba\u03ae \u03c4\u03bf\u03c5 \u03c4\u03c3\u03af\u03c1\u03ba\u03bf\u03c5 \u03cc\u03c3\u03bf \u03ba\u03b1\u03b9 \u03b5\u03ba\u03c0\u03b1\u03af\u03b4\u03b5\u03c5\u03c3\u03b7 \u03c3\u03c4\u03b7\u03bd \u03b5\u03c0\u03b9\u03c3\u03c4\u03ae\u03bc\u03b7 \u03c4\u03b7\u03c2 \u03b4\u03b9\u03b1\u03c4\u03c1\u03bf\u03c6\u03ae\u03c2. \u0391\u03c0\u03cc \u03c4\u03bf 2022 \u03b5\u03af\u03bd\u03b1\u03b9 \u03c3\u03c5\u03bd\u03c4\u03bf\u03bd\u03b9\u03c3\u03c4\u03ae\u03c2 \u03bb\u03b5\u03b9\u03c4\u03bf\u03c5\u03c1\u03b3\u03b9\u03ba\u03bf\u03cd \u03b6\u03bf\u03b3\u03ba\u03bb\u03b5\u03c1\u03af\u03c3\u03bc\u03b1\u03c4\u03bf\u03c2. \u0395\u03c0\u03b9\u03c0\u03bb\u03ad\u03bf\u03bd, \u03bf Peter \u03ad\u03c7\u03b5\u03b9 \u03c0\u03c4\u03c5\u03c7\u03af\u03bf \u03c3\u03c4\u03b7 \u0394\u03b9\u03b1\u03c4\u03c1\u03bf\u03c6\u03b9\u03ba\u03ae \u0395\u03c0\u03b9\u03c3\u03c4\u03ae\u03bc\u03b7 \u03b1\u03c0\u03cc \u03c4\u03bf \u03a0\u03b1\u03bd\u03b5\u03c0\u03b9\u03c3\u03c4\u03ae\u03bc\u03b9\u03bf Martin Luther Halle \u03b1\u03c0\u03cc \u03c4\u03bf 2020. \u03a9\u03c2 \u03b9\u03b4\u03c1\u03c5\u03c4\u03b9\u03ba\u03cc \u03bc\u03ad\u03bb\u03bf\u03c2 \u03ba\u03b1\u03b9 \u03bc\u03ad\u03bb\u03bf\u03c2 \u03c4\u03bf\u03c5 \u03b4\u03b9\u03bf\u03b9\u03ba\u03b7\u03c4\u03b9\u03ba\u03bf\u03cd \u03c3\u03c5\u03bc\u03b2\u03bf\u03c5\u03bb\u03af\u03bf\u03c5 \u03c4\u03b7\u03c2 NICA e.V., \u03c0\u03c1\u03bf\u03c3\u03c6\u03ad\u03c1\u03b5\u03b9 \u03c4\u03b7\u03bd \u03b5\u03bc\u03c0\u03b5\u03b9\u03c1\u03af\u03b1 \u03ba\u03b1\u03b9 \u03c4\u03bf \u03c0\u03ac\u03b8\u03bf\u03c2 \u03c4\u03bf\u03c5 \u03b3\u03b9\u03b1 \u03c4\u03bf \u03c4\u03c3\u03af\u03c1\u03ba\u03bf \u03ba\u03b1\u03b9 \u03c4\u03b7\u03bd \u03c5\u03b3\u03b5\u03af\u03b1 \u03c3\u03c4\u03bf\u03bd \u03bf\u03c1\u03b3\u03b1\u03bd\u03b9\u03c3\u03bc\u03cc.<\/p>\n<\/div>\n\n\n\n<div class=\"wp-block-group has-transparent-white-background-color has-background is-layout-flow wp-block-group-is-layout-flow\" style=\"padding-top:var(--wp--preset--spacing--40);padding-right:var(--wp--preset--spacing--40);padding-bottom:var(--wp--preset--spacing--40);padding-left:var(--wp--preset--spacing--40)\">\n<figure class=\"wp-block-image aligncenter size-medium is-style-circle\"><img loading=\"lazy\" decoding=\"async\" width=\"300\" height=\"300\" src=\"https:\/\/nica.network\/wp-content\/uploads\/2023\/10\/Lilith-Dekow-300x300.png\" alt=\"\" class=\"wp-image-322\" srcset=\"https:\/\/nica.network\/wp-content\/uploads\/2023\/10\/Lilith-Dekow-300x300.png 300w, https:\/\/nica.network\/wp-content\/uploads\/2023\/10\/Lilith-Dekow-150x150.png 150w, https:\/\/nica.network\/wp-content\/uploads\/2023\/10\/Lilith-Dekow-500x500.png 500w, https:\/\/nica.network\/wp-content\/uploads\/2023\/10\/Lilith-Dekow-12x12.png 12w, https:\/\/nica.network\/wp-content\/uploads\/2023\/10\/Lilith-Dekow.png 756w\" sizes=\"auto, (max-width: 300px) 100vw, 300px\" \/><\/figure>\n\n\n\n<h3 class=\"wp-block-heading\">Lilith Dekow<\/h3>\n\n\n\n<p>\u0397 Lilith Dekow \u03c6\u03ad\u03c1\u03bd\u03b5\u03b9 \u03c3\u03c4\u03b7\u03bd \u03bf\u03bc\u03ac\u03b4\u03b1 \u03ad\u03bd\u03b1 \u03bc\u03b5\u03af\u03b3\u03bc\u03b1 \u03c0\u03bf\u03bb\u03b9\u03c4\u03b9\u03c3\u03c4\u03b9\u03ba\u03ae\u03c2, \u03b4\u03b7\u03bc\u03bf\u03c3\u03b9\u03bf\u03b3\u03c1\u03b1\u03c6\u03b9\u03ba\u03ae\u03c2 \u03ba\u03b1\u03b9 \u03b5\u03ba\u03c0\u03b1\u03b9\u03b4\u03b5\u03c5\u03c4\u03b9\u03ba\u03ae\u03c2 \u03b5\u03bc\u03c0\u03b5\u03b9\u03c1\u03bf\u03b3\u03bd\u03c9\u03bc\u03bf\u03c3\u03cd\u03bd\u03b7\u03c2 \u03c3\u03b5 \u03b8\u03ad\u03bc\u03b1\u03c4\u03b1 \u03c4\u03c3\u03af\u03c1\u03ba\u03bf\u03c5. \u0391\u03c6\u03bf\u03cd \u03b5\u03ba\u03c0\u03b1\u03b9\u03b4\u03b5\u03cd\u03c4\u03b7\u03ba\u03b5 \u03c3\u03c4\u03bf \u03ba\u03bf\u03b9\u03bd\u03c9\u03bd\u03b9\u03ba\u03cc \u03c4\u03c3\u03af\u03c1\u03ba\u03bf \u03bc\u03b5 \u03c4\u03bf Cabuwazi \u03c4\u03bf 2021, \u03b1\u03c5\u03c4\u03ae \u03c4\u03b7 \u03c3\u03c4\u03b9\u03b3\u03bc\u03ae \u03b2\u03c1\u03af\u03c3\u03ba\u03b5\u03c4\u03b1\u03b9 \u03c3\u03c4\u03bf 6\u03bf \u03b5\u03be\u03ac\u03bc\u03b7\u03bd\u03bf \u03c3\u03c0\u03bf\u03c5\u03b4\u03ce\u03bd \u03c4\u03b7\u03c2 \u03c3\u03c4\u03b7\u03bd \u03b5\u03ba\u03c0\u03b1\u03af\u03b4\u03b5\u03c5\u03c3\u03b7 \u03c0\u03bf\u03bb\u03b9\u03c4\u03b9\u03c3\u03bc\u03bf\u03cd+\u03bc\u03ad\u03c3\u03c9\u03bd \u03c3\u03c4\u03bf \u03a0\u03b1\u03bd\u03b5\u03c0\u03b9\u03c3\u03c4\u03ae\u03bc\u03b9\u03bf \u0395\u03c6\u03b1\u03c1\u03bc\u03bf\u03c3\u03bc\u03ad\u03bd\u03c9\u03bd \u0395\u03c0\u03b9\u03c3\u03c4\u03b7\u03bc\u03ce\u03bd \u03c4\u03bf\u03c5 \u039c\u03ad\u03c1\u03c3\u03b5\u03bc\u03c0\u03bf\u03c5\u03c1\u03b3\u03ba. \u03a4\u03bf 2022, \u03bf\u03bb\u03bf\u03ba\u03bb\u03ae\u03c1\u03c9\u03c3\u03b5 \u03b5\u03c0\u03af\u03c3\u03b7\u03c2 \u03c4\u03b7\u03bd \u03b5\u03ba\u03c0\u03b1\u03af\u03b4\u03b5\u03c5\u03c3\u03ae \u03c4\u03b7\u03c2 \u03c9\u03c2 Functional Juggling Facilitator. \u0395\u03ba\u03c4\u03cc\u03c2 \u03b1\u03c0\u03cc \u03c4\u03b9\u03c2 \u03b4\u03b9\u03b4\u03b1\u03ba\u03c4\u03b9\u03ba\u03ad\u03c2 \u03c4\u03b7\u03c2 \u03b9\u03ba\u03b1\u03bd\u03cc\u03c4\u03b7\u03c4\u03b5\u03c2, \u03b7 Lilith \u03b5\u03af\u03bd\u03b1\u03b9 \u03b5\u03c0\u03af\u03c3\u03b7\u03c2 \u03c4\u03b1\u03bb\u03b1\u03bd\u03c4\u03bf\u03cd\u03c7\u03b1 \u03b5\u03bd\u03b1\u03ad\u03c1\u03b9\u03b1 \u03ba\u03b1\u03bb\u03bb\u03b9\u03c4\u03ad\u03c7\u03bd\u03b7\u03c2. \u0395\u03af\u03bd\u03b1\u03b9 \u03c0\u03b5\u03c1\u03ae\u03c6\u03b1\u03bd\u03bf \u03b9\u03b4\u03c1\u03c5\u03c4\u03b9\u03ba\u03cc \u03bc\u03ad\u03bb\u03bf\u03c2 \u03c4\u03b7\u03c2 NICA e.V.<\/p>\n<\/div>\n\n\n\n<div class=\"wp-block-group has-transparent-white-background-color has-background is-layout-flow wp-block-group-is-layout-flow\" style=\"padding-top:var(--wp--preset--spacing--40);padding-right:var(--wp--preset--spacing--40);padding-bottom:var(--wp--preset--spacing--40);padding-left:var(--wp--preset--spacing--40)\">\n<figure class=\"wp-block-image aligncenter size-medium is-style-circle\"><img loading=\"lazy\" decoding=\"async\" width=\"298\" height=\"300\" src=\"https:\/\/nica.network\/wp-content\/uploads\/2023\/10\/Marc-Bielert-298x300.png\" alt=\"\" class=\"wp-image-325\" srcset=\"https:\/\/nica.network\/wp-content\/uploads\/2023\/10\/Marc-Bielert-298x300.png 298w, https:\/\/nica.network\/wp-content\/uploads\/2023\/10\/Marc-Bielert-150x150.png 150w, https:\/\/nica.network\/wp-content\/uploads\/2023\/10\/Marc-Bielert-12x12.png 12w, https:\/\/nica.network\/wp-content\/uploads\/2023\/10\/Marc-Bielert.png 756w\" sizes=\"auto, (max-width: 298px) 100vw, 298px\" \/><\/figure>\n\n\n\n<h3 class=\"wp-block-heading\">Marc Bielert<\/h3>\n\n\n\n<p>\u039f Marc Bielert \u03b5\u03af\u03bd\u03b1\u03b9 \u03ad\u03bc\u03c0\u03b5\u03b9\u03c1\u03bf\u03c2 \u03b5\u03ba\u03c0\u03b1\u03b9\u03b4\u03b5\u03c5\u03c4\u03ae\u03c2 \u03c4\u03c3\u03af\u03c1\u03ba\u03bf\u03c5 \u03ba\u03b1\u03b9 \u03ba\u03b1\u03bb\u03bb\u03b9\u03c4\u03ad\u03c7\u03bd\u03b7\u03c2 \u03c0\u03bf\u03c5 \u03b5\u03b9\u03b4\u03b9\u03ba\u03b5\u03cd\u03b5\u03c4\u03b1\u03b9 \u03c3\u03c4\u03b1 \u03b6\u03bf\u03b3\u03ba\u03bb\u03b5\u03c1\u03b9\u03ba\u03ac. \u039f\u03bb\u03bf\u03ba\u03bb\u03ae\u03c1\u03c9\u03c3\u03b5 \u03c4\u03b7\u03bd \u03b5\u03ba\u03c0\u03b1\u03af\u03b4\u03b5\u03c5\u03c3\u03ae \u03c4\u03bf\u03c5 \u03c3\u03cd\u03bc\u03c6\u03c9\u03bd\u03b1 \u03bc\u03b5 \u03c4\u03bf \u03c0\u03c1\u03cc\u03c4\u03c5\u03c0\u03bf BAGZP \u03c3\u03c4\u03bf ZZB Halle e.V. \u03c4\u03bf 2013. \u03a0\u03b5\u03c1\u03b1\u03b9\u03c4\u03ad\u03c1\u03c9 \u03c0\u03c1\u03bf\u03c3\u03cc\u03bd\u03c4\u03b1 \u03c0\u03b5\u03c1\u03b9\u03bb\u03b1\u03bc\u03b2\u03ac\u03bd\u03bf\u03c5\u03bd \u03c4\u03b7\u03bd \u03c0\u03b9\u03c3\u03c4\u03bf\u03c0\u03bf\u03af\u03b7\u03c3\u03ae \u03c4\u03bf\u03c5 \u03c3\u03c4\u03bf \u03ba\u03bf\u03b9\u03bd\u03c9\u03bd\u03b9\u03ba\u03cc \u03c4\u03c3\u03af\u03c1\u03ba\u03bf, \u03c4\u03b7\u03bd \u03bf\u03c0\u03bf\u03af\u03b1 \u03b1\u03c0\u03ad\u03ba\u03c4\u03b7\u03c3\u03b5 \u03c3\u03c4\u03bf Cabuwazi \u03c4\u03bf 2016, \u03ba\u03b1\u03b9 \u03c4\u03b7\u03bd \u03b5\u03ba\u03c0\u03b1\u03af\u03b4\u03b5\u03c5\u03c3\u03ae \u03c4\u03bf\u03c5 \u03c9\u03c2 Functional Juggling Facilitator \u03c4\u03bf 2018. \u03a0\u03c1\u03cc\u03c3\u03c6\u03b1\u03c4\u03b1, \u03bf\u03bb\u03bf\u03ba\u03bb\u03ae\u03c1\u03c9\u03c3\u03b5 \u03c0\u03b5\u03c1\u03b1\u03b9\u03c4\u03ad\u03c1\u03c9 \u03b5\u03ba\u03c0\u03b1\u03af\u03b4\u03b5\u03c5\u03c3\u03b7 \u03c3\u03c4\u03bf Zirkus Sonnenstich \u03c4\u03bf 2020. \u039f Marc \u03b4\u03b5\u03bd \u03b5\u03af\u03bd\u03b1\u03b9 \u03bc\u03cc\u03bd\u03bf \u03c0\u03b1\u03b8\u03b9\u03b1\u03c3\u03bc\u03ad\u03bd\u03bf\u03c2 \u03b6\u03bf\u03b3\u03ba\u03bb\u03ad\u03c1 \u03b5\u03b4\u03ce \u03ba\u03b1\u03b9 \u03ba\u03b1\u03b9\u03c1\u03cc, \u03b1\u03bb\u03bb\u03ac \u03ba\u03b1\u03b9 \u03b5\u03ba\u03c0\u03c1\u03cc\u03c3\u03c9\u03c0\u03bf\u03c2 \u03c4\u03b7\u03c2 \u03c3\u03c5\u03bb\u03bb\u03bf\u03b3\u03b9\u03ba\u03cc\u03c4\u03b7\u03c4\u03b1\u03c2 QuatProp \u03ba\u03b1\u03b9 \u03c4\u03bf\u03c5 Functional Juggling \u03c3\u03c4\u03b7 \u0393\u03b5\u03c1\u03bc\u03b1\u03bd\u03af\u03b1. \u03a9\u03c2 \u03b9\u03b4\u03c1\u03c5\u03c4\u03b9\u03ba\u03cc \u03bc\u03ad\u03bb\u03bf\u03c2 \u03ba\u03b1\u03b9 \u03bc\u03ad\u03bb\u03bf\u03c2 \u03c4\u03bf\u03c5 \u03b4\u03b9\u03bf\u03b9\u03ba\u03b7\u03c4\u03b9\u03ba\u03bf\u03cd \u03c3\u03c5\u03bc\u03b2\u03bf\u03c5\u03bb\u03af\u03bf\u03c5 \u03c4\u03b7\u03c2 NICA e.V., \u03ad\u03c7\u03b5\u03b9 \u03b5\u03c0\u03af\u03c3\u03b7\u03c2 \u03b4\u03b5\u03c3\u03bc\u03b5\u03c5\u03c4\u03b5\u03af \u03b3\u03b9\u03b1 \u03c4\u03b7\u03bd \u03c0\u03c1\u03bf\u03ce\u03b8\u03b7\u03c3\u03b7 \u03c4\u03c9\u03bd \u03c4\u03b5\u03c7\u03bd\u03ce\u03bd \u03c4\u03bf\u03c5 \u03c4\u03c3\u03af\u03c1\u03ba\u03bf\u03c5.<\/p>\n<\/div>\n<\/div>","protected":false},"excerpt":{"rendered":"<p>Unser Team Das Team von NICA e.V. setzt sich aus einer Gruppe engagierter und qualifizierter Fachleute zusammen, die ihre einzigartigen F\u00e4higkeiten und Leidenschaften einbringen, um die Welt der Zirkuskunst zu f\u00f6rdern und zu verbreiten. Mit einer vielf\u00e4ltigen Mischung aus p\u00e4dagogischen, artistischen und wissenschaftlichen Hintergr\u00fcnden bietet unser Team ein umfangreiches und interdisziplin\u00e4res Training an. Jedes Mitglied [&hellip;]<\/p>\n","protected":false},"author":1,"featured_media":0,"parent":0,"menu_order":0,"comment_status":"closed","ping_status":"closed","template":"","meta":{"footnotes":""},"class_list":["post-193","page","type-page","status-publish","hentry"],"_links":{"self":[{"href":"https:\/\/nica.network\/el\/wp-json\/wp\/v2\/pages\/193","targetHints":{"allow":["GET"]}}],"collection":[{"href":"https:\/\/nica.network\/el\/wp-json\/wp\/v2\/pages"}],"about":[{"href":"https:\/\/nica.network\/el\/wp-json\/wp\/v2\/types\/page"}],"author":[{"embeddable":true,"href":"https:\/\/nica.network\/el\/wp-json\/wp\/v2\/users\/1"}],"replies":[{"embeddable":true,"href":"https:\/\/nica.network\/el\/wp-json\/wp\/v2\/comments?post=193"}],"version-history":[{"count":27,"href":"https:\/\/nica.network\/el\/wp-json\/wp\/v2\/pages\/193\/revisions"}],"predecessor-version":[{"id":656,"href":"https:\/\/nica.network\/el\/wp-json\/wp\/v2\/pages\/193\/revisions\/656"}],"wp:attachment":[{"href":"https:\/\/nica.network\/el\/wp-json\/wp\/v2\/media?parent=193"}],"curies":[{"name":"wp","href":"https:\/\/api.w.org\/{rel}","templated":true}]}}